{"id":28565,"date":"2021-10-22T20:29:09","date_gmt":"2021-10-22T17:29:09","guid":{"rendered":"https:\/\/hookahshop.lt\/?post_type=product&#038;p=28565"},"modified":"2026-05-14T23:29:18","modified_gmt":"2026-05-14T20:29:18","slug":"sakute-kaljano-tabakui-hoob-fork-black","status":"publish","type":"product","link":"https:\/\/hookahshop.lt\/pl\/produkt\/sakute-szisza-tyton-hoob-widelec-czarny\/","title":{"rendered":"Hak do haka na tyto\u0144 HOOB Widelec Czarny"},"content":{"rendered":"<h2>Hak do haka na tyto\u0144 HOOB Widelec Czarny<\/h2>\n<p>Zapakuj idealn\u0105 fili\u017cank\u0119 czystymi r\u0119kami.<br \/>\nWidelec do fajki wodnej wykonany jest ze stali nierdzewnej 100%<\/p>\n<p>D\u0142ugo\u015b\u0107: 14 cm<br \/>\nWygodny kszta\u0142t<br \/>\nOtw\u00f3r na brelok<\/p>\n<p>Czy masz jakie\u015b pytania? Skontaktuj si\u0119 z nami\u00a0<a href=\"https:\/\/hookahshop.lt\/pl\/lacznosc\/\">strona z kontaktami<\/a>\u00a0lub napisz do nas na adres\u00a0<a href=\"https:\/\/facebook.com\/HookahShop.lt\/\" target=\"_blank\" rel=\"noopener noreferrer\">konto na Facebooku<\/a>\u00a0a my odpowiemy na Twoj\u0105 pro\u015bb\u0119 tego samego dnia.<\/p>\n<p>&nbsp;<\/p>","protected":false},"excerpt":{"rendered":"<p>Widelec do fajki wodnej Widelec HOOB Black Pack to idealna fili\u017canka zapewniaj\u0105ca czyste d\u0142onie. Widelec do fajki wodnej wykonany jest ze stali nierdzewnej 100% D\u0142ugo\u015b\u0107: 14 cm Wygodny kszta\u0142t Otw\u00f3r na brelok do kluczy Masz pytania? Skontaktuj si\u0119 z nami na stronie kontaktowej lub napisz do nas na naszym koncie na Facebooku, a my odpowiemy na Twoj\u0105 pro\u015bb\u0119 jeszcze tego samego dnia. &nbsp;<\/p>","protected":false},"featured_media":28567,"comment_status":"open","ping_status":"closed","template":"","meta":[],"_links":{"self":[{"href":"https:\/\/hookahshop.lt\/pl\/wp-json\/wp\/v2\/product\/28565"}],"collection":[{"href":"https:\/\/hookahshop.lt\/pl\/wp-json\/wp\/v2\/product"}],"about":[{"href":"https:\/\/hookahshop.lt\/pl\/wp-json\/wp\/v2\/types\/product"}],"replies":[{"embeddable":true,"href":"https:\/\/hookahshop.lt\/pl\/wp-json\/wp\/v2\/comments?post=28565"}],"version-history":[{"count":4,"href":"https:\/\/hookahshop.lt\/pl\/wp-json\/wp\/v2\/product\/28565\/revisions"}],"predecessor-version":[{"id":28570,"href":"https:\/\/hookahshop.lt\/pl\/wp-json\/wp\/v2\/product\/28565\/revisions\/28570"}],"wp:featuredmedia":[{"embeddable":true,"href":"https:\/\/hookahshop.lt\/pl\/wp-json\/wp\/v2\/media\/28567"}],"wp:attachment":[{"href":"https:\/\/hookahshop.lt\/pl\/wp-json\/wp\/v2\/media?parent=28565"}],"curies":[{"name":"wp","href":"https:\/\/api.w.org\/{rel}","templated":true}]}}