{"id":28571,"date":"2021-10-22T20:34:57","date_gmt":"2021-10-22T17:34:57","guid":{"rendered":"https:\/\/hookahshop.lt\/?post_type=product&#038;p=28571"},"modified":"2026-04-17T16:33:17","modified_gmt":"2026-04-17T13:33:17","slug":"sakute-kaljano-tabakui-hoob-fork-stainless-steel","status":"publish","type":"product","link":"https:\/\/hookahshop.lt\/pl\/produkt\/sakute-szisza-tyton-hoob-widelec-stal-nierdzewna\/","title":{"rendered":"Hak do haka na tyto\u0144 HOOB Widelec Stal nierdzewna"},"content":{"rendered":"<h2>Hak do haka na tyto\u0144 HOOB Widelec Stal nierdzewna<\/h2>\n<p>Zapakuj idealn\u0105 fili\u017cank\u0119 czystymi r\u0119kami.<br \/>\nWidelec do fajki wodnej wykonany jest ze stali nierdzewnej 100%<\/p>\n<p>D\u0142ugo\u015b\u0107: 14 cm<br \/>\nWygodny kszta\u0142t<br \/>\nOtw\u00f3r na brelok<\/p>\n<p>Czy masz jakie\u015b pytania? Skontaktuj si\u0119 z nami\u00a0<a href=\"https:\/\/hookahshop.lt\/pl\/lacznosc\/\">strona z kontaktami<\/a>\u00a0lub napisz do nas na adres\u00a0<a href=\"https:\/\/facebook.com\/HookahShop.lt\/\" target=\"_blank\" rel=\"noopener noreferrer\">konto na Facebooku<\/a>\u00a0a my odpowiemy na Twoj\u0105 pro\u015bb\u0119 tego samego dnia.<\/p>\n<p>&nbsp;<\/p>","protected":false},"excerpt":{"rendered":"<p>Widelec do tytoniu do fajki wodnej Widelec HOOB Stal nierdzewna Przygotuj idealn\u0105 fili\u017cank\u0119 czystymi r\u0119kami. Widelec do fajki wodnej wykonany jest ze stali nierdzewnej 100% D\u0142ugo\u015b\u0107: 14 cm Wygodny kszta\u0142t Otw\u00f3r na brelok do kluczy Masz pytania? Skontaktuj si\u0119 z nami na stronie kontaktowej lub napisz do nas na Facebooku, a my odpowiemy na Twoj\u0105 pro\u015bb\u0119 jeszcze tego samego dnia. &nbsp;<\/p>","protected":false},"featured_media":28572,"comment_status":"open","ping_status":"closed","template":"","meta":[],"_links":{"self":[{"href":"https:\/\/hookahshop.lt\/pl\/wp-json\/wp\/v2\/product\/28571"}],"collection":[{"href":"https:\/\/hookahshop.lt\/pl\/wp-json\/wp\/v2\/product"}],"about":[{"href":"https:\/\/hookahshop.lt\/pl\/wp-json\/wp\/v2\/types\/product"}],"replies":[{"embeddable":true,"href":"https:\/\/hookahshop.lt\/pl\/wp-json\/wp\/v2\/comments?post=28571"}],"version-history":[{"count":4,"href":"https:\/\/hookahshop.lt\/pl\/wp-json\/wp\/v2\/product\/28571\/revisions"}],"predecessor-version":[{"id":29876,"href":"https:\/\/hookahshop.lt\/pl\/wp-json\/wp\/v2\/product\/28571\/revisions\/29876"}],"wp:featuredmedia":[{"embeddable":true,"href":"https:\/\/hookahshop.lt\/pl\/wp-json\/wp\/v2\/media\/28572"}],"wp:attachment":[{"href":"https:\/\/hookahshop.lt\/pl\/wp-json\/wp\/v2\/media?parent=28571"}],"curies":[{"name":"wp","href":"https:\/\/api.w.org\/{rel}","templated":true}]}}