{"id":28582,"date":"2021-10-22T21:31:16","date_gmt":"2021-10-22T18:31:16","guid":{"rendered":"https:\/\/hookahshop.lt\/?post_type=product&#038;p=28582"},"modified":"2026-04-17T16:33:16","modified_gmt":"2026-04-17T13:33:16","slug":"krepsys-kaljanui-hoob-cyber-mini","status":"publish","type":"product","link":"https:\/\/hookahshop.lt\/pl\/produkt\/kosze-na-szisze-hoob-cyber-mini\/","title":{"rendered":"Torba na rzep HOOB Cyber Mini"},"content":{"rendered":"<h2>Torba na rzep HOOB Cyber Mini<\/h2>\n<p>Torba z odblaskow\u0105 powierzchni\u0105 torby jest przeznaczona do bezpiecznego przechowywania i przenoszenia fajki wodnej, tytoniu i drobnych akcesori\u00f3w.<\/p>\n<div class=\"product attribute overview\">Torba przeznaczona na fajki wodne o wysoko\u015bci do 55 cm.<\/div>\n<div class=\"product attribute overview\"><strong>Specyfikacja:<\/strong><br \/>\nMateria\u0142: odblaskowy<br \/>\n\u015aciany odporne na uderzenia<br \/>\nWymiary: 35 x 50 cm<br \/>\nCyberprojekt<\/div>\n<div><\/div>\n<div class=\"product attribute overview\">Czy masz jakie\u015b pytania? Skontaktuj si\u0119 z nami\u00a0<a href=\"https:\/\/hookahshop.lt\/pl\/lacznosc\/\">strona z kontaktami<\/a>\u00a0lub napisz do nas na adres\u00a0<a href=\"https:\/\/facebook.com\/HookahShop.lt\/\" target=\"_blank\" rel=\"noopener noreferrer\">konto na Facebooku<\/a> a my odpowiemy na Twoj\u0105 pro\u015bb\u0119 tego samego dnia.<\/div>","protected":false},"excerpt":{"rendered":"<p>Torba na fajki wodne HOOB Cyber Mini Bag z odblaskow\u0105 powierzchni\u0105 torby przeznaczona jest do bezpiecznego przechowywania i przenoszenia fajki wodnej, tytoniu i drobnych akcesori\u00f3w. Torba przeznaczona jest na fajk\u0119 wodn\u0105 o wysoko\u015bci do 55 cm. Specyfikacja: Materia\u0142: Odblaskowe, odporne na wstrz\u0105sy \u015bciany Wymiary: 35 x 50 cm Cyber-projekt Pytania? Skontaktuj si\u0119 z nami na stronie kontaktowej lub napisz do nas na naszym koncie na Facebooku, a my odpowiemy [\u2026]<\/p>","protected":false},"featured_media":28583,"comment_status":"open","ping_status":"closed","template":"","meta":[],"_links":{"self":[{"href":"https:\/\/hookahshop.lt\/pl\/wp-json\/wp\/v2\/product\/28582"}],"collection":[{"href":"https:\/\/hookahshop.lt\/pl\/wp-json\/wp\/v2\/product"}],"about":[{"href":"https:\/\/hookahshop.lt\/pl\/wp-json\/wp\/v2\/types\/product"}],"replies":[{"embeddable":true,"href":"https:\/\/hookahshop.lt\/pl\/wp-json\/wp\/v2\/comments?post=28582"}],"version-history":[{"count":19,"href":"https:\/\/hookahshop.lt\/pl\/wp-json\/wp\/v2\/product\/28582\/revisions"}],"predecessor-version":[{"id":29592,"href":"https:\/\/hookahshop.lt\/pl\/wp-json\/wp\/v2\/product\/28582\/revisions\/29592"}],"wp:featuredmedia":[{"embeddable":true,"href":"https:\/\/hookahshop.lt\/pl\/wp-json\/wp\/v2\/media\/28583"}],"wp:attachment":[{"href":"https:\/\/hookahshop.lt\/pl\/wp-json\/wp\/v2\/media?parent=28582"}],"curies":[{"name":"wp","href":"https:\/\/api.w.org\/{rel}","templated":true}]}}