{"id":28595,"date":"2021-10-22T21:45:35","date_gmt":"2021-10-22T18:45:35","guid":{"rendered":"https:\/\/hookahshop.lt\/?post_type=product&#038;p=28595"},"modified":"2026-04-16T10:21:11","modified_gmt":"2026-04-16T07:21:11","slug":"krepsys-kaljanui-hoob-mini-black","status":"publish","type":"product","link":"https:\/\/hookahshop.lt\/pl\/produkt\/kosze-na-szisze-hoob-mini-czarne\/","title":{"rendered":"Torba z haczykiem HOOB Mini Czarna"},"content":{"rendered":"<h2>Torba z haczykiem HOOB Mini Czarna<\/h2>\n<p>Torba jest przeznaczona do bezpiecznego przechowywania i przenoszenia fajki wodnej, tytoniu i drobnych akcesori\u00f3w. Z wy\u015bcie\u0142anym, pikowanym nylonowym korpusem i wytrzyma\u0142ym paskiem na rami\u0119.<br \/>\nTorba przeznaczona na fajki wodne o wysoko\u015bci do 55 cm.<\/p>\n<p>Specyfikacja:<br \/>\nMateria\u0142: sk\u00f3ra naturalna i materia\u0142<br \/>\n\u015aciany odporne na uderzenia<br \/>\nWymiary: 35 x 50 cm<br \/>\nCyberprojekt<\/p>\n<p>Czy masz jakie\u015b pytania? Skontaktuj si\u0119 z nami <a href=\"https:\/\/hookahshop.lt\/pl\/lacznosc\/\">strona z kontaktami<\/a>\u00a0lub napisz do nas na adres\u00a0<a href=\"https:\/\/facebook.com\/HookahShop.lt\/\" target=\"_blank\" rel=\"noopener noreferrer\">konto na Facebooku<\/a>\u00a0a my odpowiemy na Twoj\u0105 pro\u015bb\u0119 tego samego dnia.<\/p>","protected":false},"excerpt":{"rendered":"<p>Torba na fajki wodne HOOB Mini Black Torba przeznaczona do bezpiecznego przechowywania i przenoszenia fajki wodnej, tytoniu i drobnych akcesori\u00f3w. Z wy\u015bcie\u0142anym, pikowanym nylonowym korpusem i trwa\u0142ym paskiem na rami\u0119. Torba przeznaczona jest na fajk\u0119 wodn\u0105 o wysoko\u015bci do 55 cm. Specyfikacja: Materia\u0142: Sk\u00f3ra naturalna i materia\u0142 \u015aciany odporne na wstrz\u0105sy Wymiary: 35 x 50 cm Cyber design Pytania? Skontaktuj si\u0119 z nami poprzez nasz kontakt [\u2026]<\/p>","protected":false},"featured_media":28611,"comment_status":"open","ping_status":"closed","template":"","meta":[],"_links":{"self":[{"href":"https:\/\/hookahshop.lt\/pl\/wp-json\/wp\/v2\/product\/28595"}],"collection":[{"href":"https:\/\/hookahshop.lt\/pl\/wp-json\/wp\/v2\/product"}],"about":[{"href":"https:\/\/hookahshop.lt\/pl\/wp-json\/wp\/v2\/types\/product"}],"replies":[{"embeddable":true,"href":"https:\/\/hookahshop.lt\/pl\/wp-json\/wp\/v2\/comments?post=28595"}],"version-history":[{"count":12,"href":"https:\/\/hookahshop.lt\/pl\/wp-json\/wp\/v2\/product\/28595\/revisions"}],"predecessor-version":[{"id":29595,"href":"https:\/\/hookahshop.lt\/pl\/wp-json\/wp\/v2\/product\/28595\/revisions\/29595"}],"wp:featuredmedia":[{"embeddable":true,"href":"https:\/\/hookahshop.lt\/pl\/wp-json\/wp\/v2\/media\/28611"}],"wp:attachment":[{"href":"https:\/\/hookahshop.lt\/pl\/wp-json\/wp\/v2\/media?parent=28595"}],"curies":[{"name":"wp","href":"https:\/\/api.w.org\/{rel}","templated":true}]}}