{"id":28637,"date":"2021-10-22T22:44:08","date_gmt":"2021-10-22T19:44:08","guid":{"rendered":"https:\/\/hookahshop.lt\/?post_type=product&#038;p=28637"},"modified":"2026-04-16T10:21:16","modified_gmt":"2026-04-16T07:21:16","slug":"taurele-kaljanui-mexanika-smoke-classic-black","status":"publish","type":"product","link":"https:\/\/hookahshop.lt\/pl\/produkt\/kubek-do-sziszy-meksanika-dymnej-klasycznej-czarnej\/","title":{"rendered":"Kubek do fajki wodnej MEXANIKA Smoke Classic Black"},"content":{"rendered":"<h2>Kubek do fajki wodnej MEXANIKA Smoke Classic Black<\/h2>\n<p>Ten kubek na fajk\u0119 wodn\u0105 to klasyczny czarny styl z metalowym pier\u015bcieniem z logo, kt\u00f3ry zapobiega upadkowi podczas upadku. Wewn\u0105trz wie\u017cy znajduje si\u0119 pi\u0119\u0107 otwor\u00f3w. W wyniku takiego rozmieszczenia otwor\u00f3w, tyto\u0144 do palenia jest bardziej r\u00f3wnomierny i do kolby nie dostaje si\u0119 syrop. Kubek wykonany jest z p\u00f3\u0142marmuru i wypalany w temperaturze 1200 stopni. Pier\u015bcionek wykonany jest ze stali nierdzewnej AISI 304. Zu\u017cycie tytoniu to oko\u0142o 18-20 gram\u00f3w.<\/p>\n<p><strong>Charakterystyka:<\/strong><br \/>\nWysoko\u015b\u0107: 100mm<br \/>\n\u015arednica (zewn\u0119trzna): 74 mm<br \/>\n\u015arednica (wewn\u0119trzna): 65 mm<br \/>\nG\u0142\u0119boko\u015b\u0107: 19 mm<br \/>\n\u015arednica otworu: 8 mm<br \/>\nLiczba otwor\u00f3w: 5 szt<br \/>\nWaga: oko\u0142o 280g<\/p>\n<p>Czy masz jakie\u015b pytania? Skontaktuj si\u0119 z nami\u00a0<a href=\"https:\/\/hookahshop.lt\/pl\/lacznosc\/\">strona z kontaktami<\/a>\u00a0lub napisz do nas na adres\u00a0<a href=\"https:\/\/facebook.com\/HookahShop.lt\/\" target=\"_blank\" rel=\"noopener noreferrer\">konto na Facebooku<\/a>\u00a0a my odpowiemy na Twoj\u0105 pro\u015bb\u0119 tego samego dnia.<\/p>","protected":false},"excerpt":{"rendered":"<p>Fili\u017canka do fajki wodnej MEXANIKA Smoke Classic Black Ta fili\u017canka do fajki wodnej ma klasyczny czarny styl z markowym metalowym pier\u015bcieniem, kt\u00f3ry zapobiega zmia\u017cd\u017ceniu po upuszczeniu. W wewn\u0119trznej cz\u0119\u015bci wie\u017cy znajduje si\u0119 pi\u0119\u0107 otwor\u00f3w. Dzi\u0119ki takiemu rozmieszczeniu otwor\u00f3w tyto\u0144 do palenia jest bardziej jednolity, a syrop nie przedostaje si\u0119 do kolby. Kubek wykonany jest z p\u00f3\u0142marmuru, wypalany w temperaturze 1200 stopni. Pier\u015bcie\u0144 wykonany jest ze stali nierdzewnej [...]<\/p>","protected":false},"featured_media":28643,"comment_status":"open","ping_status":"closed","template":"","meta":[],"_links":{"self":[{"href":"https:\/\/hookahshop.lt\/pl\/wp-json\/wp\/v2\/product\/28637"}],"collection":[{"href":"https:\/\/hookahshop.lt\/pl\/wp-json\/wp\/v2\/product"}],"about":[{"href":"https:\/\/hookahshop.lt\/pl\/wp-json\/wp\/v2\/types\/product"}],"replies":[{"embeddable":true,"href":"https:\/\/hookahshop.lt\/pl\/wp-json\/wp\/v2\/comments?post=28637"}],"version-history":[{"count":5,"href":"https:\/\/hookahshop.lt\/pl\/wp-json\/wp\/v2\/product\/28637\/revisions"}],"predecessor-version":[{"id":39812,"href":"https:\/\/hookahshop.lt\/pl\/wp-json\/wp\/v2\/product\/28637\/revisions\/39812"}],"wp:featuredmedia":[{"embeddable":true,"href":"https:\/\/hookahshop.lt\/pl\/wp-json\/wp\/v2\/media\/28643"}],"wp:attachment":[{"href":"https:\/\/hookahshop.lt\/pl\/wp-json\/wp\/v2\/media?parent=28637"}],"curies":[{"name":"wp","href":"https:\/\/api.w.org\/{rel}","templated":true}]}}