{"id":28653,"date":"2021-10-22T22:41:14","date_gmt":"2021-10-22T19:41:14","guid":{"rendered":"https:\/\/hookahshop.lt\/?post_type=product&#038;p=28653"},"modified":"2026-04-14T23:29:19","modified_gmt":"2026-04-14T20:29:19","slug":"taurele-kaljanui-solaris-dark-matter","status":"publish","type":"product","link":"https:\/\/hookahshop.lt\/pl\/produkt\/kubek-szisza-solaris-ciemna-materia\/","title":{"rendered":"Kubek do fajki wodnej SOLARIS Dark Matter"},"content":{"rendered":"<h2>Kubek do fajki wodnej SOLARIS Dark Matter<\/h2>\n<p>Kubki do fajki wodnej Solaris s\u0105 w ca\u0142o\u015bci wykonane r\u0119cznie. Kubki wykonane s\u0105 z gliny i fajansu. Do produkcji kubk\u00f3w wykorzystywane s\u0105 wy\u0142\u0105cznie naturalne i przyjazne dla \u015brodowiska materia\u0142y. Od innych misek r\u00f3\u017cni si\u0119 tym, \u017ce jest bardziej odporna na wilgo\u0107. Zastosowanie technologii mlecznej do glinki czerwonej daje ciekawy efekt zewn\u0119trzny, oryginalny design.<\/p>\n<p>Czy masz jakie\u015b pytania? Skontaktuj si\u0119 z nami\u00a0<a href=\"https:\/\/hookahshop.lt\/pl\/lacznosc\/\">strona z kontaktami<\/a>\u00a0lub napisz do nas na adres\u00a0<a href=\"https:\/\/facebook.com\/HookahShop.lt\/\" target=\"_blank\" rel=\"noopener noreferrer\">konto na Facebooku<\/a>\u00a0a my odpowiemy na Twoj\u0105 pro\u015bb\u0119 tego samego dnia.<\/p>","protected":false},"excerpt":{"rendered":"<p>Kubek na fajk\u0119 wodn\u0105 SOLARIS Dark Matter Kubki na fajk\u0119 wodn\u0105 Solaris s\u0105 wykonane w ca\u0142o\u015bci r\u0119cznie. Kubki wykonane s\u0105 z gliny i naczy\u0144 ceramicznych. Do produkcji kubk\u00f3w wykorzystywane s\u0105 wy\u0142\u0105cznie naturalne i przyjazne dla \u015brodowiska materia\u0142y. R\u00f3\u017cni si\u0119 od innych misek tym, \u017ce jest bardziej odporna na wilgo\u0107. Zastosowanie technologii mlecznej do glinki czerwonej daje ciekawy efekt zewn\u0119trzny, oryginalny design. Czy masz jakie\u015b pytania? Skontaktuj si\u0119 z nami na stronie kontaktowej lub napisz [...]<\/p>","protected":false},"featured_media":28667,"comment_status":"open","ping_status":"closed","template":"","meta":[],"_links":{"self":[{"href":"https:\/\/hookahshop.lt\/pl\/wp-json\/wp\/v2\/product\/28653"}],"collection":[{"href":"https:\/\/hookahshop.lt\/pl\/wp-json\/wp\/v2\/product"}],"about":[{"href":"https:\/\/hookahshop.lt\/pl\/wp-json\/wp\/v2\/types\/product"}],"replies":[{"embeddable":true,"href":"https:\/\/hookahshop.lt\/pl\/wp-json\/wp\/v2\/comments?post=28653"}],"version-history":[{"count":5,"href":"https:\/\/hookahshop.lt\/pl\/wp-json\/wp\/v2\/product\/28653\/revisions"}],"predecessor-version":[{"id":43487,"href":"https:\/\/hookahshop.lt\/pl\/wp-json\/wp\/v2\/product\/28653\/revisions\/43487"}],"wp:featuredmedia":[{"embeddable":true,"href":"https:\/\/hookahshop.lt\/pl\/wp-json\/wp\/v2\/media\/28667"}],"wp:attachment":[{"href":"https:\/\/hookahshop.lt\/pl\/wp-json\/wp\/v2\/media?parent=28653"}],"curies":[{"name":"wp","href":"https:\/\/api.w.org\/{rel}","templated":true}]}}