{"id":28699,"date":"2021-10-25T15:08:12","date_gmt":"2021-10-25T12:08:12","guid":{"rendered":"https:\/\/hookahshop.lt\/?post_type=product&#038;p=28699"},"modified":"2026-04-18T23:28:36","modified_gmt":"2026-04-18T20:28:36","slug":"gaubtas-taureles-kaitinimui-y-k-a-p","status":"publish","type":"product","link":"https:\/\/hookahshop.lt\/pl\/produkt\/kaptur-kubki-do-grzania-ykap\/","title":{"rendered":"Kubek do podgrzewania kubka YKAP"},"content":{"rendered":"<h2>Kubek do podgrzewania kubka YKAP<\/h2>\n<p>Dzi\u0119ki kapturowi mo\u017cesz cieszy\u0107 si\u0119 fajk\u0105 wodn\u0105 nawet na \u015bwie\u017cym powietrzu bez obawy, \u017ce wiatr zdmuchnie w\u0119giel. W razie potrzeby zdejmowany pokrowiec pozwoli na dodanie wi\u0119kszej ilo\u015bci w\u0119gla drzewnego.<br \/>\nPonadto ten produkt YKAP jest uniwersalny - nadaje si\u0119 do wszystkich rodzaj\u00f3w fajek wodnych i szklanek.<\/p>\n<p>Okap do podgrzewania fili\u017canek \u201eYKAP\u201d s\u0142u\u017cy jednocze\u015bnie do kilku cel\u00f3w:<br \/>\nKontrola ciep\u0142a;<br \/>\nPrzed\u0142u\u017cony czas spalania w\u0119gla;<br \/>\nOchrona przed wiatrem.<\/p>\n<p>Materia\u0142: Stal nierdzewna<br \/>\nKraj pochodzenia: Rosja<\/p>\n<p>Czy masz jakie\u015b pytania? Skontaktuj si\u0119 z nami <a href=\"https:\/\/hookahshop.lt\/pl\/lacznosc\/\">strona z kontaktami<\/a>\u00a0lub napisz do nas na adres\u00a0<a href=\"https:\/\/facebook.com\/HookahShop.lt\/\" target=\"_blank\" rel=\"noopener noreferrer\">konto na Facebooku<\/a>\u00a0a my odpowiemy na Twoj\u0105 pro\u015bb\u0119 tego samego dnia.<\/p>","protected":false},"excerpt":{"rendered":"<p>Okap do podgrzewania fili\u017canek YKAP Dzi\u0119ki kapturowi mo\u017cesz cieszy\u0107 si\u0119 fajk\u0105 wodn\u0105 nawet na \u015bwie\u017cym powietrzu, bez obawy, \u017ce wiatr rozwieje w\u0119gle. Zdejmowana nasadka pozwoli w razie potrzeby dorzuci\u0107 wi\u0119cej w\u0119gla. Ponadto ten produkt YKAP jest uniwersalny - nadaje si\u0119 do wszystkich rodzaj\u00f3w fajek wodnych i szklanek. Okap do podgrzewania fili\u017canek \u201eYKAP\u201d s\u0142u\u017cy jednocze\u015bnie do kilku cel\u00f3w: Kontrola ciep\u0142a; Wyd\u0142u\u017cony czas spalania w\u0119gla; Ochrona [\u2026]<\/p>","protected":false},"featured_media":28901,"comment_status":"open","ping_status":"closed","template":"","meta":[],"_links":{"self":[{"href":"https:\/\/hookahshop.lt\/pl\/wp-json\/wp\/v2\/product\/28699"}],"collection":[{"href":"https:\/\/hookahshop.lt\/pl\/wp-json\/wp\/v2\/product"}],"about":[{"href":"https:\/\/hookahshop.lt\/pl\/wp-json\/wp\/v2\/types\/product"}],"replies":[{"embeddable":true,"href":"https:\/\/hookahshop.lt\/pl\/wp-json\/wp\/v2\/comments?post=28699"}],"version-history":[{"count":8,"href":"https:\/\/hookahshop.lt\/pl\/wp-json\/wp\/v2\/product\/28699\/revisions"}],"predecessor-version":[{"id":43454,"href":"https:\/\/hookahshop.lt\/pl\/wp-json\/wp\/v2\/product\/28699\/revisions\/43454"}],"wp:featuredmedia":[{"embeddable":true,"href":"https:\/\/hookahshop.lt\/pl\/wp-json\/wp\/v2\/media\/28901"}],"wp:attachment":[{"href":"https:\/\/hookahshop.lt\/pl\/wp-json\/wp\/v2\/media?parent=28699"}],"curies":[{"name":"wp","href":"https:\/\/api.w.org\/{rel}","templated":true}]}}