{"id":28705,"date":"2021-10-25T15:15:46","date_gmt":"2021-10-25T12:15:46","guid":{"rendered":"https:\/\/hookahshop.lt\/?post_type=product&#038;p=28705"},"modified":"2026-04-14T23:29:01","modified_gmt":"2026-04-14T20:29:01","slug":"kandiklis-kaljanui-hoob-smpl-wenge","status":"publish","type":"product","link":"https:\/\/hookahshop.lt\/pl\/produkt\/ustnik-szisza-hoob-smpl-wenge\/","title":{"rendered":"Haczyk do fajki wodnej HOOB SMPL Wenge"},"content":{"rendered":"<h2>Haczyk do fajki wodnej HOOB SMPL Wenge<\/h2>\n<p>Wykonany z drewna i stali nierdzewnej z ko\u0144c\u00f3wkami. Nadaje si\u0119 do wszystkich w\u0119\u017cy silikonowych o \u015brednicy wewn\u0119trznej 10-11mm.<\/p>\n<p><strong>Specyfikacja:<\/strong><br \/>\nD\u0142ugo\u015b\u0107: 30 cm<br \/>\nMateria\u0142: stal nierdzewna z dekoracj\u0105 drewnian\u0105<\/p>\n<p>Czy masz jakie\u015b pytania? Skontaktuj si\u0119 z nami <a href=\"https:\/\/hookahshop.lt\/pl\/lacznosc\/\">strona z kontaktami<\/a>\u00a0lub napisz do nas na adres\u00a0<a href=\"https:\/\/facebook.com\/HookahShop.lt\/\" target=\"_blank\" rel=\"noopener noreferrer\">konto na Facebooku<\/a>\u00a0a my odpowiemy na Twoj\u0105 pro\u015bb\u0119 tego samego dnia.<\/p>","protected":false},"excerpt":{"rendered":"<p>Ustnik do fajki wodnej HOOB SMPL Wenge Wykonany z drewna i ko\u0144c\u00f3wek ze stali nierdzewnej. Pasuje do wszystkich w\u0119\u017cy silikonowych o \u015brednicy wewn\u0119trznej 10-11mm. Specyfikacja: D\u0142ugo\u015b\u0107: 30cm Materia\u0142: Stal nierdzewna z dekoracj\u0105 z drewna Masz pytania? Skontaktuj si\u0119 z nami na stronie kontaktowej lub napisz do nas na naszym koncie na Facebooku, a my odpowiemy na Twoj\u0105 pro\u015bb\u0119 jeszcze tego samego dnia.<\/p>","protected":false},"featured_media":28707,"comment_status":"open","ping_status":"closed","template":"","meta":[],"_links":{"self":[{"href":"https:\/\/hookahshop.lt\/pl\/wp-json\/wp\/v2\/product\/28705"}],"collection":[{"href":"https:\/\/hookahshop.lt\/pl\/wp-json\/wp\/v2\/product"}],"about":[{"href":"https:\/\/hookahshop.lt\/pl\/wp-json\/wp\/v2\/types\/product"}],"replies":[{"embeddable":true,"href":"https:\/\/hookahshop.lt\/pl\/wp-json\/wp\/v2\/comments?post=28705"}],"version-history":[{"count":5,"href":"https:\/\/hookahshop.lt\/pl\/wp-json\/wp\/v2\/product\/28705\/revisions"}],"predecessor-version":[{"id":32591,"href":"https:\/\/hookahshop.lt\/pl\/wp-json\/wp\/v2\/product\/28705\/revisions\/32591"}],"wp:featuredmedia":[{"embeddable":true,"href":"https:\/\/hookahshop.lt\/pl\/wp-json\/wp\/v2\/media\/28707"}],"wp:attachment":[{"href":"https:\/\/hookahshop.lt\/pl\/wp-json\/wp\/v2\/media?parent=28705"}],"curies":[{"name":"wp","href":"https:\/\/api.w.org\/{rel}","templated":true}]}}