{"id":28713,"date":"2021-10-25T15:23:16","date_gmt":"2021-10-25T12:23:16","guid":{"rendered":"https:\/\/hookahshop.lt\/?post_type=product&#038;p=28713"},"modified":"2026-04-18T23:28:53","modified_gmt":"2026-04-18T20:28:53","slug":"kandiklis-kaljanui-maklaud-skull","status":"publish","type":"product","link":"https:\/\/hookahshop.lt\/pl\/produkt\/ustnik-do-fajki-maklaud-czaszki\/","title":{"rendered":"Ustnik do fajki wodnej MAKLAUD Skull"},"content":{"rendered":"<h2>Ustnik do fajki wodnej MAKLAUD Skull<\/h2>\n<p>To oryginalny czarny aluminiowy ustnik firmy Maklaud. Ustnik jest do\u015b\u0107 d\u0142ugi i ci\u0119\u017cki, ozdobiony mosi\u0119\u017cn\u0105 wk\u0142adk\u0105. Ustnik MAKLAUD jest do\u015b\u0107 wygodny w d\u0142oni i doskonale nadaje si\u0119 do r\u00f3\u017cnych fajek wodnych.<\/p>\n<p><strong>Charakterystyka:<\/strong><br \/>\nD\u0142ugo\u015b\u0107 ustnika: 403 mm<br \/>\n\u015arednica wewn\u0119trzna ustnika: 10mm<br \/>\nWstawka: Czaszka (materia\u0142 mosi\u0119\u017cny)<br \/>\nWaga: ok. 185g.<\/p>\n<p>Czy masz jakie\u015b pytania? Skontaktuj si\u0119 z nami <a href=\"https:\/\/hookahshop.lt\/pl\/lacznosc\/\">strona z kontaktami<\/a>\u00a0lub napisz do nas na adres\u00a0<a href=\"https:\/\/facebook.com\/HookahShop.lt\/\" target=\"_blank\" rel=\"noopener noreferrer\">konto na Facebooku<\/a>\u00a0a my odpowiemy na Twoj\u0105 pro\u015bb\u0119 tego samego dnia.<\/p>","protected":false},"excerpt":{"rendered":"<p>Ustnik do fajki wodnej MAKLAUD Skull Jest to oryginalny ustnik aluminiowy firmy Maklaud w kolorze czarnym. Ustnik jest do\u015b\u0107 d\u0142ugi i ci\u0119\u017cki, ozdobiony mosi\u0119\u017cn\u0105 wstawk\u0105. Ustnik MAKLAUD le\u017cy do\u015b\u0107 wygodnie w d\u0142oni i idealnie nadaje si\u0119 do r\u00f3\u017cnych fajek wodnych. Charakterystyka: D\u0142ugo\u015b\u0107 t\u0142umika: 403 mm \u015arednica wewn\u0119trzna t\u0142umika: 10mm Wk\u0142adka: Czaszka (materia\u0142 mosi\u0119\u017cny) Waga: oko\u0142o 185 g. Czy masz jakie\u015b pytania? Skontaktuj si\u0119 z nami [\u2026]<\/p>","protected":false},"featured_media":28821,"comment_status":"open","ping_status":"closed","template":"","meta":[],"_links":{"self":[{"href":"https:\/\/hookahshop.lt\/pl\/wp-json\/wp\/v2\/product\/28713"}],"collection":[{"href":"https:\/\/hookahshop.lt\/pl\/wp-json\/wp\/v2\/product"}],"about":[{"href":"https:\/\/hookahshop.lt\/pl\/wp-json\/wp\/v2\/types\/product"}],"replies":[{"embeddable":true,"href":"https:\/\/hookahshop.lt\/pl\/wp-json\/wp\/v2\/comments?post=28713"}],"version-history":[{"count":5,"href":"https:\/\/hookahshop.lt\/pl\/wp-json\/wp\/v2\/product\/28713\/revisions"}],"predecessor-version":[{"id":32798,"href":"https:\/\/hookahshop.lt\/pl\/wp-json\/wp\/v2\/product\/28713\/revisions\/32798"}],"wp:featuredmedia":[{"embeddable":true,"href":"https:\/\/hookahshop.lt\/pl\/wp-json\/wp\/v2\/media\/28821"}],"wp:attachment":[{"href":"https:\/\/hookahshop.lt\/pl\/wp-json\/wp\/v2\/media?parent=28713"}],"curies":[{"name":"wp","href":"https:\/\/api.w.org\/{rel}","templated":true}]}}