{"id":28724,"date":"2021-10-25T15:32:27","date_gmt":"2021-10-25T12:32:27","guid":{"rendered":"https:\/\/hookahshop.lt\/?post_type=product&#038;p=28724"},"modified":"2026-04-19T23:29:08","modified_gmt":"2026-04-19T20:29:08","slug":"kandiklis-kaljanui-maklaud-stainless-steel","status":"publish","type":"product","link":"https:\/\/hookahshop.lt\/pl\/produkt\/ustnik-do-fajki-maklaud-ze-stali-nierdzewnej\/","title":{"rendered":"Ustnik do fajki wodnej MAKLAUD ze stali nierdzewnej"},"content":{"rendered":"<h2>Ustnik do fajki wodnej MAKLAUD ze stali nierdzewnej<\/h2>\n<p>Jest to specjalny ustnik ze stali nierdzewnej firmy Maklaud. Wykonana w wyj\u0105tkowym stylu z wygodn\u0105 cz\u0119\u015bci\u0105 r\u0119koje\u015bci wykonan\u0105 z wysokiej jako\u015bci sk\u00f3ry. Ustnik wygl\u0105da luksusowo, jest bardzo wygodny w d\u0142oni i doskonale nadaje si\u0119 do r\u00f3\u017cnych fajek wodnych.<\/p>\n<p><strong>Charakterystyka:<\/strong><br \/>\nD\u0142ugo\u015b\u0107 ustnika: 325 mm<br \/>\n\u015arednica wewn\u0119trzna ustnika: 9mm<br \/>\nWaga: oko\u0142o 150g<\/p>\n<p>Kraj pochodzenia: Rosja<\/p>\n<p>Czy masz jakie\u015b pytania? Skontaktuj si\u0119 z nami <a href=\"https:\/\/hookahshop.lt\/pl\/lacznosc\/\">strona z kontaktami<\/a>\u00a0lub napisz do nas na adres\u00a0<a href=\"https:\/\/facebook.com\/HookahShop.lt\/\" target=\"_blank\" rel=\"noopener noreferrer\">konto na Facebooku<\/a>\u00a0a my odpowiemy na Twoj\u0105 pro\u015bb\u0119 tego samego dnia.<\/p>\n<p>&nbsp;<\/p>","protected":false},"excerpt":{"rendered":"<p>Ustnik do fajki wodnej MAKLAUD Stal nierdzewna Jest to specjalny ustnik wykonany ze stali nierdzewnej firmy Maklaud. Wykonany jest w wyj\u0105tkowym stylu z wygodn\u0105 r\u0105czk\u0105 wykonan\u0105 z wysokiej jako\u015bci sk\u00f3ry. Ustnik wygl\u0105da luksusowo, bardzo dobrze le\u017cy w d\u0142oni i doskonale nadaje si\u0119 do r\u00f3\u017cnych fajek wodnych. Charakterystyka: D\u0142ugo\u015b\u0107 t\u0142umika: 325 mm \u015arednica wewn\u0119trzna t\u0142umika: 9mm Waga: oko\u0142o 150 g Kraj pochodzenia: Rosja [\u2026]<\/p>","protected":false},"featured_media":28725,"comment_status":"open","ping_status":"closed","template":"","meta":[],"_links":{"self":[{"href":"https:\/\/hookahshop.lt\/pl\/wp-json\/wp\/v2\/product\/28724"}],"collection":[{"href":"https:\/\/hookahshop.lt\/pl\/wp-json\/wp\/v2\/product"}],"about":[{"href":"https:\/\/hookahshop.lt\/pl\/wp-json\/wp\/v2\/types\/product"}],"replies":[{"embeddable":true,"href":"https:\/\/hookahshop.lt\/pl\/wp-json\/wp\/v2\/comments?post=28724"}],"version-history":[{"count":7,"href":"https:\/\/hookahshop.lt\/pl\/wp-json\/wp\/v2\/product\/28724\/revisions"}],"predecessor-version":[{"id":36453,"href":"https:\/\/hookahshop.lt\/pl\/wp-json\/wp\/v2\/product\/28724\/revisions\/36453"}],"wp:featuredmedia":[{"embeddable":true,"href":"https:\/\/hookahshop.lt\/pl\/wp-json\/wp\/v2\/media\/28725"}],"wp:attachment":[{"href":"https:\/\/hookahshop.lt\/pl\/wp-json\/wp\/v2\/media?parent=28724"}],"curies":[{"name":"wp","href":"https:\/\/api.w.org\/{rel}","templated":true}]}}