{"id":28731,"date":"2021-10-25T15:43:23","date_gmt":"2021-10-25T12:43:23","guid":{"rendered":"https:\/\/hookahshop.lt\/?post_type=product&#038;p=28731"},"modified":"2026-04-19T23:28:58","modified_gmt":"2026-04-19T20:28:58","slug":"kaljanas-y-k-a-p-eco-e2","status":"publish","type":"product","link":"https:\/\/hookahshop.lt\/pl\/produkt\/hookah-ykap-eco-e2\/","title":{"rendered":"Fajka wodna YKAP Eco E2"},"content":{"rendered":"<h2>Fajka wodna YKAP Eco E2<\/h2>\n<p>Nowa fajka wodna &quot;YKAP Eco E2&quot; od znanego rosyjskiego producenta YKAP. To wysokiej jako\u015bci fajka wodna, kt\u00f3ra gwarantuje przyjemn\u0105 sesj\u0119. Fajka wodna \u0142atwo si\u0119 zaci\u0105ga.<\/p>\n<p><strong>Specyfikacja:<\/strong><br \/>\nMateria\u0142 (zewn\u0119trzny): anodowane aluminium<br \/>\nMateria\u0142 (wewn\u0119trzny): stal nierdzewna (sp\u00f3d s\u0142upa w kontakcie z wod\u0105)<br \/>\nWa\u0142 (maszt) jest w pe\u0142ni wybieralny<br \/>\nZ\u0142\u0105cze z O-ringiem<br \/>\nPionowe oddymianie<br \/>\nP\u0142yta (stal nierdzewna malowana proszkowo)<br \/>\nWysoko\u015b\u0107 trzonu (\u0142odygi) bez kolby: 47 cm<br \/>\n\u015arednica wewn\u0119trzna wa\u0142u (maszt): 13 mm<br \/>\nDyfuzor: Tak (zintegrowany)<\/p>\n<p>&nbsp;<\/p>\n<p><strong>Ekwipunek:<\/strong><\/p>\n<p>Wa\u0142 (trzpie\u0144), p\u0142ytka, ustnik, silikonowy czarny w\u0105\u017c, komplet uszczelek.<\/p>\n<p><img decoding=\"async\" loading=\"lazy\" class=\"alignnone size-medium wp-image-38521\" src=\"https:\/\/hookahshop.lt\/wp-content\/uploads\/2020\/09\/stiebas-zarna-kandiklis-1-300x273.jpg\" alt=\"- hookahshop.lt\" width=\"300\" height=\"273\" srcset=\"https:\/\/hookahshop.lt\/wp-content\/uploads\/2020\/09\/stiebas-zarna-kandiklis-1-300x273.jpg 300w, https:\/\/hookahshop.lt\/wp-content\/uploads\/2020\/09\/stiebas-zarna-kandiklis-1-13x12.jpg 13w, https:\/\/hookahshop.lt\/wp-content\/uploads\/2020\/09\/stiebas-zarna-kandiklis-1-64x58.jpg 64w, https:\/\/hookahshop.lt\/wp-content\/uploads\/2020\/09\/stiebas-zarna-kandiklis-1.jpg 420w\" sizes=\"(max-width: 300px) 100vw, 300px\" title=\"\"><\/p>\n<p>Czy masz jakie\u015b pytania? Skontaktuj si\u0119 z nami <a href=\"https:\/\/hookahshop.lt\/pl\/lacznosc\/\">strona z kontaktami<\/a>\u00a0lub napisz do nas na adres\u00a0<a href=\"https:\/\/facebook.com\/HookahShop.lt\/\" target=\"_blank\" rel=\"noopener noreferrer\">konto na Facebooku<\/a>\u00a0a my odpowiemy na Twoj\u0105 pro\u015bb\u0119 tego samego dnia.<\/p>\n<p>&nbsp;<\/p>","protected":false},"excerpt":{"rendered":"<p>Kaljanas YKAP Eco E2 \u017dinomo gamintojo i\u0161 Rusijos &#8211; YKAP naujasis kaljanas &#8222;YKAP Eco E2&#8221;. Tai auk\u0161tos kokyb\u0117s kaljanas, kuris garantuos malon\u0173 seans\u0105. Kaljanas lengvos traukos. Specifikacija: Med\u017eiaga (i\u0161or\u0117s): anoduotas aliuminis Med\u017eiaga (vidaus): ner\u016bdyjan\u010dio plieno (Stiebo apatin\u0117 dalis kuri lie\u010diasi su vandeniu) \u0160achta (stiebas) pilnai i\u0161renkama Konektorius su O-ring Vertikalus d\u016bm\u0173 prap\u016btimas L\u0117k\u0161t\u0117 (ner\u016bdijan\u010dio pliento [&hellip;]<\/p>","protected":false},"featured_media":29965,"comment_status":"open","ping_status":"closed","template":"","meta":[],"_links":{"self":[{"href":"https:\/\/hookahshop.lt\/pl\/wp-json\/wp\/v2\/product\/28731"}],"collection":[{"href":"https:\/\/hookahshop.lt\/pl\/wp-json\/wp\/v2\/product"}],"about":[{"href":"https:\/\/hookahshop.lt\/pl\/wp-json\/wp\/v2\/types\/product"}],"replies":[{"embeddable":true,"href":"https:\/\/hookahshop.lt\/pl\/wp-json\/wp\/v2\/comments?post=28731"}],"version-history":[{"count":12,"href":"https:\/\/hookahshop.lt\/pl\/wp-json\/wp\/v2\/product\/28731\/revisions"}],"predecessor-version":[{"id":45182,"href":"https:\/\/hookahshop.lt\/pl\/wp-json\/wp\/v2\/product\/28731\/revisions\/45182"}],"wp:featuredmedia":[{"embeddable":true,"href":"https:\/\/hookahshop.lt\/pl\/wp-json\/wp\/v2\/media\/29965"}],"wp:attachment":[{"href":"https:\/\/hookahshop.lt\/pl\/wp-json\/wp\/v2\/media?parent=28731"}],"curies":[{"name":"wp","href":"https:\/\/api.w.org\/{rel}","templated":true}]}}