{"id":28756,"date":"2021-10-25T16:26:59","date_gmt":"2021-10-25T13:26:59","guid":{"rendered":"https:\/\/hookahshop.lt\/?post_type=product&#038;p=28756"},"modified":"2026-04-14T23:28:47","modified_gmt":"2026-04-14T20:28:47","slug":"kaljanas-embery-submono-h-black","status":"publish","type":"product","link":"https:\/\/hookahshop.lt\/pl\/produkt\/fajka-wodna-embery-submono-h-czarna\/","title":{"rendered":"Fajka wodna Embery subMONO H Czarna"},"content":{"rendered":"<h2>Fajka wodna Embery subMONO H Czarna<\/h2>\n<p>Fajka wodna znanej marki \u201eEmbery\u201d, wysoka jako\u015b\u0107 i ekskluzywny design. Czarne wyko\u0144czenie fajki wodnej sprawia, \u017ce fajka wodna wyr\u00f3\u017cnia si\u0119, co dodaje jej jeszcze wi\u0119cej uroku.<\/p>\n<p><strong>Charakterystyka:<\/strong><br \/>\nMateria\u0142: stal nierdzewna i <span class=\"Y2IQFc\" lang=\"lt\">POM (plastik spo\u017cywczy)<\/span><br \/>\nWysoko\u015b\u0107: 485 mm<br \/>\n\u015arednica wa\u0142u (maszt): 13 mm<br \/>\nWaga: 850g.<br \/>\n<span class=\"Y2IQFc\" lang=\"lt\">Czarny kolor<\/span><br \/>\nKraj pochodzenia: Ukraina<\/p>\n<p><strong>Ekwipunek:<\/strong><br \/>\nWa\u0142 (maszt)<br \/>\nTalerz<br \/>\nUstnik<br \/>\nW\u0105\u017c (silikon)<\/p>\n<p>Czy masz jakie\u015b pytania? Skontaktuj si\u0119 z nami <a href=\"https:\/\/hookahshop.lt\/pl\/lacznosc\/\">strona z kontaktami<\/a>\u00a0lub napisz do nas na adres\u00a0<a href=\"https:\/\/facebook.com\/HookahShop.lt\/\" target=\"_blank\" rel=\"noopener noreferrer\">konto na Facebooku<\/a>\u00a0a my odpowiemy na Twoj\u0105 pro\u015bb\u0119 tego samego dnia.<\/p>","protected":false},"excerpt":{"rendered":"<p>Fajka wodna Embery subMONO H Czarna Szisza znanej marki \u201eEmbery\u201d, wysoka jako\u015b\u0107 i ekskluzywny design. Czarne wyko\u0144czenie fajki wodnej sprawia, \u017ce fajka wodna wyr\u00f3\u017cnia si\u0119, co dodaje jej jeszcze wi\u0119cej uroku. Charakterystyka: Materia\u0142: stal nierdzewna i POM (tworzywo spo\u017cywcze) Wysoko\u015b\u0107: 485 mm \u015arednica trzonu (trzpienia): 13 mm Waga: 850 g. Kolor: czarny Kraj pochodzenia: Ukraina Opakowanie: [\u2026]<\/p>","protected":false},"featured_media":28757,"comment_status":"open","ping_status":"closed","template":"","meta":[],"_links":{"self":[{"href":"https:\/\/hookahshop.lt\/pl\/wp-json\/wp\/v2\/product\/28756"}],"collection":[{"href":"https:\/\/hookahshop.lt\/pl\/wp-json\/wp\/v2\/product"}],"about":[{"href":"https:\/\/hookahshop.lt\/pl\/wp-json\/wp\/v2\/types\/product"}],"replies":[{"embeddable":true,"href":"https:\/\/hookahshop.lt\/pl\/wp-json\/wp\/v2\/comments?post=28756"}],"version-history":[{"count":8,"href":"https:\/\/hookahshop.lt\/pl\/wp-json\/wp\/v2\/product\/28756\/revisions"}],"predecessor-version":[{"id":29369,"href":"https:\/\/hookahshop.lt\/pl\/wp-json\/wp\/v2\/product\/28756\/revisions\/29369"}],"wp:featuredmedia":[{"embeddable":true,"href":"https:\/\/hookahshop.lt\/pl\/wp-json\/wp\/v2\/media\/28757"}],"wp:attachment":[{"href":"https:\/\/hookahshop.lt\/pl\/wp-json\/wp\/v2\/media?parent=28756"}],"curies":[{"name":"wp","href":"https:\/\/api.w.org\/{rel}","templated":true}]}}