{"id":28764,"date":"2021-10-25T17:25:19","date_gmt":"2021-10-25T14:25:19","guid":{"rendered":"https:\/\/hookahshop.lt\/?post_type=product&#038;p=28764"},"modified":"2026-04-18T23:28:53","modified_gmt":"2026-04-18T20:28:53","slug":"kandiklis-kaljanui-maklaud-bear","status":"publish","type":"product","link":"https:\/\/hookahshop.lt\/pl\/produkt\/ustnik-do-misia-fajki-maklaud\/","title":{"rendered":"Dziwka do fajki wodnej MAKLAUD Bear"},"content":{"rendered":"<h2>Dziwka do fajki wodnej MAKLAUD Bear<\/h2>\n<p>Ekskluzywny, wysokiej jako\u015bci oryginalny ustnik Maklaud w kolorze czarnym. Nadaje si\u0119 do wszystkich w\u0119\u017cy silikonowych o \u015brednicy wewn\u0119trznej 10-11mm. Nadaje si\u0119 do r\u00f3\u017cnych typ\u00f3w jednorazowych ustnik\u00f3w.<\/p>\n<p><strong>Charakterystyka:<\/strong><br \/>\nMateria\u0142: aluminium (wk\u0142adka mosi\u0119\u017cna)<br \/>\nD\u0142ugo\u015b\u0107 ustnika: 403 mm<br \/>\nWewn\u0119trzna \u015brednica ustnika: 10 mm<br \/>\nWaga: oko\u0142o 205g<\/p>\n<p>Kraj pochodzenia: Rosja<\/p>\n<p>Czy masz jakie\u015b pytania? Skontaktuj si\u0119 z nami <a href=\"https:\/\/hookahshop.lt\/pl\/lacznosc\/\">strona z kontaktami<\/a>\u00a0lub napisz do nas na adres\u00a0<a href=\"https:\/\/facebook.com\/HookahShop.lt\/\" target=\"_blank\" rel=\"noopener noreferrer\">konto na Facebooku<\/a>\u00a0a my odpowiemy na Twoj\u0105 pro\u015bb\u0119 tego samego dnia.<\/p>\n<p>&nbsp;<\/p>","protected":false},"excerpt":{"rendered":"<p>Ustnik do fajki wodnej MAKLAUD Bear Exclusive wysokiej jako\u015bci oryginalny ustnik Maklaud w kolorze czarnym. Pasuje do wszystkich w\u0119\u017cy silikonowych o \u015brednicy wewn\u0119trznej 10-11mm. Nadaje si\u0119 do r\u00f3\u017cnych typ\u00f3w ustnik\u00f3w jednorazowych. Charakterystyka: Materia\u0142: aluminium (wk\u0142adka mosi\u0119\u017cna) D\u0142ugo\u015b\u0107 t\u0142umika: 403 mm \u015arednica wewn\u0119trzna t\u0142umika: 10 mm Waga: oko\u0142o 205 g Kraj pochodzenia: Rosja Masz pytania? Skontaktuj si\u0119 z nami na stronie kontaktowej lub napisz [\u2026]<\/p>","protected":false},"featured_media":28810,"comment_status":"open","ping_status":"closed","template":"","meta":[],"_links":{"self":[{"href":"https:\/\/hookahshop.lt\/pl\/wp-json\/wp\/v2\/product\/28764"}],"collection":[{"href":"https:\/\/hookahshop.lt\/pl\/wp-json\/wp\/v2\/product"}],"about":[{"href":"https:\/\/hookahshop.lt\/pl\/wp-json\/wp\/v2\/types\/product"}],"replies":[{"embeddable":true,"href":"https:\/\/hookahshop.lt\/pl\/wp-json\/wp\/v2\/comments?post=28764"}],"version-history":[{"count":5,"href":"https:\/\/hookahshop.lt\/pl\/wp-json\/wp\/v2\/product\/28764\/revisions"}],"predecessor-version":[{"id":32797,"href":"https:\/\/hookahshop.lt\/pl\/wp-json\/wp\/v2\/product\/28764\/revisions\/32797"}],"wp:featuredmedia":[{"embeddable":true,"href":"https:\/\/hookahshop.lt\/pl\/wp-json\/wp\/v2\/media\/28810"}],"wp:attachment":[{"href":"https:\/\/hookahshop.lt\/pl\/wp-json\/wp\/v2\/media?parent=28764"}],"curies":[{"name":"wp","href":"https:\/\/api.w.org\/{rel}","templated":true}]}}