{"id":28770,"date":"2021-10-25T17:29:55","date_gmt":"2021-10-25T14:29:55","guid":{"rendered":"https:\/\/hookahshop.lt\/?post_type=product&#038;p=28770"},"modified":"2026-04-22T23:28:47","modified_gmt":"2026-04-22T20:28:47","slug":"difuzorius-embery-2-0-mono-minimono-black","status":"publish","type":"product","link":"https:\/\/hookahshop.lt\/pl\/produkt\/dyfuzor-embery-2-0-mono-minimono-czarny-2\/","title":{"rendered":"Dyfuzor EMBERY 2.0 Mono \/ MiniMono Czarny"},"content":{"rendered":"<h2>Dyfuzor EMBERY 2.0 Mono \/ MiniMono Czarny<\/h2>\n<p>Plastikowy dyfuzor reguluje przep\u0142yw powietrza do fajki wodnej i wycisza j\u0105. Dzia\u0142anie jest podobne do filtra, poniewa\u017c rozbija p\u0119cherzyki powietrza unosz\u0105ce si\u0119 w kolbie. To ch\u0142odzi dym w kolbie. Lekko t\u0142umi r\u00f3wnie\u017c bulgocz\u0105cy d\u017awi\u0119k fajki wodnej, zapewniaj\u0105c cichsze otoczenie, np. ogl\u0105danie filmu lub interakcj\u0119 z innymi.<\/p>\n<p>Stosowanie:<br \/>\nDyfuzor montowany jest na ko\u0144cu haczyka (\u0142odygi) fajki wodnej.<\/p>\n<p>Specyfikacje:<br \/>\nMateria\u0142: tworzywo sztuczne;<\/p>\n<p><strong>Nadaje si\u0119 tylko do fajki wodnej: EMBERY Mono \/ MiniMono<\/strong><\/p>\n<p>Czy masz jakie\u015b pytania? Skontaktuj si\u0119 z nami <a href=\"https:\/\/hookahshop.lt\/pl\/lacznosc\/\">strona z kontaktami<\/a>\u00a0lub napisz do nas na adres\u00a0<a href=\"https:\/\/facebook.com\/HookahShop.lt\/\" target=\"_blank\" rel=\"noopener noreferrer\">konto na Facebooku<\/a>\u00a0a my odpowiemy na Twoj\u0105 pro\u015bb\u0119 tego samego dnia.<\/p>\n<p>&nbsp;<\/p>","protected":false},"excerpt":{"rendered":"<p>Dyfuzor EMBERY 2.0 Mono\/MiniMono Czarny Plastikowy dyfuzor reguluje przep\u0142yw powietrza w fajce wodnej i wycisza go. Proces pracy przypomina filtr, gdy\u017c rozbija powstaj\u0105ce w kolbie p\u0119cherzyki powietrza. W ten spos\u00f3b dym w kolbie ulega och\u0142odzeniu. Lekko t\u0142umi r\u00f3wnie\u017c bulgocz\u0105cy d\u017awi\u0119k fajki wodnej, zapewniaj\u0105c cichsze otoczenie, np. podczas ogl\u0105dania filmu lub interakcji z innymi. Spos\u00f3b u\u017cycia: Dyfuzor umieszcza si\u0119 na trzonku fajki wodnej (\u0142odydze) [...]<\/p>","protected":false},"featured_media":28771,"comment_status":"open","ping_status":"closed","template":"","meta":[],"_links":{"self":[{"href":"https:\/\/hookahshop.lt\/pl\/wp-json\/wp\/v2\/product\/28770"}],"collection":[{"href":"https:\/\/hookahshop.lt\/pl\/wp-json\/wp\/v2\/product"}],"about":[{"href":"https:\/\/hookahshop.lt\/pl\/wp-json\/wp\/v2\/types\/product"}],"replies":[{"embeddable":true,"href":"https:\/\/hookahshop.lt\/pl\/wp-json\/wp\/v2\/comments?post=28770"}],"version-history":[{"count":9,"href":"https:\/\/hookahshop.lt\/pl\/wp-json\/wp\/v2\/product\/28770\/revisions"}],"predecessor-version":[{"id":43101,"href":"https:\/\/hookahshop.lt\/pl\/wp-json\/wp\/v2\/product\/28770\/revisions\/43101"}],"wp:featuredmedia":[{"embeddable":true,"href":"https:\/\/hookahshop.lt\/pl\/wp-json\/wp\/v2\/media\/28771"}],"wp:attachment":[{"href":"https:\/\/hookahshop.lt\/pl\/wp-json\/wp\/v2\/media?parent=28770"}],"curies":[{"name":"wp","href":"https:\/\/api.w.org\/{rel}","templated":true}]}}