{"id":28775,"date":"2021-10-25T17:35:56","date_gmt":"2021-10-25T14:35:56","guid":{"rendered":"https:\/\/hookahshop.lt\/?post_type=product&#038;p=28775"},"modified":"2026-04-18T23:29:11","modified_gmt":"2026-04-18T20:29:11","slug":"znyples-kaljano-anglims-embery-medium-envy","status":"publish","type":"product","link":"https:\/\/hookahshop.lt\/pl\/produkt\/fajka-wodna-szisza-wegiel-drzewny-embery-srednia-zazdrosc\/","title":{"rendered":"Szczypce w\u0119glowe do fajki wodnej EMBERY Medium Envy"},"content":{"rendered":"<h2>Szczypce w\u0119glowe do fajki wodnej EMBERY Medium Envy<\/h2>\n<p>Wyj\u0105tkowo wygl\u0105daj\u0105ce szczypce. Te szczypce s\u0105 bardzo wygodne i nie wyginaj\u0105 si\u0119 podczas u\u017cywania. Wykonany z wysokiej jako\u015bci materia\u0142\u00f3w.<\/p>\n<p><strong>Specyfikacja:<\/strong><br \/>\nMateria\u0142: Stal nierdzewna<br \/>\nWaga: ~ 55 g<br \/>\nD\u0142ugo\u015b\u0107: 20 cm<br \/>\nCzarny kolor<br \/>\nKraj pochodzenia: Ukraina<\/p>\n<p>Czy masz jakie\u015b pytania? Skontaktuj si\u0119 z nami <a href=\"https:\/\/hookahshop.lt\/pl\/lacznosc\/\">strona z kontaktami<\/a>\u00a0lub napisz do nas na adres\u00a0<a href=\"https:\/\/facebook.com\/HookahShop.lt\/\" target=\"_blank\" rel=\"noopener noreferrer\">konto na Facebooku<\/a>\u00a0a my odpowiemy na Twoj\u0105 pro\u015bb\u0119 tego samego dnia.<\/p>","protected":false},"excerpt":{"rendered":"<p>Szczypce do w\u0119gla drzewnego do fajki wodnej EMBERY \u015arednie szczypce Envy o niepowtarzalnym wygl\u0105dzie. Szczypce te maj\u0105 bardzo wygodny rozmiar i nie zapadaj\u0105 si\u0119 podczas u\u017cytkowania. Wykonane przy u\u017cyciu wysokiej jako\u015bci materia\u0142\u00f3w. Specyfikacja: Materia\u0142: stal nierdzewna Waga: ~ 55 g D\u0142ugo\u015b\u0107: 20 cm Kolor: czarny Kraj pochodzenia: Ukraina Masz pytania? Skontaktuj si\u0119 z nami na stronie kontaktowej lub napisz do nas na naszym koncie na Facebooku, a my odpowiemy na Twoje zapytanie w [\u2026]<\/p>","protected":false},"featured_media":28776,"comment_status":"open","ping_status":"closed","template":"","meta":[],"_links":{"self":[{"href":"https:\/\/hookahshop.lt\/pl\/wp-json\/wp\/v2\/product\/28775"}],"collection":[{"href":"https:\/\/hookahshop.lt\/pl\/wp-json\/wp\/v2\/product"}],"about":[{"href":"https:\/\/hookahshop.lt\/pl\/wp-json\/wp\/v2\/types\/product"}],"replies":[{"embeddable":true,"href":"https:\/\/hookahshop.lt\/pl\/wp-json\/wp\/v2\/comments?post=28775"}],"version-history":[{"count":9,"href":"https:\/\/hookahshop.lt\/pl\/wp-json\/wp\/v2\/product\/28775\/revisions"}],"predecessor-version":[{"id":40109,"href":"https:\/\/hookahshop.lt\/pl\/wp-json\/wp\/v2\/product\/28775\/revisions\/40109"}],"wp:featuredmedia":[{"embeddable":true,"href":"https:\/\/hookahshop.lt\/pl\/wp-json\/wp\/v2\/media\/28776"}],"wp:attachment":[{"href":"https:\/\/hookahshop.lt\/pl\/wp-json\/wp\/v2\/media?parent=28775"}],"curies":[{"name":"wp","href":"https:\/\/api.w.org\/{rel}","templated":true}]}}