{"id":28785,"date":"2021-10-25T18:06:29","date_gmt":"2021-10-25T15:06:29","guid":{"rendered":"https:\/\/hookahshop.lt\/?post_type=product&#038;p=28785"},"modified":"2026-05-13T23:29:16","modified_gmt":"2026-05-13T20:29:16","slug":"karscio-kamera-hoob-pyro-classic-2","status":"publish","type":"product","link":"https:\/\/hookahshop.lt\/pl\/produkt\/kamera-termowizyjna-hoob-pyro-classic-2\/","title":{"rendered":"Kamera termowizyjna Hoob Pyro Classic 2"},"content":{"rendered":"<h2>Kamera termowizyjna Hoob Pyro Classic 2<\/h2>\n<p>Na kubku zamiast folii stosujemy komor\u0119 grzewcz\u0105<br \/>\nWykonany z aluminium z gumow\u0105 os\u0142on\u0105<br \/>\nU\u0142atwiona kontrola gor\u0105czki<br \/>\n(Nadaje si\u0119 do oryginalnych okr\u0105g\u0142ych kubk\u00f3w)<\/p>\n<p>Podobnie jak folia, komora grzewcza Pyra Classic 2 jest wykonana z aluminium, dzi\u0119ki czemu ma takie same w\u0142a\u015bciwo\u015bci przenoszenia ciep\u0142a. Gumowa os\u0142ona jest umieszczona na kraw\u0119dziach komory grzewczej, aby chroni\u0107 Ci\u0119 przed oparzeniami.<br \/>\nZa ka\u017cdym razem, gdy u\u017cywasz tej komory grzewczej, uzyskasz doskona\u0142\u0105 jako\u015b\u0107 w\u0119dzenia i maksymaln\u0105 przyjemno\u015b\u0107.<\/p>\n<p>Czy masz jakie\u015b pytania? Skontaktuj si\u0119 z nami <a href=\"https:\/\/hookahshop.lt\/pl\/lacznosc\/\">strona z kontaktami<\/a>\u00a0lub napisz do nas na adres\u00a0<a href=\"https:\/\/facebook.com\/HookahShop.lt\/\" target=\"_blank\" rel=\"noopener noreferrer\">konto na Facebooku<\/a>\u00a0a my odpowiemy na Twoj\u0105 pro\u015bb\u0119 tego samego dnia.<\/p>","protected":false},"excerpt":{"rendered":"<p>Komora grzewcza Hoob Pyro Classic 2 Komora grzewcza do stosowania zamiast folii na kubku Wykonana z aluminium z gumow\u0105 os\u0142on\u0105 \u0141atwo\u015b\u0107 regulacji temperatury (Pasuje do oryginalnych kubk\u00f3w okr\u0105g\u0142ych) Podobnie jak folia, Pyra Classic 2 Komora grzewcza wykonana jest z aluminium, dzi\u0119ki czemu ma te same w\u0142a\u015bciwo\u015bci przenoszenia ciep\u0142a. Na kraw\u0119dziach komory grzewczej znajduj\u0105 si\u0119 gumowe zabezpieczenia, kt\u00f3re chroni\u0105 Ci\u0119 [\u2026]<\/p>","protected":false},"featured_media":28786,"comment_status":"open","ping_status":"closed","template":"","meta":[],"_links":{"self":[{"href":"https:\/\/hookahshop.lt\/pl\/wp-json\/wp\/v2\/product\/28785"}],"collection":[{"href":"https:\/\/hookahshop.lt\/pl\/wp-json\/wp\/v2\/product"}],"about":[{"href":"https:\/\/hookahshop.lt\/pl\/wp-json\/wp\/v2\/types\/product"}],"replies":[{"embeddable":true,"href":"https:\/\/hookahshop.lt\/pl\/wp-json\/wp\/v2\/comments?post=28785"}],"version-history":[{"count":5,"href":"https:\/\/hookahshop.lt\/pl\/wp-json\/wp\/v2\/product\/28785\/revisions"}],"predecessor-version":[{"id":39338,"href":"https:\/\/hookahshop.lt\/pl\/wp-json\/wp\/v2\/product\/28785\/revisions\/39338"}],"wp:featuredmedia":[{"embeddable":true,"href":"https:\/\/hookahshop.lt\/pl\/wp-json\/wp\/v2\/media\/28786"}],"wp:attachment":[{"href":"https:\/\/hookahshop.lt\/pl\/wp-json\/wp\/v2\/media?parent=28785"}],"curies":[{"name":"wp","href":"https:\/\/api.w.org\/{rel}","templated":true}]}}