{"id":29017,"date":"2021-11-02T18:00:05","date_gmt":"2021-11-02T16:00:05","guid":{"rendered":"https:\/\/hookahshop.lt\/?post_type=product&#038;p=29017"},"modified":"2026-04-18T23:29:00","modified_gmt":"2026-04-18T20:29:00","slug":"tarpine-kaljano-kolbai-v1-black","status":"publish","type":"product","link":"https:\/\/hookahshop.lt\/pl\/produkt\/posrednia-kolba-szisza-v1-czarna\/","title":{"rendered":"Uszczelka do kolby do fajki wodnej V1 Czarna"},"content":{"rendered":"<h2>Uszczelka do kolby do fajki wodnej V1 Czarna<\/h2>\n<p>Idealny rozmiar pasuj\u0105cy do wi\u0119kszo\u015bci fajek wodnych. Dzi\u0119ki pow\u0142oce nie zsuwaj\u0105 si\u0119 ani nie odpadaj\u0105. Wysokiej jako\u015bci silikon i produkcja wp\u0142ywaj\u0105 na trwa\u0142o\u015b\u0107 tych uszczelek. Produkowane s\u0105 w klasycznym czarnym kolorze, kt\u00f3ry usuwa \u017c\u00f3\u0142kni\u0119cie.<\/p>\n<p><strong>Specyfikacje:<\/strong><br \/>\n\u015arednica zewn\u0119trzna: 39mm<br \/>\n\u015arednica wewn\u0119trzna: 34mm<br \/>\nWaga: ok. 15g.<\/p>\n<p>Czy masz jakie\u015b pytania? Skontaktuj si\u0119 z nami\u00a0<a href=\"https:\/\/hookahshop.lt\/pl\/lacznosc\/\">strona z kontaktami<\/a>\u00a0lub napisz do nas na adres\u00a0<a href=\"https:\/\/facebook.com\/HookahShop.lt\/\" target=\"_blank\" rel=\"noopener noreferrer\">konto na Facebooku<\/a>\u00a0a my odpowiemy na Twoj\u0105 pro\u015bb\u0119 tego samego dnia.<\/p>","protected":false},"excerpt":{"rendered":"<p>Shisha Flask Spacer V1 Czarny Idealny rozmiar pasuj\u0105cy do wi\u0119kszo\u015bci fajek wodnych. Dzi\u0119ki pow\u0142oce nie \u015blizgaj\u0105 si\u0119 i nie odpadaj\u0105. Wysoka jako\u015b\u0107 silikonu i produkcja przyczyniaj\u0105 si\u0119 do trwa\u0142o\u015bci tych uszczelek. Produkowane s\u0105 w klasycznej czerni, kt\u00f3ra eliminuje za\u017c\u00f3\u0142cenia. Dane techniczne: \u015arednica zewn\u0119trzna: 39 mm \u015arednica wewn\u0119trzna: 34 mm Waga: oko\u0142o 15g. Czy masz jakie\u015b pytania? Skontaktuj si\u0119 z nami na stronie kontaktowej lub napisz do nas na Facebooku [...]<\/p>","protected":false},"featured_media":29022,"comment_status":"open","ping_status":"closed","template":"","meta":[],"_links":{"self":[{"href":"https:\/\/hookahshop.lt\/pl\/wp-json\/wp\/v2\/product\/29017"}],"collection":[{"href":"https:\/\/hookahshop.lt\/pl\/wp-json\/wp\/v2\/product"}],"about":[{"href":"https:\/\/hookahshop.lt\/pl\/wp-json\/wp\/v2\/types\/product"}],"replies":[{"embeddable":true,"href":"https:\/\/hookahshop.lt\/pl\/wp-json\/wp\/v2\/comments?post=29017"}],"version-history":[{"count":4,"href":"https:\/\/hookahshop.lt\/pl\/wp-json\/wp\/v2\/product\/29017\/revisions"}],"predecessor-version":[{"id":29293,"href":"https:\/\/hookahshop.lt\/pl\/wp-json\/wp\/v2\/product\/29017\/revisions\/29293"}],"wp:featuredmedia":[{"embeddable":true,"href":"https:\/\/hookahshop.lt\/pl\/wp-json\/wp\/v2\/media\/29022"}],"wp:attachment":[{"href":"https:\/\/hookahshop.lt\/pl\/wp-json\/wp\/v2\/media?parent=29017"}],"curies":[{"name":"wp","href":"https:\/\/api.w.org\/{rel}","templated":true}]}}