{"id":29027,"date":"2021-11-02T18:21:06","date_gmt":"2021-11-02T16:21:06","guid":{"rendered":"https:\/\/hookahshop.lt\/?post_type=product&#038;p=29027"},"modified":"2026-05-14T23:29:19","modified_gmt":"2026-05-14T20:29:19","slug":"tarpine-kaljano-taurelei-v3-black","status":"publish","type":"product","link":"https:\/\/hookahshop.lt\/pl\/produkt\/posredni-kubek-szisza-v3-czarny\/","title":{"rendered":"Uszczelka do kubka na fajk\u0119 wodn\u0105 V3 Czarna"},"content":{"rendered":"<h2>Uszczelka do kubka na fajk\u0119 wodn\u0105 V3 Czarna<\/h2>\n<p>To mocowanie pomaga mocno przymocowa\u0107 kubek do fajki wodnej.<br \/>\nCzarny kolor<\/p>\n<p>Czy masz jakie\u015b pytania? Skontaktuj si\u0119 z nami\u00a0<a href=\"https:\/\/hookahshop.lt\/pl\/lacznosc\/\">strona z kontaktami<\/a>\u00a0lub napisz do nas na adres\u00a0<a href=\"https:\/\/facebook.com\/HookahShop.lt\/\" target=\"_blank\" rel=\"noopener noreferrer\">konto na Facebooku<\/a>\u00a0a my odpowiemy na Twoj\u0105 pro\u015bb\u0119 tego samego dnia.<\/p>","protected":false},"excerpt":{"rendered":"<p>Uszczelka do kubka na fajk\u0119 wodn\u0105 V3 Black To akcesorium pomaga szczelnie przymocowa\u0107 kubek do fajki wodnej. Kolor: Czarny Masz pytania? Skontaktuj si\u0119 z nami na stronie kontaktowej lub napisz do nas na naszym koncie na Facebooku, a my odpowiemy na Twoj\u0105 pro\u015bb\u0119 jeszcze tego samego dnia.<\/p>","protected":false},"featured_media":29032,"comment_status":"open","ping_status":"closed","template":"","meta":[],"_links":{"self":[{"href":"https:\/\/hookahshop.lt\/pl\/wp-json\/wp\/v2\/product\/29027"}],"collection":[{"href":"https:\/\/hookahshop.lt\/pl\/wp-json\/wp\/v2\/product"}],"about":[{"href":"https:\/\/hookahshop.lt\/pl\/wp-json\/wp\/v2\/types\/product"}],"replies":[{"embeddable":true,"href":"https:\/\/hookahshop.lt\/pl\/wp-json\/wp\/v2\/comments?post=29027"}],"version-history":[{"count":3,"href":"https:\/\/hookahshop.lt\/pl\/wp-json\/wp\/v2\/product\/29027\/revisions"}],"predecessor-version":[{"id":40231,"href":"https:\/\/hookahshop.lt\/pl\/wp-json\/wp\/v2\/product\/29027\/revisions\/40231"}],"wp:featuredmedia":[{"embeddable":true,"href":"https:\/\/hookahshop.lt\/pl\/wp-json\/wp\/v2\/media\/29032"}],"wp:attachment":[{"href":"https:\/\/hookahshop.lt\/pl\/wp-json\/wp\/v2\/media?parent=29027"}],"curies":[{"name":"wp","href":"https:\/\/api.w.org\/{rel}","templated":true}]}}