{"id":29041,"date":"2021-11-02T19:27:12","date_gmt":"2021-11-02T17:27:12","guid":{"rendered":"https:\/\/hookahshop.lt\/?post_type=product&#038;p=29041"},"modified":"2026-04-15T23:29:07","modified_gmt":"2026-04-15T20:29:07","slug":"sirupo-gaudykle-blade-hookah-gray","status":"publish","type":"product","link":"https:\/\/hookahshop.lt\/pl\/produkt\/syrop-pulapka-ostrze-szisza-szara\/","title":{"rendered":"Syfon BLADE HOOKAH Szary"},"content":{"rendered":"<h2>Syfon BLADE HOOKAH Szary<\/h2>\n<p>Jest niezb\u0119dnym dodatkiem do ka\u017cdej fajki wodnej. Zapobiega przedostawaniu si\u0119 li\u015bci tytoniu i syropu do kolby i trzonu fajki wodnej. Zabezpiecza przed \u017c\u00f3\u0142kni\u0119ciem w kolbie, co jest szczeg\u00f3lnie wa\u017cne przy serwowaniu fajki wodnej na stole. Teraz przy zmianie kubka nie ma potrzeby ka\u017cdorazowego mycia fajki wodnej, aby usun\u0105\u0107 syrop i li\u015bcie tytoniu z dna. Kana\u0142 wewn\u0119trzny wykonany jest z aluminium, nie poch\u0142ania zapach\u00f3w i nie kurczy si\u0119 w przeciwie\u0144stwie do silikonu.<\/p>\n<p>Specyfikacje:<br \/>\nWysoko\u015b\u0107: 70mm<br \/>\n\u015arednica (zewn\u0119trzna): 50 mm<br \/>\n\u015arednica (wewn\u0119trzna): 23 mm<br \/>\nWaga: oko\u0142o 100g<\/p>\n<p>Czy masz jakie\u015b pytania? Skontaktuj si\u0119 z nami\u00a0<a href=\"https:\/\/hookahshop.lt\/pl\/lacznosc\/\">strona z kontaktami<\/a>\u00a0lub napisz do nas na adres\u00a0<a href=\"https:\/\/facebook.com\/HookahShop.lt\/\" target=\"_blank\" rel=\"noopener noreferrer\">konto na Facebooku<\/a>\u00a0a my odpowiemy na Twoj\u0105 pro\u015bb\u0119 tego samego dnia.<\/p>","protected":false},"excerpt":{"rendered":"<p>Pu\u0142apka na syrop BLADE HOOKAH Szara To niezb\u0119dny dodatek do ka\u017cdej fajki wodnej. Zapobiega przedostawaniu si\u0119 li\u015bci tytoniu i syropu do kolby i trzonka fajki wodnej. Zapobiega \u017c\u00f3\u0142kni\u0119ciu kolby, co jest szczeg\u00f3lnie wa\u017cne podczas serwowania fajki wodnej w fajce wodnej na stole. Teraz nie musisz my\u0107 fajki wodnej przy ka\u017cdej zmianie kubka, aby usun\u0105\u0107 z dna syrop i li\u015bcie tytoniu. Wewn\u0119trzny kana\u0142 wykonany jest z [...]<\/p>","protected":false},"featured_media":29042,"comment_status":"open","ping_status":"closed","template":"","meta":[],"_links":{"self":[{"href":"https:\/\/hookahshop.lt\/pl\/wp-json\/wp\/v2\/product\/29041"}],"collection":[{"href":"https:\/\/hookahshop.lt\/pl\/wp-json\/wp\/v2\/product"}],"about":[{"href":"https:\/\/hookahshop.lt\/pl\/wp-json\/wp\/v2\/types\/product"}],"replies":[{"embeddable":true,"href":"https:\/\/hookahshop.lt\/pl\/wp-json\/wp\/v2\/comments?post=29041"}],"version-history":[{"count":4,"href":"https:\/\/hookahshop.lt\/pl\/wp-json\/wp\/v2\/product\/29041\/revisions"}],"predecessor-version":[{"id":33272,"href":"https:\/\/hookahshop.lt\/pl\/wp-json\/wp\/v2\/product\/29041\/revisions\/33272"}],"wp:featuredmedia":[{"embeddable":true,"href":"https:\/\/hookahshop.lt\/pl\/wp-json\/wp\/v2\/media\/29042"}],"wp:attachment":[{"href":"https:\/\/hookahshop.lt\/pl\/wp-json\/wp\/v2\/media?parent=29041"}],"curies":[{"name":"wp","href":"https:\/\/api.w.org\/{rel}","templated":true}]}}