{"id":29104,"date":"2021-11-09T17:24:03","date_gmt":"2021-11-09T15:24:03","guid":{"rendered":"https:\/\/hookahshop.lt\/?post_type=product&#038;p=29104"},"modified":"2026-04-18T23:28:48","modified_gmt":"2026-04-18T20:28:48","slug":"kaljanas-tortuga-brig","status":"publish","type":"product","link":"https:\/\/hookahshop.lt\/pl\/produkt\/szisza-tortuga-bryg\/","title":{"rendered":"Szisza TORTUGA Bryg"},"content":{"rendered":"<h2>Szisza TORTUGA Bryg<\/h2>\n<p>Minimalistyczny design zapewniaj\u0105cy klasyczn\u0105 przyczepno\u015b\u0107 i dodatkowo wyposa\u017cony w O-ring dyfuzora dla tych, kt\u00f3rzy chc\u0105 l\u017cejszej przyczepno\u015bci. Trzon do fajki wodnej jest wykonany ze stali nierdzewnej, a talerz do fajki wodnej z anodyzowanego metalu. Usuwanie dymu od do\u0142u zaworu do g\u00f3ry.<\/p>\n<p><strong>Specyfikacje:<\/strong><br \/>\nWysoko\u015b\u0107: ~28 cm (od kolby do uszczelki kubka)<br \/>\nWysoko\u015b\u0107: ~21,7 cm (wa\u0142 dolny (wa\u0142) z dyfuzorem)<br \/>\n\u015arednica: 1,4 cm (g\u00f3rny trzon (trzpie\u0144)), 1,3 cm (dolny trzon (trzpie\u0144))<br \/>\n\u015arednica talerza: 19,5 cm<br \/>\nD\u0142ugo\u015b\u0107 ustnika: 29 cm<br \/>\nMateria\u0142: stal nierdzewna (szisza) i metal anodowany (p\u0142yta)<br \/>\nWaga fajki wodnej: 400g.<br \/>\nKraj pochodzenia: Rosja<\/p>\n<p><strong>Ekwipunek:<\/strong><br \/>\nSzisza, ustnik, w\u0105\u017c silikonowy, dyfuzor i uszczelki.<\/p>\n<p>Czy masz jakie\u015b pytania? Skontaktuj si\u0119 z nami\u00a0<a href=\"https:\/\/hookahshop.lt\/pl\/lacznosc\/\">strona z kontaktami<\/a>\u00a0lub napisz do nas na adres\u00a0<a href=\"https:\/\/facebook.com\/HookahShop.lt\/\" target=\"_blank\" rel=\"noopener noreferrer\">konto na Facebooku<\/a>\u00a0a my odpowiemy na Twoj\u0105 pro\u015bb\u0119 tego samego dnia.<\/p>\n<p>&nbsp;<\/p>","protected":false},"excerpt":{"rendered":"<p>Szisza TORTUGA Brig Minimalistyczny design, klasyczne uchwyty i dodatkowo wyposa\u017cona w O-ring dyfuzora, dla tych, kt\u00f3rzy chc\u0105 l\u017cejszego ci\u0105gni\u0119cia. Trzon fajki wodnej wykonany jest ze stali nierdzewnej, a p\u0142ytka fajki wodnej z anodyzowanego metalu. Wydmuch dymu od do\u0142u zaworu do g\u00f3ry. Dane techniczne: Wysoko\u015b\u0107: ~28 cm (uszczelka kolby do kubka) Wysoko\u015b\u0107: ~21,7 cm (dolny trzonek (wa\u0142ek) z dyfuzorem) [\u2026]<\/p>","protected":false},"featured_media":29106,"comment_status":"open","ping_status":"closed","template":"","meta":[],"_links":{"self":[{"href":"https:\/\/hookahshop.lt\/pl\/wp-json\/wp\/v2\/product\/29104"}],"collection":[{"href":"https:\/\/hookahshop.lt\/pl\/wp-json\/wp\/v2\/product"}],"about":[{"href":"https:\/\/hookahshop.lt\/pl\/wp-json\/wp\/v2\/types\/product"}],"replies":[{"embeddable":true,"href":"https:\/\/hookahshop.lt\/pl\/wp-json\/wp\/v2\/comments?post=29104"}],"version-history":[{"count":4,"href":"https:\/\/hookahshop.lt\/pl\/wp-json\/wp\/v2\/product\/29104\/revisions"}],"predecessor-version":[{"id":32389,"href":"https:\/\/hookahshop.lt\/pl\/wp-json\/wp\/v2\/product\/29104\/revisions\/32389"}],"wp:featuredmedia":[{"embeddable":true,"href":"https:\/\/hookahshop.lt\/pl\/wp-json\/wp\/v2\/media\/29106"}],"wp:attachment":[{"href":"https:\/\/hookahshop.lt\/pl\/wp-json\/wp\/v2\/media?parent=29104"}],"curies":[{"name":"wp","href":"https:\/\/api.w.org\/{rel}","templated":true}]}}