{"id":29152,"date":"2021-11-15T21:42:59","date_gmt":"2021-11-15T19:42:59","guid":{"rendered":"https:\/\/hookahshop.lt\/?post_type=product&#038;p=29152"},"modified":"2026-04-18T23:28:48","modified_gmt":"2026-04-18T20:28:48","slug":"kaljanas-shadows-evolution","status":"publish","type":"product","link":"https:\/\/hookahshop.lt\/pl\/produkt\/fajki-cienie-ewolucja\/","title":{"rendered":"Fajka wodna SHADOWS Evolution"},"content":{"rendered":"<h2>Fajka wodna SHADOWS Evolution<\/h2>\n<p>Stylowa i funkcjonalna, kt\u00f3ra wykonana jest ze stali nierdzewnej, poliw\u0119glanu oraz zdobie\u0144 i karbonu.Wyj\u0105tkowo\u015b\u0107 fajki wodnej tego producenta polega na po\u0142\u0105czeniu p\u0142ytki, kt\u00f3ra mocowana jest do trzonu (trzpienia) fajki za pomoc\u0105 magnesu.<br \/>\nZalet\u0105 tego systemu jest mo\u017cliwo\u015b\u0107 \u0142atwego wyj\u0119cia p\u0142ytki do fajki wodnej w dowolnym momencie i strz\u0105\u015bni\u0119cia nagromadzonego popio\u0142u.<\/p>\n<p><strong>Charakterystyka:<\/strong><br \/>\nWaga fajki wodnej: 1,56 kg<br \/>\nWysoko\u015b\u0107 haka: 500 mm.<br \/>\n\u015arednica wa\u0142u: dolna (11 mm), g\u00f3rna (12 mm).<br \/>\nMateria\u0142 wa\u0142u: stal nierdzewna AISI 304.<br \/>\nMateria\u0142 bazowy: poliacetal.<br \/>\nZ\u0142\u0105cze w\u0119\u017ca: magnetyczne.<br \/>\nDyfuzor: zdejmowany, gwintowany, stal nierdzewna.<br \/>\nUstnik: stal nierdzewna i imitacja w\u0119gla.<br \/>\nD\u0142ugo\u015b\u0107 ustnika: 330 mm.<br \/>\nW\u0105\u017c: mi\u0119kki w dotyku.<br \/>\nD\u0142ugo\u015b\u0107 w\u0119\u017ca: 1500 mm.<\/p>\n<p><strong>Ekwipunek:<\/strong><br \/>\nWa\u0142, talerz, ustnik, w\u0105\u017c silikonowy, dyfuzor, przy\u0142\u0105cze w\u0119\u017ca, spr\u0119\u017cyna po\u015brednia.<\/p>\n<p><img decoding=\"async\" loading=\"lazy\" class=\"alignnone size-medium wp-image-38521\" src=\"https:\/\/hookahshop.lt\/wp-content\/uploads\/2020\/09\/stiebas-zarna-kandiklis-1-300x273.jpg\" alt=\"- hookahshop.lt\" width=\"300\" height=\"273\" srcset=\"https:\/\/hookahshop.lt\/wp-content\/uploads\/2020\/09\/stiebas-zarna-kandiklis-1-300x273.jpg 300w, https:\/\/hookahshop.lt\/wp-content\/uploads\/2020\/09\/stiebas-zarna-kandiklis-1-13x12.jpg 13w, https:\/\/hookahshop.lt\/wp-content\/uploads\/2020\/09\/stiebas-zarna-kandiklis-1-64x58.jpg 64w, https:\/\/hookahshop.lt\/wp-content\/uploads\/2020\/09\/stiebas-zarna-kandiklis-1.jpg 420w\" sizes=\"(max-width: 300px) 100vw, 300px\" title=\"\"><\/p>\n<p>Czy masz jakie\u015b pytania? Skontaktuj si\u0119 z nami\u00a0<a href=\"https:\/\/hookahshop.lt\/pl\/lacznosc\/\">strona z kontaktami<\/a>\u00a0lub napisz do nas na adres\u00a0<a href=\"https:\/\/facebook.com\/HookahShop.lt\/\" target=\"_blank\" rel=\"noopener noreferrer\">konto na Facebooku<\/a>\u00a0a my odpowiemy na Twoj\u0105 pro\u015bb\u0119 tego samego dnia.<\/p>\n<p>&nbsp;<\/p>","protected":false},"excerpt":{"rendered":"<p>Fajka wodna SHADOWS Evolution Stylowa i funkcjonalna, wykonana ze stali nierdzewnej, poliw\u0119glanu oraz dekoracji i w\u0119gla. Wyj\u0105tkowo\u015b\u0107 fajki tego producenta polega na po\u0142\u0105czeniu p\u0142ytki, kt\u00f3ra mocowana jest do trzonka (\u0142odygi) fajki wodnej za pomoc\u0105 sziszy. magnes. Warto\u015b\u0107 tego systemu polega na mo\u017cliwo\u015bci \u0142atwego wyj\u0119cia talerza z fajk\u0105 wodn\u0105 w dowolnym momencie i strz\u0105sni\u0119cia nagromadzonego popio\u0142u. Charakterystyka: Waga fajki wodnej: 1,56 kg Wysoko\u015b\u0107 fajki wodnej: 500 mm. [\u2026]<\/p>","protected":false},"featured_media":29154,"comment_status":"open","ping_status":"closed","template":"","meta":[],"_links":{"self":[{"href":"https:\/\/hookahshop.lt\/pl\/wp-json\/wp\/v2\/product\/29152"}],"collection":[{"href":"https:\/\/hookahshop.lt\/pl\/wp-json\/wp\/v2\/product"}],"about":[{"href":"https:\/\/hookahshop.lt\/pl\/wp-json\/wp\/v2\/types\/product"}],"replies":[{"embeddable":true,"href":"https:\/\/hookahshop.lt\/pl\/wp-json\/wp\/v2\/comments?post=29152"}],"version-history":[{"count":6,"href":"https:\/\/hookahshop.lt\/pl\/wp-json\/wp\/v2\/product\/29152\/revisions"}],"predecessor-version":[{"id":30417,"href":"https:\/\/hookahshop.lt\/pl\/wp-json\/wp\/v2\/product\/29152\/revisions\/30417"}],"wp:featuredmedia":[{"embeddable":true,"href":"https:\/\/hookahshop.lt\/pl\/wp-json\/wp\/v2\/media\/29154"}],"wp:attachment":[{"href":"https:\/\/hookahshop.lt\/pl\/wp-json\/wp\/v2\/media?parent=29152"}],"curies":[{"name":"wp","href":"https:\/\/api.w.org\/{rel}","templated":true}]}}