{"id":29174,"date":"2021-11-17T16:02:00","date_gmt":"2021-11-17T14:02:00","guid":{"rendered":"https:\/\/hookahshop.lt\/?post_type=product&#038;p=29174"},"modified":"2026-04-06T23:28:38","modified_gmt":"2026-04-06T20:28:38","slug":"dovanu-deze-magneto-m-juoda","status":"publish","type":"product","link":"https:\/\/hookahshop.lt\/pl\/produkt\/prezent-deze-magneto-m-czarny\/","title":{"rendered":"Pude\u0142ko prezentowe MAGNETO M Czarny"},"content":{"rendered":"<h2>Pude\u0142ko prezentowe MAGNETO M Czarny<\/h2>\n<p>Magnetyczne pude\u0142ko upominkowe do szybkiego monta\u017cu wykonane z niezwykle mocnego kartonu. Pude\u0142ko zamykane jest zintegrowanymi magnesami. Specjalna konstrukcja zapewnia szybki monta\u017c i zamykanie pude\u0142ka, bezpieczny transport przedmiot\u00f3w oraz doskonale nadaje si\u0119 do pakowania prezent\u00f3w.<\/p>\n<p><strong>Charakterystyka:<\/strong><br \/>\nWymiary: 22x22x10 cm<br \/>\nCzarny kolor<\/p>\n<p><strong>DODATKOWO: przy wyborze prezentu istnieje mo\u017cliwo\u015b\u0107 dokupienia dodatkowych wi\u00f3rk\u00f3w lub bibu\u0142y oraz wst\u0105\u017cki i wst\u0105\u017cki do dekoracji.\u00a0<\/strong><\/p>\n<p>Czy masz jakie\u015b pytania? Skontaktuj si\u0119 z nami\u00a0<a href=\"https:\/\/hookahshop.lt\/pl\/lacznosc\/\">strona z kontaktami<\/a>\u00a0lub napisz do nas na adres\u00a0<a href=\"https:\/\/facebook.com\/HookahShop.lt\/\" target=\"_blank\" rel=\"noopener noreferrer\">konto na Facebooku<\/a>\u00a0a my odpowiemy na Twoj\u0105 pro\u015bb\u0119 tego samego dnia.<\/p>","protected":false},"excerpt":{"rendered":"<p>Pude\u0142ko upominkowe MAGNETO M Czarne Magnetyczne, szybko sk\u0142adane pude\u0142ko upominkowe wykonane z wyj\u0105tkowo mocnej tektury. Pude\u0142ko zamykane jest na zintegrowane magnesy. Specjalna konstrukcja zapewnia szybki monta\u017c i zamkni\u0119cie pude\u0142ka, bezpieczny transport przedmiot\u00f3w oraz doskonale nadaje si\u0119 do pakowania prezent\u00f3w. Charakterystyka: Wymiary: 22 x 22 x 10 cm Kolor: czarny DODATKOWO: przy wyborze prezentu istnieje mo\u017cliwo\u015b\u0107 dokupienia dodatkowo \u2013 skrawk\u00f3w papieru [...]<\/p>","protected":false},"featured_media":29175,"comment_status":"open","ping_status":"closed","template":"","meta":[],"_links":{"self":[{"href":"https:\/\/hookahshop.lt\/pl\/wp-json\/wp\/v2\/product\/29174"}],"collection":[{"href":"https:\/\/hookahshop.lt\/pl\/wp-json\/wp\/v2\/product"}],"about":[{"href":"https:\/\/hookahshop.lt\/pl\/wp-json\/wp\/v2\/types\/product"}],"replies":[{"embeddable":true,"href":"https:\/\/hookahshop.lt\/pl\/wp-json\/wp\/v2\/comments?post=29174"}],"version-history":[{"count":3,"href":"https:\/\/hookahshop.lt\/pl\/wp-json\/wp\/v2\/product\/29174\/revisions"}],"predecessor-version":[{"id":29178,"href":"https:\/\/hookahshop.lt\/pl\/wp-json\/wp\/v2\/product\/29174\/revisions\/29178"}],"wp:featuredmedia":[{"embeddable":true,"href":"https:\/\/hookahshop.lt\/pl\/wp-json\/wp\/v2\/media\/29175"}],"wp:attachment":[{"href":"https:\/\/hookahshop.lt\/pl\/wp-json\/wp\/v2\/media?parent=29174"}],"curies":[{"name":"wp","href":"https:\/\/api.w.org\/{rel}","templated":true}]}}