{"id":29207,"date":"2021-11-17T20:57:25","date_gmt":"2021-11-17T18:57:25","guid":{"rendered":"https:\/\/hookahshop.lt\/?post_type=product&#038;p=29207"},"modified":"2026-04-14T23:28:41","modified_gmt":"2026-04-14T20:28:41","slug":"juostele-rafia-ivairiu-spalvu","status":"publish","type":"product","link":"https:\/\/hookahshop.lt\/pl\/produkt\/wstazka-rafia-rozne-kolory\/","title":{"rendered":"Wst\u0105\u017cka RAFIA R\u00f3\u017cne kolory"},"content":{"rendered":"<h2>Wst\u0105\u017cka RAFIA R\u00f3\u017cne kolory<\/h2>\n<p>Wykonany z naturalnego w\u0142\u00f3kna rafii. Idealny do r\u00f3\u017cnych opraw i pakowania prezent\u00f3w. Prezenty wi\u0105zane t\u0105 wst\u0105\u017ck\u0105, ze wzgl\u0119du na swoje mi\u0119kkie odcienie i naturalny wygl\u0105d, prezentuj\u0105 si\u0119 niezwykle reprezentacyjnie i pi\u0119knie.<\/p>\n<p><strong>Charakterystyka:<\/strong><br \/>\nKolory: czarny, srebrny, br\u0105zowy.<br \/>\nD\u0142ugo\u015b\u0107: 1m<br \/>\nSzeroko\u015b\u0107: 0,5 cm<\/p>\n<p><strong>UWAGA: W zam\u00f3wieniu podaj \u017c\u0105dany kolor.<\/strong><\/p>\n<p>Czy masz jakie\u015b pytania? Skontaktuj si\u0119 z nami\u00a0<a href=\"https:\/\/hookahshop.lt\/pl\/lacznosc\/\">strona z kontaktami<\/a>\u00a0lub napisz do nas na adres\u00a0<a href=\"https:\/\/facebook.com\/HookahShop.lt\/\" target=\"_blank\" rel=\"noopener noreferrer\">konto na Facebooku<\/a>\u00a0a my odpowiemy na Twoj\u0105 pro\u015bb\u0119 tego samego dnia.<\/p>\n<p>&nbsp;<\/p>","protected":false},"excerpt":{"rendered":"<p>Wst\u0105\u017cka RAFIA R\u00f3\u017cne kolory Wykonana z naturalnego w\u0142\u00f3kna rafii. Idealna do r\u00f3\u017cnego rodzaju opraw, pakowania prezent\u00f3w. Prezenty przewi\u0105zane t\u0105 wst\u0105\u017ck\u0105, dzi\u0119ki delikatnym odcieniom i naturalnemu wygl\u0105dowi, wygl\u0105daj\u0105 bardzo reprezentacyjnie i pi\u0119knie. Charakterystyka: Kolory: czarny, srebrny, br\u0105zowy. D\u0142ugo\u015b\u0107: 1m Szeroko\u015b\u0107: 0,5cm UWAGA: w zam\u00f3wieniu poda\u0107 \u017c\u0105dany kolor. Czy masz jakie\u015b pytania? Skontaktuj si\u0119 z nami na stronie kontaktowej lub napisz do nas na naszym koncie na Facebooku i [\u2026]<\/p>","protected":false},"featured_media":29209,"comment_status":"open","ping_status":"closed","template":"","meta":[],"_links":{"self":[{"href":"https:\/\/hookahshop.lt\/pl\/wp-json\/wp\/v2\/product\/29207"}],"collection":[{"href":"https:\/\/hookahshop.lt\/pl\/wp-json\/wp\/v2\/product"}],"about":[{"href":"https:\/\/hookahshop.lt\/pl\/wp-json\/wp\/v2\/types\/product"}],"replies":[{"embeddable":true,"href":"https:\/\/hookahshop.lt\/pl\/wp-json\/wp\/v2\/comments?post=29207"}],"version-history":[{"count":4,"href":"https:\/\/hookahshop.lt\/pl\/wp-json\/wp\/v2\/product\/29207\/revisions"}],"predecessor-version":[{"id":33279,"href":"https:\/\/hookahshop.lt\/pl\/wp-json\/wp\/v2\/product\/29207\/revisions\/33279"}],"wp:featuredmedia":[{"embeddable":true,"href":"https:\/\/hookahshop.lt\/pl\/wp-json\/wp\/v2\/media\/29209"}],"wp:attachment":[{"href":"https:\/\/hookahshop.lt\/pl\/wp-json\/wp\/v2\/media?parent=29207"}],"curies":[{"name":"wp","href":"https:\/\/api.w.org\/{rel}","templated":true}]}}