{"id":29214,"date":"2021-11-17T21:22:18","date_gmt":"2021-11-17T19:22:18","guid":{"rendered":"https:\/\/hookahshop.lt\/?post_type=product&#038;p=29214"},"modified":"2026-04-19T23:28:49","modified_gmt":"2026-04-19T20:28:49","slug":"juostele-dekoratyvine-ivairiu-spalvu","status":"publish","type":"product","link":"https:\/\/hookahshop.lt\/pl\/produkt\/wstazka-dekoracyjna-rozne-kolory\/","title":{"rendered":"Wst\u0105\u017cka ozdobna R\u00f3\u017cne kolory"},"content":{"rendered":"<h2>Wst\u0105\u017cka ozdobna R\u00f3\u017cne kolory<\/h2>\n<p>Do pakowania prezent\u00f3w i dekoracji.<\/p>\n<p><strong>Charakterystyka:<\/strong><br \/>\nKolory: czerwony, czerwono-z\u0142oty, z\u0142oty.<br \/>\nD\u0142ugo\u015b\u0107: 1m<br \/>\nSzeroko\u015b\u0107: 1 cm<\/p>\n<p><strong>UWAGA: W zam\u00f3wieniu podaj \u017c\u0105dany kolor.<\/strong><\/p>\n<p>Czy masz jakie\u015b pytania? Skontaktuj si\u0119 z nami\u00a0<a href=\"https:\/\/hookahshop.lt\/pl\/lacznosc\/\">strona z kontaktami<\/a>\u00a0lub napisz do nas na adres\u00a0<a href=\"https:\/\/facebook.com\/HookahShop.lt\/\" target=\"_blank\" rel=\"noopener noreferrer\">konto na Facebooku<\/a>\u00a0a my odpowiemy na Twoj\u0105 pro\u015bb\u0119 tego samego dnia.<\/p>\n<p>&nbsp;<\/p>","protected":false},"excerpt":{"rendered":"<p>Wst\u0105\u017cka dekoracyjna R\u00f3\u017cne kolory Przeznaczona do pakowania i dekoracji prezent\u00f3w. Charakterystyka: Kolory: czerwony, czerwono-z\u0142oty, z\u0142oty. D\u0142ugo\u015b\u0107: 1m Szeroko\u015b\u0107: 1cm UWAGA: w zam\u00f3wieniu poda\u0107 \u017c\u0105dany kolor. Czy masz jakie\u015b pytania? Skontaktuj si\u0119 z nami na stronie kontaktowej lub napisz do nas na naszym koncie na Facebooku, a my odpowiemy na Twoj\u0105 pro\u015bb\u0119 jeszcze tego samego dnia. &nbsp;<\/p>","protected":false},"featured_media":29215,"comment_status":"open","ping_status":"closed","template":"","meta":[],"_links":{"self":[{"href":"https:\/\/hookahshop.lt\/pl\/wp-json\/wp\/v2\/product\/29214"}],"collection":[{"href":"https:\/\/hookahshop.lt\/pl\/wp-json\/wp\/v2\/product"}],"about":[{"href":"https:\/\/hookahshop.lt\/pl\/wp-json\/wp\/v2\/types\/product"}],"replies":[{"embeddable":true,"href":"https:\/\/hookahshop.lt\/pl\/wp-json\/wp\/v2\/comments?post=29214"}],"version-history":[{"count":3,"href":"https:\/\/hookahshop.lt\/pl\/wp-json\/wp\/v2\/product\/29214\/revisions"}],"predecessor-version":[{"id":33280,"href":"https:\/\/hookahshop.lt\/pl\/wp-json\/wp\/v2\/product\/29214\/revisions\/33280"}],"wp:featuredmedia":[{"embeddable":true,"href":"https:\/\/hookahshop.lt\/pl\/wp-json\/wp\/v2\/media\/29215"}],"wp:attachment":[{"href":"https:\/\/hookahshop.lt\/pl\/wp-json\/wp\/v2\/media?parent=29214"}],"curies":[{"name":"wp","href":"https:\/\/api.w.org\/{rel}","templated":true}]}}