{"id":29616,"date":"2021-11-29T16:56:05","date_gmt":"2021-11-29T14:56:05","guid":{"rendered":"https:\/\/hookahshop.lt\/?post_type=product&#038;p=29616"},"modified":"2026-04-19T23:28:48","modified_gmt":"2026-04-19T20:28:48","slug":"dovanu-pakavimas-kaljanas-dovana","status":"publish","type":"product","link":"https:\/\/hookahshop.lt\/pl\/produkt\/jako-prezent-pakowanie-fajki-prezent\/","title":{"rendered":"Opakowania na prezenty"},"content":{"rendered":"<h2>Opakowania prezentowe - Zadbamy o opakowanie prezentowe zakupionego towaru!<\/h2>\n<p>Tw\u00f3j przedmiot zostanie umieszczony w torbie prezentowej lub zapakowany w opakowanie prezentowe.<br \/>\nKa\u017cdy element zam\u00f3wienia jest oddzielnie pakowany jako prezent.<\/p>\n<p><em>* Kolor i wz\u00f3r opakowania dobierane s\u0105 losowo.<\/em><br \/>\n<em>* Aby produkt by\u0142 zapakowany w zam\u00f3wione pude\u0142ko, napisz komentarz przy zam\u00f3wieniu.<\/em><\/p>\n<p><em><strong>DODATKOWO: przy wyborze prezentu istnieje mo\u017cliwo\u015b\u0107 dokupienia dodatkowych wi\u00f3rk\u00f3w lub bibu\u0142y oraz wst\u0105\u017cki i wst\u0105\u017cki do dekoracji.\u00a0<\/strong><\/em><\/p>\n<p>Czy masz jakie\u015b pytania? Skontaktuj si\u0119 z nami\u00a0<a href=\"https:\/\/hookahshop.lt\/pl\/lacznosc\/\">strona z kontaktami<\/a>\u00a0lub napisz do nas na adres\u00a0<a href=\"https:\/\/facebook.com\/HookahShop.lt\/\" target=\"_blank\" rel=\"noopener noreferrer\">konto na Facebooku<\/a>\u00a0a my odpowiemy na Twoj\u0105 pro\u015bb\u0119 tego samego dnia.<\/p>","protected":false},"excerpt":{"rendered":"<p>Pakowanie prezent\u00f3w - Zajmiemy si\u0119 zapakowaniem prezentu zakupionego przez Ciebie przedmiotu! Tw\u00f3j przedmiot zostanie umieszczony w torbie prezentowej lub owini\u0119ty w papier prezentowy. Ka\u017cdy przedmiot zam\u00f3wienia jest osobno pakowany na prezent. *Kolor i wz\u00f3r opakowania wybierany jest losowo. *Je\u015bli chcesz, aby produkt by\u0142 zapakowany w zam\u00f3wione pude\u0142ko, napisz komentarz w trakcie sk\u0142adania zam\u00f3wienia. DODATKOWO: Wybieraj\u0105c prezent istnieje mo\u017cliwo\u015b\u0107 dokupienia dodatkowo [\u2026]<\/p>","protected":false},"featured_media":29619,"comment_status":"open","ping_status":"closed","template":"","meta":[],"_links":{"self":[{"href":"https:\/\/hookahshop.lt\/pl\/wp-json\/wp\/v2\/product\/29616"}],"collection":[{"href":"https:\/\/hookahshop.lt\/pl\/wp-json\/wp\/v2\/product"}],"about":[{"href":"https:\/\/hookahshop.lt\/pl\/wp-json\/wp\/v2\/types\/product"}],"replies":[{"embeddable":true,"href":"https:\/\/hookahshop.lt\/pl\/wp-json\/wp\/v2\/comments?post=29616"}],"version-history":[{"count":7,"href":"https:\/\/hookahshop.lt\/pl\/wp-json\/wp\/v2\/product\/29616\/revisions"}],"predecessor-version":[{"id":44857,"href":"https:\/\/hookahshop.lt\/pl\/wp-json\/wp\/v2\/product\/29616\/revisions\/44857"}],"wp:featuredmedia":[{"embeddable":true,"href":"https:\/\/hookahshop.lt\/pl\/wp-json\/wp\/v2\/media\/29619"}],"wp:attachment":[{"href":"https:\/\/hookahshop.lt\/pl\/wp-json\/wp\/v2\/media?parent=29616"}],"curies":[{"name":"wp","href":"https:\/\/api.w.org\/{rel}","templated":true}]}}