{"id":29751,"date":"2021-12-02T19:30:48","date_gmt":"2021-12-02T17:30:48","guid":{"rendered":"https:\/\/hookahshop.lt\/?post_type=product&#038;p=29751"},"modified":"2026-04-15T12:29:15","modified_gmt":"2026-04-15T09:29:15","slug":"taurele-kaljanui-japona-hookah-killer-red","status":"publish","type":"product","link":"https:\/\/hookahshop.lt\/pl\/produkt\/kubek-do-sziszy-japonskiej-sziszy-zabojczej-ed\/","title":{"rendered":"Kubek do fajki wodnej JAPONA HOOKAH Killer Red"},"content":{"rendered":"<h2>Kubek do fajki wodnej JAPONA HOOKAH Killer Red<\/h2>\n<p>Kubek ten s\u0142ynie na ca\u0142ym \u015bwiecie ze swojej wdzi\u0119cznej faktury i plecionej liny.<br \/>\nKubek Killer wykonany jest z czerwonej gliny i ma p\u0142askie dno oraz grube boki, kt\u00f3re r\u00f3wnomiernie si\u0119 nagrzewaj\u0105 i ujawniaj\u0105 smak tytoniu. Ten kszta\u0142t jest idealny do twardych opakowa\u0144. Obj\u0119to\u015b\u0107 kubka to oko\u0142o 15-17 gram\u00f3w.<br \/>\nJapan Hookah Killer Cup jest zapakowany w markowe, drewniane opakowanie na prezent.<\/p>\n<p><strong>Specyfikacje:<\/strong><br \/>\nWysoko\u015b\u0107: 110mm<br \/>\n\u015arednica (zewn\u0119trzna): 72 mm<br \/>\n\u015arednica (wewn\u0119trzna): 62 mm<br \/>\nG\u0142\u0119boko\u015b\u0107: 16 mm<br \/>\n\u015arednica otworu: 10 mm<br \/>\nLiczba otwor\u00f3w: 5 szt<br \/>\nWaga: oko\u0142o 200g.<\/p>\n<p>Czy masz jakie\u015b pytania? Skontaktuj si\u0119 z nami\u00a0<a href=\"https:\/\/hookahshop.lt\/pl\/lacznosc\/\">strona z kontaktami<\/a>\u00a0lub napisz do nas na adres\u00a0<a href=\"https:\/\/facebook.com\/HookahShop.lt\/\" target=\"_blank\" rel=\"noopener noreferrer\">konto na Facebooku<\/a>\u00a0a my odpowiemy na Twoj\u0105 pro\u015bb\u0119 tego samego dnia.<\/p>","protected":false},"excerpt":{"rendered":"<p>Kubek na fajk\u0119 wodn\u0105 JAPAN HOOKAH Killer Red Fili\u017canka ta jest znana na ca\u0142ym \u015bwiecie, z pe\u0142n\u0105 wdzi\u0119ku faktur\u0105 i plecion\u0105 lin\u0105. Kubek Killer wykonany jest z czerwonej gliny i ma p\u0142askie dno oraz grube boki, kt\u00f3re r\u00f3wnomiernie si\u0119 nagrzewaj\u0105 i ujawniaj\u0105 smak tytoniu. Forma ta idealnie nadaje si\u0119 do opakowa\u0144 twardych. Obj\u0119to\u015b\u0107 fili\u017canki wynosi oko\u0142o 15-17 gram\u00f3w. Kubek Japan Hookah Killer jest pakowany w markowe, [\u2026]<\/p>","protected":false},"featured_media":29939,"comment_status":"open","ping_status":"closed","template":"","meta":[],"_links":{"self":[{"href":"https:\/\/hookahshop.lt\/pl\/wp-json\/wp\/v2\/product\/29751"}],"collection":[{"href":"https:\/\/hookahshop.lt\/pl\/wp-json\/wp\/v2\/product"}],"about":[{"href":"https:\/\/hookahshop.lt\/pl\/wp-json\/wp\/v2\/types\/product"}],"replies":[{"embeddable":true,"href":"https:\/\/hookahshop.lt\/pl\/wp-json\/wp\/v2\/comments?post=29751"}],"version-history":[{"count":4,"href":"https:\/\/hookahshop.lt\/pl\/wp-json\/wp\/v2\/product\/29751\/revisions"}],"predecessor-version":[{"id":33258,"href":"https:\/\/hookahshop.lt\/pl\/wp-json\/wp\/v2\/product\/29751\/revisions\/33258"}],"wp:featuredmedia":[{"embeddable":true,"href":"https:\/\/hookahshop.lt\/pl\/wp-json\/wp\/v2\/media\/29939"}],"wp:attachment":[{"href":"https:\/\/hookahshop.lt\/pl\/wp-json\/wp\/v2\/media?parent=29751"}],"curies":[{"name":"wp","href":"https:\/\/api.w.org\/{rel}","templated":true}]}}