{"id":29836,"date":"2021-12-06T22:33:55","date_gmt":"2021-12-06T20:33:55","guid":{"rendered":"https:\/\/hookahshop.lt\/?post_type=product&#038;p=29836"},"modified":"2026-04-20T23:29:23","modified_gmt":"2026-04-20T20:29:23","slug":"kolba-kaljanui-bigmaks-rainbow-gray-shine","status":"publish","type":"product","link":"https:\/\/hookahshop.lt\/pl\/produkt\/flask-for-hookah-bigmaks-tecza-szary-polysk\/","title":{"rendered":"Kolba do fajki wodnej BIGMAKS Rainbow Grey Shine"},"content":{"rendered":"<h2>Kolba do fajki wodnej BIGMAKS Rainbow Grey Shine<\/h2>\n<p>Kolba ma kszta\u0142t piramidy, kt\u00f3ra jest jedn\u0105 z najpopularniejszych. Butelka BIGMAKS Rainbow Grey Shine ma pi\u0119kny t\u0119czowy odcie\u0144, jest przezroczysta szara i ma dobrze widoczny poziom wody.<\/p>\n<p><strong><span title=\"\">Specyfikacje:<\/span><\/strong><br \/>\nWysoko\u015b\u0107: ~ 258 mm<br \/>\nWaga: ~ 1790 g<br \/>\nWewn\u0119trzna \u015brednica szyi: oko\u0142o 71 mm<br \/>\n\u015arednica zewn\u0119trzna szyi: oko\u0142o 47 mm<br \/>\nMateria\u0142: szk\u0142o<\/p>\n<p>Czy masz jakie\u015b pytania? Skontaktuj si\u0119 z nami\u00a0<a href=\"https:\/\/hookahshop.lt\/pl\/lacznosc\/\">strona z kontaktami<\/a>\u00a0lub napisz do nas na adres\u00a0<a href=\"https:\/\/facebook.com\/HookahShop.lt\/\" target=\"_blank\" rel=\"noopener noreferrer\">konto na Facebooku<\/a>\u00a0a my odpowiemy na Twoj\u0105 pro\u015bb\u0119 tego samego dnia.<\/p>\n<p>&nbsp;<\/p>","protected":false},"excerpt":{"rendered":"<p>Piersi\u00f3wka do fajki wodnej BIGMAKS Rainbow Grey Shine Kolba ma kszta\u0142t piramidy, kt\u00f3ry jest jednym z najpopularniejszych. Flakonik BIGMAKS Rainbow Grey Shine ma pi\u0119kny t\u0119czowy odcie\u0144, jest przezroczysty, szary, a poziom wody jest dobrze widoczny. Dane techniczne: Wysoko\u015b\u0107: ~258 mm Waga: ~1790 g \u015arednica wewn\u0119trzna gryfu: ok. 71 mm \u015arednica zewn\u0119trzna gryfu: ok. 47 mm Materia\u0142: szk\u0142o Masz [\u2026]<\/p>","protected":false},"featured_media":29843,"comment_status":"open","ping_status":"closed","template":"","meta":[],"_links":{"self":[{"href":"https:\/\/hookahshop.lt\/pl\/wp-json\/wp\/v2\/product\/29836"}],"collection":[{"href":"https:\/\/hookahshop.lt\/pl\/wp-json\/wp\/v2\/product"}],"about":[{"href":"https:\/\/hookahshop.lt\/pl\/wp-json\/wp\/v2\/types\/product"}],"replies":[{"embeddable":true,"href":"https:\/\/hookahshop.lt\/pl\/wp-json\/wp\/v2\/comments?post=29836"}],"version-history":[{"count":5,"href":"https:\/\/hookahshop.lt\/pl\/wp-json\/wp\/v2\/product\/29836\/revisions"}],"predecessor-version":[{"id":43072,"href":"https:\/\/hookahshop.lt\/pl\/wp-json\/wp\/v2\/product\/29836\/revisions\/43072"}],"wp:featuredmedia":[{"embeddable":true,"href":"https:\/\/hookahshop.lt\/pl\/wp-json\/wp\/v2\/media\/29843"}],"wp:attachment":[{"href":"https:\/\/hookahshop.lt\/pl\/wp-json\/wp\/v2\/media?parent=29836"}],"curies":[{"name":"wp","href":"https:\/\/api.w.org\/{rel}","templated":true}]}}