{"id":29907,"date":"2021-12-09T11:37:38","date_gmt":"2021-12-09T09:37:38","guid":{"rendered":"https:\/\/hookahshop.lt\/?post_type=product&#038;p=29907"},"modified":"2026-04-26T23:29:47","modified_gmt":"2026-04-26T20:29:47","slug":"kaljanas-ykap-killer-classic-blue","status":"publish","type":"product","link":"https:\/\/hookahshop.lt\/pl\/produkt\/hookah-ykap-killer-classic-blue\/","title":{"rendered":"Fajka wodna YKAP Killer Classic Blue"},"content":{"rendered":"<h2>Fajka wodna YKAP Killer Classic Blue<\/h2>\n<p>Nowa fajka wodna \u201eYKAP Classic Blue\u201d znanego producenta z Rosji - YKAP. Jest to niewielka i wysokiej jako\u015bci fajka wodna, kt\u00f3ra zapewni przyjemn\u0105 sesj\u0119. Szisza wykonana jest z najwy\u017cszej jako\u015bci materia\u0142\u00f3w, co zapewni d\u0142ug\u0105 \u017cywotno\u015b\u0107 fajki wodnej. Klasyczna fajka wodna.<\/p>\n<p><strong>Ekwipunek:<\/strong><br \/>\nSzisza (moja)<br \/>\nStal nierdzewna z detalami z drewna.<br \/>\nW\u0105\u017c silikonowy (O-ring)<\/p>\n<p><img decoding=\"async\" loading=\"lazy\" class=\"alignnone size-medium wp-image-38521\" src=\"https:\/\/hookahshop.lt\/wp-content\/uploads\/2020\/09\/stiebas-zarna-kandiklis-1-300x273.jpg\" alt=\"- hookahshop.lt\" width=\"300\" height=\"273\" srcset=\"https:\/\/hookahshop.lt\/wp-content\/uploads\/2020\/09\/stiebas-zarna-kandiklis-1-300x273.jpg 300w, https:\/\/hookahshop.lt\/wp-content\/uploads\/2020\/09\/stiebas-zarna-kandiklis-1-13x12.jpg 13w, https:\/\/hookahshop.lt\/wp-content\/uploads\/2020\/09\/stiebas-zarna-kandiklis-1-64x58.jpg 64w, https:\/\/hookahshop.lt\/wp-content\/uploads\/2020\/09\/stiebas-zarna-kandiklis-1.jpg 420w\" sizes=\"(max-width: 300px) 100vw, 300px\" title=\"\"><\/p>\n<p><strong>Specyfikacja:<\/strong><br \/>\nWysoko\u015b\u0107: 54 cm<br \/>\nKraj pochodzenia: Rosja<\/p>\n<p>Czy masz jakie\u015b pytania? Skontaktuj si\u0119 z nami <a href=\"https:\/\/hookahshop.lt\/pl\/lacznosc\/\">strona z kontaktami<\/a>\u00a0lub napisz do nas na adres\u00a0<a href=\"https:\/\/facebook.com\/HookahShop.lt\/\" target=\"_blank\" rel=\"noopener noreferrer\">konto na Facebooku<\/a>\u00a0a my odpowiemy na Twoj\u0105 pro\u015bb\u0119 tego samego dnia.<\/p>","protected":false},"excerpt":{"rendered":"<p>Fajka wodna YKAP Killer Classic Blue Nowa fajka wodna \u201eYKAP Classic Blue\u201d od znanego producenta z Rosji - YKAP. To ma\u0142a i wysokiej jako\u015bci fajka wodna, kt\u00f3ra zagwarantuje przyjemn\u0105 sesj\u0119. Fajka wodna wykonana jest z najwy\u017cszej jako\u015bci materia\u0142\u00f3w, co zapewni d\u0142ug\u0105 \u017cywotno\u015b\u0107 fajki wodnej. Klasyczna fajka wodna. Kompletny zestaw: Fajka wodna (trzon) Stal nierdzewna z drewnianymi detalami. W\u0105\u017c silikonowy (O-ring) Specyfikacja: Wysoko\u015b\u0107: [\u2026]<\/p>","protected":false},"featured_media":29960,"comment_status":"open","ping_status":"closed","template":"","meta":[],"_links":{"self":[{"href":"https:\/\/hookahshop.lt\/pl\/wp-json\/wp\/v2\/product\/29907"}],"collection":[{"href":"https:\/\/hookahshop.lt\/pl\/wp-json\/wp\/v2\/product"}],"about":[{"href":"https:\/\/hookahshop.lt\/pl\/wp-json\/wp\/v2\/types\/product"}],"replies":[{"embeddable":true,"href":"https:\/\/hookahshop.lt\/pl\/wp-json\/wp\/v2\/comments?post=29907"}],"version-history":[{"count":7,"href":"https:\/\/hookahshop.lt\/pl\/wp-json\/wp\/v2\/product\/29907\/revisions"}],"predecessor-version":[{"id":30003,"href":"https:\/\/hookahshop.lt\/pl\/wp-json\/wp\/v2\/product\/29907\/revisions\/30003"}],"wp:featuredmedia":[{"embeddable":true,"href":"https:\/\/hookahshop.lt\/pl\/wp-json\/wp\/v2\/media\/29960"}],"wp:attachment":[{"href":"https:\/\/hookahshop.lt\/pl\/wp-json\/wp\/v2\/media?parent=29907"}],"curies":[{"name":"wp","href":"https:\/\/api.w.org\/{rel}","templated":true}]}}