{"id":29911,"date":"2021-12-09T11:40:04","date_gmt":"2021-12-09T09:40:04","guid":{"rendered":"https:\/\/hookahshop.lt\/?post_type=product&#038;p=29911"},"modified":"2026-05-05T23:29:58","modified_gmt":"2026-05-05T20:29:58","slug":"kaljanas-ykap-killer-classic-green","status":"publish","type":"product","link":"https:\/\/hookahshop.lt\/pl\/produkt\/fajka-wodna-ykap-killer-classic-green\/","title":{"rendered":"Fajka wodna YKAP Killer Classic Zielona"},"content":{"rendered":"<h2>Fajka wodna YKAP Killer Classic Zielona<\/h2>\n<p>Nowa fajka wodna \u201eYKAP Classic Green\u201d znanego producenta z Rosji - YKAP. Jest to niewielka i wysokiej jako\u015bci fajka wodna, kt\u00f3ra zapewni przyjemn\u0105 sesj\u0119. Szisza wykonana jest z najwy\u017cszej jako\u015bci materia\u0142\u00f3w, co zapewni d\u0142ug\u0105 \u017cywotno\u015b\u0107 fajki wodnej. Klasyczna fajka wodna.<\/p>\n<p><strong>Ekwipunek:<\/strong><br \/>\nSzisza (moja)<br \/>\nStal nierdzewna z detalami z drewna.<br \/>\nW\u0105\u017c silikonowy (O-ring)<\/p>\n<p><strong>Specyfikacja:<\/strong><br \/>\nWysoko\u015b\u0107: 54 cm<br \/>\nKraj pochodzenia: Rosja<\/p>\n<p>Czy masz jakie\u015b pytania? Skontaktuj si\u0119 z nami <a href=\"https:\/\/hookahshop.lt\/pl\/lacznosc\/\">strona z kontaktami<\/a>\u00a0lub napisz do nas na adres\u00a0<a href=\"https:\/\/facebook.com\/HookahShop.lt\/\" target=\"_blank\" rel=\"noopener noreferrer\">konto na Facebooku<\/a>\u00a0a my odpowiemy na Twoj\u0105 pro\u015bb\u0119 tego samego dnia.<\/p>","protected":false},"excerpt":{"rendered":"<p>Fajka wodna YKAP Killer Classic Green Nowa fajka wodna \u201eYKAP Classic Green\u201d znanego producenta z Rosji - YKAP. Jest to niewielka i wysokiej jako\u015bci fajka wodna, kt\u00f3ra zapewni przyjemn\u0105 sesj\u0119. Szisza wykonana jest z najwy\u017cszej jako\u015bci materia\u0142\u00f3w, co zapewni d\u0142ug\u0105 \u017cywotno\u015b\u0107 fajki wodnej. Klasyczna fajka wodna. Kompletny zestaw: Fajka wodna (trzon) Stal nierdzewna z detalami z drewna. Specyfikacja w\u0119\u017ca silikonowego (O-ring): Wysoko\u015b\u0107: [\u2026]<\/p>","protected":false},"featured_media":29957,"comment_status":"open","ping_status":"closed","template":"","meta":[],"_links":{"self":[{"href":"https:\/\/hookahshop.lt\/pl\/wp-json\/wp\/v2\/product\/29911"}],"collection":[{"href":"https:\/\/hookahshop.lt\/pl\/wp-json\/wp\/v2\/product"}],"about":[{"href":"https:\/\/hookahshop.lt\/pl\/wp-json\/wp\/v2\/types\/product"}],"replies":[{"embeddable":true,"href":"https:\/\/hookahshop.lt\/pl\/wp-json\/wp\/v2\/comments?post=29911"}],"version-history":[{"count":6,"href":"https:\/\/hookahshop.lt\/pl\/wp-json\/wp\/v2\/product\/29911\/revisions"}],"predecessor-version":[{"id":33740,"href":"https:\/\/hookahshop.lt\/pl\/wp-json\/wp\/v2\/product\/29911\/revisions\/33740"}],"wp:featuredmedia":[{"embeddable":true,"href":"https:\/\/hookahshop.lt\/pl\/wp-json\/wp\/v2\/media\/29957"}],"wp:attachment":[{"href":"https:\/\/hookahshop.lt\/pl\/wp-json\/wp\/v2\/media?parent=29911"}],"curies":[{"name":"wp","href":"https:\/\/api.w.org\/{rel}","templated":true}]}}