{"id":29966,"date":"2021-12-09T15:17:37","date_gmt":"2021-12-09T13:17:37","guid":{"rendered":"https:\/\/hookahshop.lt\/?post_type=product&#038;p=29966"},"modified":"2026-04-18T23:29:12","modified_gmt":"2026-04-18T20:29:12","slug":"kaljanas-ykap-eco-e2-pulya-black","status":"publish","type":"product","link":"https:\/\/hookahshop.lt\/pl\/produkt\/szisza-ykap-eko-e2-czarny\/","title":{"rendered":"Szisza YKAP Eco E2 Pulya Czarna"},"content":{"rendered":"<h2>Szisza YKAP Eco E2 Pulya Czarna<\/h2>\n<p>To wysokiej jako\u015bci fajka wodna, kt\u00f3ra zagwarantuje przyjemn\u0105 sesj\u0119, a dzi\u0119ki dyfuzorowi zaci\u0105ganie si\u0119 ni\u0105 b\u0119dzie \u0142atwe. Osoby lubi\u0105ce mocniejszy powiew mog\u0105 zdemontowa\u0107 dyfuzor.<\/p>\n<p><strong>Specyfikacja:<\/strong><br \/>\nMateria\u0142 (zewn\u0119trzny): anodowane aluminium<br \/>\nMateria\u0142 (wewn\u0119trzny): stal nierdzewna (sp\u00f3d s\u0142upa w kontakcie z wod\u0105)<br \/>\nWa\u0142 (maszt) jest w pe\u0142ni wybieralny<br \/>\nZ\u0142\u0105cze z O-ringiem<br \/>\nPionowe oddymianie<br \/>\nP\u0142yta (stal nierdzewna malowana proszkowo)<br \/>\nWysoko\u015b\u0107 trzonu (\u0142odygi) bez kolby: 47 cm<br \/>\n\u015arednica wewn\u0119trzna wa\u0142u (maszt): 13 mm<br \/>\nDyfuzor: tak<\/p>\n<p><strong>Ekwipunek:<\/strong><\/p>\n<p>Wa\u0142 (trzpie\u0144), p\u0142ytka, ustnik, silikonowy czarny w\u0105\u017c, komplet uszczelek.<\/p>\n<p><img decoding=\"async\" loading=\"lazy\" class=\"alignnone size-medium wp-image-38521\" src=\"https:\/\/hookahshop.lt\/wp-content\/uploads\/2020\/09\/stiebas-zarna-kandiklis-1-300x273.jpg\" alt=\"- hookahshop.lt\" width=\"300\" height=\"273\" srcset=\"https:\/\/hookahshop.lt\/wp-content\/uploads\/2020\/09\/stiebas-zarna-kandiklis-1-300x273.jpg 300w, https:\/\/hookahshop.lt\/wp-content\/uploads\/2020\/09\/stiebas-zarna-kandiklis-1-13x12.jpg 13w, https:\/\/hookahshop.lt\/wp-content\/uploads\/2020\/09\/stiebas-zarna-kandiklis-1-64x58.jpg 64w, https:\/\/hookahshop.lt\/wp-content\/uploads\/2020\/09\/stiebas-zarna-kandiklis-1.jpg 420w\" sizes=\"(max-width: 300px) 100vw, 300px\" title=\"\"><\/p>\n<p>Czy masz jakie\u015b pytania? Skontaktuj si\u0119 z nami\u00a0<a href=\"https:\/\/hookahshop.lt\/pl\/lacznosc\/\">strona z kontaktami<\/a>\u00a0lub napisz do nas na adres\u00a0<a href=\"https:\/\/facebook.com\/HookahShop.lt\/\" target=\"_blank\" rel=\"noopener noreferrer\">konto na Facebooku<\/a>\u00a0a my odpowiemy na Twoj\u0105 pro\u015bb\u0119 tego samego dnia.<\/p>","protected":false},"excerpt":{"rendered":"<p>Fajka wodna YKAP Eco E2 Pulya Black To wysokiej jako\u015bci fajka wodna, kt\u00f3ra zagwarantuje przyjemn\u0105 sesj\u0119, a dzi\u0119ki dyfuzorowi zaci\u0105ganie si\u0119 b\u0119dzie \u0142atwe. Dla tych, kt\u00f3rzy lubi\u0105 mocniejsze zaci\u0105ganie, dyfuzor jest wyjmowany. Specyfikacja: Materia\u0142 (zewn\u0119trzny): anodowane aluminium Materia\u0142 (wewn\u0119trzny): stal nierdzewna (dolna cz\u0119\u015b\u0107 trzonu, kt\u00f3ra ma kontakt z wod\u0105) Trzonek (trzon) jest ca\u0142kowicie wyjmowany Z\u0142\u0105cze z pier\u015bcieniem uszczelniaj\u0105cym Pionowy otw\u00f3r dymowy P\u0142yta (stal nierdzewna [\u2026]<\/p>","protected":false},"featured_media":29967,"comment_status":"open","ping_status":"closed","template":"","meta":[],"_links":{"self":[{"href":"https:\/\/hookahshop.lt\/pl\/wp-json\/wp\/v2\/product\/29966"}],"collection":[{"href":"https:\/\/hookahshop.lt\/pl\/wp-json\/wp\/v2\/product"}],"about":[{"href":"https:\/\/hookahshop.lt\/pl\/wp-json\/wp\/v2\/types\/product"}],"replies":[{"embeddable":true,"href":"https:\/\/hookahshop.lt\/pl\/wp-json\/wp\/v2\/comments?post=29966"}],"version-history":[{"count":9,"href":"https:\/\/hookahshop.lt\/pl\/wp-json\/wp\/v2\/product\/29966\/revisions"}],"predecessor-version":[{"id":30258,"href":"https:\/\/hookahshop.lt\/pl\/wp-json\/wp\/v2\/product\/29966\/revisions\/30258"}],"wp:featuredmedia":[{"embeddable":true,"href":"https:\/\/hookahshop.lt\/pl\/wp-json\/wp\/v2\/media\/29967"}],"wp:attachment":[{"href":"https:\/\/hookahshop.lt\/pl\/wp-json\/wp\/v2\/media?parent=29966"}],"curies":[{"name":"wp","href":"https:\/\/api.w.org\/{rel}","templated":true}]}}