{"id":30079,"date":"2021-12-14T13:40:04","date_gmt":"2021-12-14T11:40:04","guid":{"rendered":"https:\/\/hookahshop.lt\/?post_type=product&#038;p=30079"},"modified":"2026-04-26T23:29:48","modified_gmt":"2026-04-26T20:29:48","slug":"kandiklis-kaljanui-vyro-forged-black-mini","status":"publish","type":"product","link":"https:\/\/hookahshop.lt\/pl\/produkt\/ustnik-do-meskiej-fajki-wodnej-kuty-czarny-mini\/","title":{"rendered":"Hooker dla m\u0119\u017cczyzn VYRO Forged Black Mini"},"content":{"rendered":"<h2>Hooker dla m\u0119\u017cczyzn VYRO Forged Black Mini<\/h2>\n<p>\u015awietny nie tylko ze wzgl\u0119du na niewielk\u0105 wag\u0119, ale tak\u017ce ze wzgl\u0119du na wysokiej jako\u015bci materia\u0142. Ten w\u0119glowy ustnik nadaje si\u0119 nie tylko do codziennego u\u017cytku, ale tak\u017ce do ka\u017cdej fajki wodnej i zwyk\u0142ego w\u0119\u017ca silikonowego.<\/p>\n<p><strong>Specyfikacje:<\/strong><br \/>\nD\u0142ugo\u015b\u0107: ~17 cm<br \/>\nWaga: ~73 g<br \/>\n\u015arednica wewn\u0119trzna: 10 mm<br \/>\nMateria\u0142y: stal w\u0119glowa i stal nierdzewna V2A<\/p>\n<p>&nbsp;<\/p>\n<p>Czy masz jakie\u015b pytania? Skontaktuj si\u0119 z nami\u00a0<a href=\"https:\/\/hookahshop.lt\/pl\/lacznosc\/\">strona z kontaktami<\/a>\u00a0lub napisz do nas na adres\u00a0<a href=\"https:\/\/facebook.com\/HookahShop.lt\/\" target=\"_blank\" rel=\"noopener noreferrer\">konto na Facebooku<\/a>\u00a0a my odpowiemy na Twoj\u0105 pro\u015bb\u0119 tego samego dnia.<\/p>","protected":false},"excerpt":{"rendered":"<p>Ustnik do fajki wodnej VYRO Forged Black Mini Znakomity nie tylko ze wzgl\u0119du na niewielk\u0105 wag\u0119, ale tak\u017ce ze wzgl\u0119du na jako\u015b\u0107 materia\u0142u. Ten ustnik w\u0119glowy nadaje si\u0119 nie tylko do codziennego u\u017cytku, ale nadaje si\u0119 r\u00f3wnie\u017c do ka\u017cdej fajki wodnej i zwyk\u0142ego w\u0119\u017ca silikonowego. Dane techniczne: D\u0142ugo\u015b\u0107: ~17 cm Waga: ~ 73 g \u015arednica wewn\u0119trzna: 10 mm Materia\u0142y: Stal w\u0119glowa i nierdzewna V2A Pytania? Kontakt [\u2026]<\/p>","protected":false},"featured_media":30081,"comment_status":"open","ping_status":"closed","template":"","meta":[],"_links":{"self":[{"href":"https:\/\/hookahshop.lt\/pl\/wp-json\/wp\/v2\/product\/30079"}],"collection":[{"href":"https:\/\/hookahshop.lt\/pl\/wp-json\/wp\/v2\/product"}],"about":[{"href":"https:\/\/hookahshop.lt\/pl\/wp-json\/wp\/v2\/types\/product"}],"replies":[{"embeddable":true,"href":"https:\/\/hookahshop.lt\/pl\/wp-json\/wp\/v2\/comments?post=30079"}],"version-history":[{"count":3,"href":"https:\/\/hookahshop.lt\/pl\/wp-json\/wp\/v2\/product\/30079\/revisions"}],"predecessor-version":[{"id":33737,"href":"https:\/\/hookahshop.lt\/pl\/wp-json\/wp\/v2\/product\/30079\/revisions\/33737"}],"wp:featuredmedia":[{"embeddable":true,"href":"https:\/\/hookahshop.lt\/pl\/wp-json\/wp\/v2\/media\/30081"}],"wp:attachment":[{"href":"https:\/\/hookahshop.lt\/pl\/wp-json\/wp\/v2\/media?parent=30079"}],"curies":[{"name":"wp","href":"https:\/\/api.w.org\/{rel}","templated":true}]}}