{"id":30087,"date":"2021-12-14T16:13:59","date_gmt":"2021-12-14T14:13:59","guid":{"rendered":"https:\/\/hookahshop.lt\/?post_type=product&#038;p=30087"},"modified":"2026-04-26T23:29:49","modified_gmt":"2026-04-26T20:29:49","slug":"znyples-kaljano-anglims-kaya-dagger","status":"publish","type":"product","link":"https:\/\/hookahshop.lt\/pl\/produkt\/szczypce-szisza-wegiel-kaja-sztylet\/","title":{"rendered":"Haczyki do fajki wodnej KAYA Dagger"},"content":{"rendered":"<h2>Haczyki do fajki wodnej KAYA Dagger<\/h2>\n<p>Przeznaczony do umieszczania roz\u017carzonych w\u0119gli w komorze grzewczej i wygodnego transportu ich z komory grzewczej w wybrane miejsce. Szczypce w oryginalnym pude\u0142ku, dzi\u0119ki czemu doskonale sprawdz\u0105 si\u0119 przy zakupie jako prezent.<\/p>\n<p><strong>Specyfikacje:<\/strong><br \/>\nD\u0142ugo\u015b\u0107: 23 cm<br \/>\nMateria\u0142: Stal nierdzewna<br \/>\nKraj producenta: Niemcy<\/p>\n<p>&nbsp;<\/p>\n<p>Czy masz jakie\u015b pytania? Skontaktuj si\u0119 z nami\u00a0<a href=\"https:\/\/hookahshop.lt\/pl\/lacznosc\/\">strona z kontaktami<\/a>\u00a0lub napisz do nas na adres\u00a0<a href=\"https:\/\/facebook.com\/HookahShop.lt\/\" target=\"_blank\" rel=\"noopener noreferrer\">konto na Facebooku<\/a>\u00a0a my odpowiemy na Twoj\u0105 pro\u015bb\u0119 tego samego dnia.<\/p>","protected":false},"excerpt":{"rendered":"<p>Szczypce do w\u0119gli do fajki wodnej KAYA Dagger Przeznaczone do umieszczania roz\u017carzonych w\u0119gli w komorze grzewczej i wygodnego transportu ich z komory grzewczej w wybrane miejsce. Szczypce zapakowane w oryginalne pude\u0142ko, dzi\u0119ki czemu idealnie nadaj\u0105 si\u0119 do zakupu na prezent. Dane techniczne: D\u0142ugo\u015b\u0107: 23 cm Materia\u0142: Stal nierdzewna Kraj producenta: Niemcy Masz pytania? Skontaktuj si\u0119 z nami na stronie kontaktowej lub napisz do nas na naszym koncie na Facebooku, a my odpowiemy na Twoje [\u2026]<\/p>","protected":false},"featured_media":30092,"comment_status":"open","ping_status":"closed","template":"","meta":[],"_links":{"self":[{"href":"https:\/\/hookahshop.lt\/pl\/wp-json\/wp\/v2\/product\/30087"}],"collection":[{"href":"https:\/\/hookahshop.lt\/pl\/wp-json\/wp\/v2\/product"}],"about":[{"href":"https:\/\/hookahshop.lt\/pl\/wp-json\/wp\/v2\/types\/product"}],"replies":[{"embeddable":true,"href":"https:\/\/hookahshop.lt\/pl\/wp-json\/wp\/v2\/comments?post=30087"}],"version-history":[{"count":5,"href":"https:\/\/hookahshop.lt\/pl\/wp-json\/wp\/v2\/product\/30087\/revisions"}],"predecessor-version":[{"id":42969,"href":"https:\/\/hookahshop.lt\/pl\/wp-json\/wp\/v2\/product\/30087\/revisions\/42969"}],"wp:featuredmedia":[{"embeddable":true,"href":"https:\/\/hookahshop.lt\/pl\/wp-json\/wp\/v2\/media\/30092"}],"wp:attachment":[{"href":"https:\/\/hookahshop.lt\/pl\/wp-json\/wp\/v2\/media?parent=30087"}],"curies":[{"name":"wp","href":"https:\/\/api.w.org\/{rel}","templated":true}]}}