{"id":30151,"date":"2021-12-17T15:36:36","date_gmt":"2021-12-17T13:36:36","guid":{"rendered":"https:\/\/hookahshop.lt\/?post_type=product&#038;p=30151"},"modified":"2026-04-20T23:29:22","modified_gmt":"2026-04-20T20:29:22","slug":"zarna-silikonine-aladin-silver","status":"publish","type":"product","link":"https:\/\/hookahshop.lt\/pl\/produkt\/waz-silikonowy-aladyn-srebrny\/","title":{"rendered":"W\u0105\u017c silikonowy ALADIN Srebrny"},"content":{"rendered":"<h2>W\u0105\u017c silikonowy ALADIN Srebrny<\/h2>\n<p>Wykonany z silikonu medycznego z pow\u0142ok\u0105 antystatyczn\u0105 \u201eSoft-Touch\u201d i nie posiada obcych zapach\u00f3w. Dzi\u0119ki tym w\u0142a\u015bciwo\u015bciom w\u0105\u017c pozostaje elastyczny.<br \/>\nSpecyfikacje:<br \/>\nD\u0142ugo\u015b\u0107: 1,50 m\u00b2<br \/>\nDanga: mi\u0119kki dotyk<br \/>\nWaga: oko\u0142o 200g.<\/p>\n<p>Czy masz jakie\u015b pytania? Skontaktuj si\u0119 z nami\u00a0<a href=\"https:\/\/hookahshop.lt\/pl\/lacznosc\/\">strona z kontaktami<\/a>\u00a0lub napisz do nas na adres\u00a0<a href=\"https:\/\/facebook.com\/HookahShop.lt\/\" target=\"_blank\" rel=\"noopener noreferrer\">konto na Facebooku<\/a>\u00a0a my odpowiemy na Twoj\u0105 pro\u015bb\u0119 tego samego dnia.<\/p>","protected":false},"excerpt":{"rendered":"<p>W\u0105\u017c silikonowy ALADIN Silver Wykonany z silikonu medycznego z antystatyczn\u0105 pow\u0142ok\u0105 Soft-Touch i nie posiada obcych zapach\u00f3w. Dzi\u0119ki tym w\u0142a\u015bciwo\u015bciom w\u0105\u017c pozostaje elastyczny. Dane techniczne: D\u0142ugo\u015b\u0107: 1,50 m Pow\u0142oka: mi\u0119kka w dotyku Waga: oko\u0142o 200 g. Czy masz jakie\u015b pytania? Skontaktuj si\u0119 z nami na stronie kontaktowej lub napisz do nas na naszym koncie na Facebooku, a my odpowiemy na Twoj\u0105 pro\u015bb\u0119 jeszcze tego samego dnia.<\/p>","protected":false},"featured_media":30152,"comment_status":"open","ping_status":"closed","template":"","meta":[],"_links":{"self":[{"href":"https:\/\/hookahshop.lt\/pl\/wp-json\/wp\/v2\/product\/30151"}],"collection":[{"href":"https:\/\/hookahshop.lt\/pl\/wp-json\/wp\/v2\/product"}],"about":[{"href":"https:\/\/hookahshop.lt\/pl\/wp-json\/wp\/v2\/types\/product"}],"replies":[{"embeddable":true,"href":"https:\/\/hookahshop.lt\/pl\/wp-json\/wp\/v2\/comments?post=30151"}],"version-history":[{"count":5,"href":"https:\/\/hookahshop.lt\/pl\/wp-json\/wp\/v2\/product\/30151\/revisions"}],"predecessor-version":[{"id":45543,"href":"https:\/\/hookahshop.lt\/pl\/wp-json\/wp\/v2\/product\/30151\/revisions\/45543"}],"wp:featuredmedia":[{"embeddable":true,"href":"https:\/\/hookahshop.lt\/pl\/wp-json\/wp\/v2\/media\/30152"}],"wp:attachment":[{"href":"https:\/\/hookahshop.lt\/pl\/wp-json\/wp\/v2\/media?parent=30151"}],"curies":[{"name":"wp","href":"https:\/\/api.w.org\/{rel}","templated":true}]}}