{"id":30155,"date":"2021-12-17T15:50:27","date_gmt":"2021-12-17T13:50:27","guid":{"rendered":"https:\/\/hookahshop.lt\/?post_type=product&#038;p=30155"},"modified":"2026-04-15T23:29:19","modified_gmt":"2026-04-15T20:29:19","slug":"lekste-kaljanui-aladin-stainless","status":"publish","type":"product","link":"https:\/\/hookahshop.lt\/pl\/produkt\/lekste-szisza-aladin-ze-stali-nierdzewnej\/","title":{"rendered":"Talerz do fajki wodnej ALADIN Stainless"},"content":{"rendered":"<h2>Talerz do fajki wodnej ALADIN Stainless<\/h2>\n<p>Elegancka p\u0142ytka ze stali nierdzewnej do fajki wodnej. Przed zakupem fajki wodnej sprawd\u017a, czy specyfikacje fajki wodnej s\u0105 zgodne ze specyfikacjami tego produktu.<\/p>\n<p>Specyfikacje:<br \/>\n\u015arednica: oko\u0142o 20,8 cm<br \/>\n\u015arednica otworu: oko\u0142o 1,6 cm<br \/>\nMateria\u0142: Stal nierdzewna<\/p>\n<p>Czy masz jakie\u015b pytania? Skontaktuj si\u0119 z nami\u00a0<a href=\"https:\/\/hookahshop.lt\/pl\/lacznosc\/\">strona z kontaktami<\/a>\u00a0lub napisz do nas na adres\u00a0<a href=\"https:\/\/facebook.com\/HookahShop.lt\/\" target=\"_blank\" rel=\"noopener noreferrer\">konto na Facebooku<\/a>\u00a0a my odpowiemy na Twoj\u0105 pro\u015bb\u0119 tego samego dnia.<\/p>\n<p>&nbsp;<\/p>","protected":false},"excerpt":{"rendered":"<p>Talerz do fajki wodnej ALADIN Nierdzewny Elegancki talerz ze stali nierdzewnej do fajki wodnej. Przed zakupem produktu z p\u0142ytk\u0105 do fajki wodnej sprawd\u017a, czy specyfikacje fajki wodnej odpowiadaj\u0105 specyfikacjom tego produktu. Dane techniczne: \u015arednica: oko\u0142o 20,8 cm, \u015brednica otworu: oko\u0142o 1,6 cm Materia\u0142: stal nierdzewna Pytania? Skontaktuj si\u0119 z nami na stronie kontaktowej lub napisz do nas na naszym koncie na Facebooku, a my odpowiemy na Twoj\u0105 pro\u015bb\u0119 jeszcze tego samego dnia. &nbsp;<\/p>","protected":false},"featured_media":30166,"comment_status":"open","ping_status":"closed","template":"","meta":[],"_links":{"self":[{"href":"https:\/\/hookahshop.lt\/pl\/wp-json\/wp\/v2\/product\/30155"}],"collection":[{"href":"https:\/\/hookahshop.lt\/pl\/wp-json\/wp\/v2\/product"}],"about":[{"href":"https:\/\/hookahshop.lt\/pl\/wp-json\/wp\/v2\/types\/product"}],"replies":[{"embeddable":true,"href":"https:\/\/hookahshop.lt\/pl\/wp-json\/wp\/v2\/comments?post=30155"}],"version-history":[{"count":4,"href":"https:\/\/hookahshop.lt\/pl\/wp-json\/wp\/v2\/product\/30155\/revisions"}],"predecessor-version":[{"id":42992,"href":"https:\/\/hookahshop.lt\/pl\/wp-json\/wp\/v2\/product\/30155\/revisions\/42992"}],"wp:featuredmedia":[{"embeddable":true,"href":"https:\/\/hookahshop.lt\/pl\/wp-json\/wp\/v2\/media\/30166"}],"wp:attachment":[{"href":"https:\/\/hookahshop.lt\/pl\/wp-json\/wp\/v2\/media?parent=30155"}],"curies":[{"name":"wp","href":"https:\/\/api.w.org\/{rel}","templated":true}]}}