{"id":30183,"date":"2021-12-17T22:42:53","date_gmt":"2021-12-17T20:42:53","guid":{"rendered":"https:\/\/hookahshop.lt\/?post_type=product&#038;p=30183"},"modified":"2026-04-17T23:29:43","modified_gmt":"2026-04-17T20:29:43","slug":"anglys-kaljanui-tom-coco-diamond-26mm-1kg","status":"publish","type":"product","link":"https:\/\/hookahshop.lt\/pl\/produkt\/wegiel-do-sziszy-tom-coco-diament-26mm-1kg\/","title":{"rendered":"W\u0119giel do fajki wodnej TOM COCO Diamond 26mm 1kg"},"content":{"rendered":"<h2>W\u0119giel do fajki wodnej TOM COCO Diamond 26mm 1kg<\/h2>\n<p>100% naturalny w\u0119giel drzewny z tajskiej \u0142upiny orzecha kokosowego.<br \/>\nMniej popio\u0142u, wi\u0119cej ciep\u0142a.<br \/>\nWymiary jednego w\u0142\u00f3kna w\u0119glowego: 26x26x26mm<br \/>\nPude\u0142ko zawiera 64 w\u0119gle<br \/>\nAby spali\u0107 w\u0119giel, potrzebujesz elektrycznej p\u0142yty grzejnej do fajki wodnej, turystycznej kuchenki gazowej lub podobnej.<br \/>\nKraj pochodzenia: Indonezja<\/p>\n<p>Czy masz jakie\u015b pytania? Skontaktuj si\u0119 z nami\u00a0<a href=\"https:\/\/hookahshop.lt\/pl\/lacznosc\/\">strona z kontaktami<\/a>\u00a0lub napisz do nas na adres\u00a0<a href=\"https:\/\/facebook.com\/HookahShop.lt\/\" target=\"_blank\" rel=\"noopener noreferrer\">konto na Facebooku<\/a>\u00a0a my odpowiemy na Twoj\u0105 pro\u015bb\u0119 tego samego dnia.<\/p>","protected":false},"excerpt":{"rendered":"<p>W\u0119giel do fajki wodnej TOM COCO Diamond 26mm 1kg 100% naturalny w\u0119giel drzewny wytwarzany z tajskich \u0142upin kokosa. Mniej popio\u0142u, wi\u0119cej ciep\u0142a. Wymiary jednego w\u0119gla: 26x26x26mm W pude\u0142ku znajduj\u0105 si\u0119 64 w\u0119gle. Do rozpalenia w\u0119gli potrzebna jest elektryczna p\u0142yta do fajki wodnej, turystyczna kuchenka gazowa lub podobna. Kraj pochodzenia: Indonezja Masz pytania? Skontaktuj si\u0119 z nami na stronie kontaktowej lub napisz do nas na naszym koncie na Facebooku, a my odpowiemy na Twoje [...]<\/p>","protected":false},"featured_media":30188,"comment_status":"open","ping_status":"closed","template":"","meta":[],"_links":{"self":[{"href":"https:\/\/hookahshop.lt\/pl\/wp-json\/wp\/v2\/product\/30183"}],"collection":[{"href":"https:\/\/hookahshop.lt\/pl\/wp-json\/wp\/v2\/product"}],"about":[{"href":"https:\/\/hookahshop.lt\/pl\/wp-json\/wp\/v2\/types\/product"}],"replies":[{"embeddable":true,"href":"https:\/\/hookahshop.lt\/pl\/wp-json\/wp\/v2\/comments?post=30183"}],"version-history":[{"count":5,"href":"https:\/\/hookahshop.lt\/pl\/wp-json\/wp\/v2\/product\/30183\/revisions"}],"predecessor-version":[{"id":30943,"href":"https:\/\/hookahshop.lt\/pl\/wp-json\/wp\/v2\/product\/30183\/revisions\/30943"}],"wp:featuredmedia":[{"embeddable":true,"href":"https:\/\/hookahshop.lt\/pl\/wp-json\/wp\/v2\/media\/30188"}],"wp:attachment":[{"href":"https:\/\/hookahshop.lt\/pl\/wp-json\/wp\/v2\/media?parent=30183"}],"curies":[{"name":"wp","href":"https:\/\/api.w.org\/{rel}","templated":true}]}}