{"id":30189,"date":"2021-12-17T23:02:14","date_gmt":"2021-12-17T21:02:14","guid":{"rendered":"https:\/\/hookahshop.lt\/?post_type=product&#038;p=30189"},"modified":"2026-04-15T12:29:24","modified_gmt":"2026-04-15T09:29:24","slug":"taurele-kaljanui-oblako-phunnel-l-basic","status":"publish","type":"product","link":"https:\/\/hookahshop.lt\/pl\/produkt\/kubek-szisza-chmura-lejek-l-podstawowy\/","title":{"rendered":"Kubek do fajki wodnej OBLAKO Phunnel L Basic"},"content":{"rendered":"<h2>Kubek do fajki wodnej OBLAKO Phunnel L Basic<\/h2>\n<p>Kubek przeznaczony jest do codziennego palenia, idealny do lekkiego i ci\u0119\u017ckiego tytoniu.<br \/>\nSpo\u017cycie tytoniu 23-28 gram\u00f3w.<\/p>\n<p>Charakterystyka:<br \/>\nWysoko\u015b\u0107: 120mm.<br \/>\n\u015arednica (zewn\u0119trzna): 79 mm.<br \/>\n\u015arednica (wewn\u0119trzna): 72 mm.<br \/>\nG\u0142\u0119boko\u015b\u0107: 14mm.<br \/>\nIlo\u015b\u0107 otwor\u00f3w: 1 szt.<br \/>\nWaga: ok. 180g.<\/p>\n<p>Czy masz jakie\u015b pytania? Skontaktuj si\u0119 z nami\u00a0<a href=\"https:\/\/hookahshop.lt\/pl\/lacznosc\/\">strona z kontaktami<\/a>\u00a0lub napisz do nas na adres\u00a0<a href=\"https:\/\/facebook.com\/HookahShop.lt\/\" target=\"_blank\" rel=\"noopener noreferrer\">konto na Facebooku<\/a>\u00a0a my odpowiemy na Twoj\u0105 pro\u015bb\u0119 tego samego dnia.<\/p>","protected":false},"excerpt":{"rendered":"<p>Kubek do fajki wodnej OBLAKO Phunnel L Basic Kubek przeznaczony do codziennego palenia, idealny do lekkich i ci\u0119\u017ckich tytoni. Konsumpcja tytoniu 23-28 gram\u00f3w. Charakterystyka: Wysoko\u015b\u0107: 120 mm. \u015arednica (zewn\u0119trzna): 79 mm. \u015arednica (wewn\u0119trzna): 72 mm. G\u0142\u0119boko\u015b\u0107: 14 mm. Ilo\u015b\u0107 otwor\u00f3w: 1 szt. Waga: oko\u0142o 180 g. Czy masz jakie\u015b pytania? Skontaktuj si\u0119 z nami na stronie kontaktowej lub napisz do nas na naszym koncie na Facebooku, a my odpowiemy na Twoj\u0105 pro\u015bb\u0119 [\u2026]<\/p>","protected":false},"featured_media":30198,"comment_status":"open","ping_status":"closed","template":"","meta":[],"_links":{"self":[{"href":"https:\/\/hookahshop.lt\/pl\/wp-json\/wp\/v2\/product\/30189"}],"collection":[{"href":"https:\/\/hookahshop.lt\/pl\/wp-json\/wp\/v2\/product"}],"about":[{"href":"https:\/\/hookahshop.lt\/pl\/wp-json\/wp\/v2\/types\/product"}],"replies":[{"embeddable":true,"href":"https:\/\/hookahshop.lt\/pl\/wp-json\/wp\/v2\/comments?post=30189"}],"version-history":[{"count":5,"href":"https:\/\/hookahshop.lt\/pl\/wp-json\/wp\/v2\/product\/30189\/revisions"}],"predecessor-version":[{"id":32443,"href":"https:\/\/hookahshop.lt\/pl\/wp-json\/wp\/v2\/product\/30189\/revisions\/32443"}],"wp:featuredmedia":[{"embeddable":true,"href":"https:\/\/hookahshop.lt\/pl\/wp-json\/wp\/v2\/media\/30198"}],"wp:attachment":[{"href":"https:\/\/hookahshop.lt\/pl\/wp-json\/wp\/v2\/media?parent=30189"}],"curies":[{"name":"wp","href":"https:\/\/api.w.org\/{rel}","templated":true}]}}