{"id":30286,"date":"2021-12-21T11:37:35","date_gmt":"2021-12-21T09:37:35","guid":{"rendered":"https:\/\/hookahshop.lt\/?post_type=product&#038;p=30286"},"modified":"2026-04-08T23:29:16","modified_gmt":"2026-04-08T20:29:16","slug":"kandiklis-kaljanui-mexanika-smoke-black","status":"publish","type":"product","link":"https:\/\/hookahshop.lt\/pl\/produkt\/ustnik-do-fajki-wodnej-meksanika-dym-czarny\/","title":{"rendered":"Haczyk do fajki wodnej MEXANIKA Smoke Black"},"content":{"rendered":"<h2>Haczyk do fajki wodnej MEXANIKA Smoke Black<\/h2>\n<p>Wykonane ze stali nierdzewnej i silikonowej dekoracji Soft Touch. Pasuje do wszystkich w\u0119\u017cy silikonowych o \u015brednicy wewn\u0119trznej 10-11mm. Mechanika Ustnik Smoke Black sk\u0142ada si\u0119 z dw\u00f3ch cz\u0119\u015bci po\u0142\u0105czonych gwintem.<\/p>\n<p><strong>Specyfikacja:<\/strong><br \/>\nD\u0142ugo\u015b\u0107: 33,7 cm<br \/>\n\u015arednica wewn\u0119trzna: 9cm<br \/>\nWaga: 150g.<br \/>\nMateria\u0142: stal nierdzewna z silikonow\u0105 dekoracj\u0105 Soft Touch.<\/p>\n<p>Czy masz jakie\u015b pytania? Skontaktuj si\u0119 z nami\u00a0<a href=\"https:\/\/hookahshop.lt\/pl\/lacznosc\/\">strona z kontaktami<\/a>\u00a0lub napisz do nas na adres\u00a0<a href=\"https:\/\/facebook.com\/HookahShop.lt\/\" target=\"_blank\" rel=\"noopener noreferrer\">konto na Facebooku<\/a>\u00a0a my odpowiemy na Twoj\u0105 pro\u015bb\u0119 tego samego dnia.<\/p>","protected":false},"excerpt":{"rendered":"<p>Ustnik do fajki wodnej MEXANIKA Smoke Black Wykonany ze stali nierdzewnej i silikonowego zdobienia \u201eSoft Touch\u201d. Pasuje do wszystkich w\u0119\u017cy silikonowych o \u015brednicy wewn\u0119trznej 10-11mm. Mechanika Ustnik Smoke Black sk\u0142ada si\u0119 z dw\u00f3ch cz\u0119\u015bci po\u0142\u0105czonych gwintem. Specyfikacja: D\u0142ugo\u015b\u0107: 33,7 cm \u015arednica wewn\u0119trzna: 9 cm Waga: 150g. Materia\u0142: stal nierdzewna z silikonow\u0105 dekoracj\u0105 Soft Touch. Czy masz jakie\u015b pytania? Skontaktuj si\u0119 z nami poprzez nasz kontakt [\u2026]<\/p>","protected":false},"featured_media":30287,"comment_status":"open","ping_status":"closed","template":"","meta":[],"_links":{"self":[{"href":"https:\/\/hookahshop.lt\/pl\/wp-json\/wp\/v2\/product\/30286"}],"collection":[{"href":"https:\/\/hookahshop.lt\/pl\/wp-json\/wp\/v2\/product"}],"about":[{"href":"https:\/\/hookahshop.lt\/pl\/wp-json\/wp\/v2\/types\/product"}],"replies":[{"embeddable":true,"href":"https:\/\/hookahshop.lt\/pl\/wp-json\/wp\/v2\/comments?post=30286"}],"version-history":[{"count":3,"href":"https:\/\/hookahshop.lt\/pl\/wp-json\/wp\/v2\/product\/30286\/revisions"}],"predecessor-version":[{"id":30408,"href":"https:\/\/hookahshop.lt\/pl\/wp-json\/wp\/v2\/product\/30286\/revisions\/30408"}],"wp:featuredmedia":[{"embeddable":true,"href":"https:\/\/hookahshop.lt\/pl\/wp-json\/wp\/v2\/media\/30287"}],"wp:attachment":[{"href":"https:\/\/hookahshop.lt\/pl\/wp-json\/wp\/v2\/media?parent=30286"}],"curies":[{"name":"wp","href":"https:\/\/api.w.org\/{rel}","templated":true}]}}