{"id":30312,"date":"2021-12-21T23:58:02","date_gmt":"2021-12-21T21:58:02","guid":{"rendered":"https:\/\/hookahshop.lt\/?post_type=product&#038;p=30312"},"modified":"2026-04-22T23:29:38","modified_gmt":"2026-04-22T20:29:38","slug":"znyples-kaljano-anglims-nomad-king","status":"publish","type":"product","link":"https:\/\/hookahshop.lt\/pl\/produkt\/fajka-wodna-wegiel-szisza-nomad-krol\/","title":{"rendered":"Szczypce smoczkowe do w\u0119gla drzewnego NOMAD King"},"content":{"rendered":"<h2>Szczypce smoczkowe do w\u0119gla drzewnego NOMAD King<\/h2>\n<p>Oryginalna konstrukcja ze stali nierdzewnej ASI430 o szeroko\u015bci 1,5mm. Ka\u017cda p\u0119seta jest poddawana obr\u00f3bce laserowej i szlifowana, co u\u0142atwia jej u\u017cytkowanie.<\/p>\n<p><strong>Specyfikacje:<\/strong><br \/>\nD\u0142ugo\u015b\u0107: 23,5 cm<br \/>\nWaga: ~104g.<br \/>\nMateria\u0142: Stal nierdzewna<br \/>\nKraj producenta: Rosja<\/p>\n<p>Czy masz jakie\u015b pytania? Skontaktuj si\u0119 z nami\u00a0<a href=\"https:\/\/hookahshop.lt\/pl\/lacznosc\/\">strona z kontaktami<\/a>\u00a0lub napisz do nas na adres\u00a0<a href=\"https:\/\/facebook.com\/HookahShop.lt\/\" target=\"_blank\" rel=\"noopener noreferrer\">konto na Facebooku<\/a>\u00a0a my odpowiemy na Twoj\u0105 pro\u015bb\u0119 tego samego dnia.<\/p>","protected":false},"excerpt":{"rendered":"<p>Szczypce do w\u0119gla drzewnego do fajki wodnej NOMAD King Oryginalne wykonanie wykonane ze stali nierdzewnej ASI430 o szeroko\u015bci 1,5mm. Ka\u017cda p\u0119seta jest poddawana obr\u00f3bce laserowej i polerowana w celu zapewnienia \u0142atwo\u015bci u\u017cycia. Dane techniczne: D\u0142ugo\u015b\u0107: 23,5 cm Waga: ~104 g. Materia\u0142: Stal nierdzewna Kraj producenta: Rosja Masz pytania? Skontaktuj si\u0119 z nami na stronie kontaktowej lub napisz do nas na naszym koncie na Facebooku, a my odpowiemy na Twoj\u0105 pro\u015bb\u0119 w tym samym [...]<\/p>","protected":false},"featured_media":30315,"comment_status":"open","ping_status":"closed","template":"","meta":[],"_links":{"self":[{"href":"https:\/\/hookahshop.lt\/pl\/wp-json\/wp\/v2\/product\/30312"}],"collection":[{"href":"https:\/\/hookahshop.lt\/pl\/wp-json\/wp\/v2\/product"}],"about":[{"href":"https:\/\/hookahshop.lt\/pl\/wp-json\/wp\/v2\/types\/product"}],"replies":[{"embeddable":true,"href":"https:\/\/hookahshop.lt\/pl\/wp-json\/wp\/v2\/comments?post=30312"}],"version-history":[{"count":3,"href":"https:\/\/hookahshop.lt\/pl\/wp-json\/wp\/v2\/product\/30312\/revisions"}],"predecessor-version":[{"id":30405,"href":"https:\/\/hookahshop.lt\/pl\/wp-json\/wp\/v2\/product\/30312\/revisions\/30405"}],"wp:featuredmedia":[{"embeddable":true,"href":"https:\/\/hookahshop.lt\/pl\/wp-json\/wp\/v2\/media\/30315"}],"wp:attachment":[{"href":"https:\/\/hookahshop.lt\/pl\/wp-json\/wp\/v2\/media?parent=30312"}],"curies":[{"name":"wp","href":"https:\/\/api.w.org\/{rel}","templated":true}]}}