{"id":30326,"date":"2021-12-22T00:29:17","date_gmt":"2021-12-21T22:29:17","guid":{"rendered":"https:\/\/hookahshop.lt\/?post_type=product&#038;p=30326"},"modified":"2026-04-18T23:29:13","modified_gmt":"2026-04-18T20:29:13","slug":"kaljanas-japona-hookah-shuriken-mini-yellow","status":"publish","type":"product","link":"https:\/\/hookahshop.lt\/pl\/produkt\/fajka-japonia-szisza-shuriken-mini-zolta\/","title":{"rendered":"Kaljanas JAPONA HOOKAH Shuriken Mini \u017b\u00f3\u0142ty"},"content":{"rendered":"<h2>Kaljanas JAPONA HOOKAH Shuriken Mini \u017b\u00f3\u0142ty<\/h2>\n<p>Japan hookah to marka, kt\u00f3ra zyska\u0142a szacunek w sercach ludzi, kt\u00f3rzy kochaj\u0105 i szanuj\u0105 kultur\u0119 palenia fajki wodnej. Japonia specjalizuje si\u0119 w produkcji unikalnych fajek wodnych. Stosunkowo niewielkie edycje sprawiaj\u0105, \u017ce produkt jest ekskluzywny i ekskluzywny w swoim rodzaju. Je\u015bli lubisz oryginalno\u015b\u0107 i styl, japo\u0144ska fajka wodna harmonijnie wpasuje si\u0119 w Twoje wn\u0119trze i stanie si\u0119 integraln\u0105 cz\u0119\u015bci\u0105 Twojego wizerunku.<\/p>\n<p>Trzonek do fajki wodnej Shuriken mini jest odkr\u0119cany i ma solidn\u0105 d\u0142ugo\u015b\u0107 520 mm. Centraln\u0105 cz\u0119\u015b\u0107 szybu stanowi solidna rura ze stali nierdzewnej o \u015brednicy wewn\u0119trznej 13 mm, cz\u0119\u015b\u0107 ozdobna wykonana jest ze szlachetnego drewna, impregnowanego olejem i o wybranej fakturze.<\/p>\n<p>Szklana kolba o wysoko\u015bci 250 mm, grubo\u015bci \u015bcianek 6 mm, \u015brednicy wewn\u0119trznej szyjki 45 mm, z metalowym adapterem trzonka, kt\u00f3ry podkre\u015bla wygl\u0105d fajki wodnej.<br \/>\nNiezwyk\u0142y trzycz\u0119\u015bciowy projekt p\u0142ytki! Zewn\u0119trzna \u015brednica drewnianej p\u0142yty wynosi 180 mm, metalowej p\u0142yty 150 mm, a ochronna stalowa tarcza 120 mm. Struktura drewna dopasowana do koloru wa\u0142u.<br \/>\nOzdobna cz\u0119\u015b\u0107 ustnika wykonana jest z drogiego drewna o pi\u0119knej fakturze, dopasowanej kolorystycznie do trzonu. Posiada dwie dysze ochronne z czarn\u0105 pow\u0142ok\u0105 galwaniczn\u0105 oraz rurk\u0119 ze stali nierdzewnej o \u015brednicy 10 mm.<\/p>\n<p>Z\u0142\u0105cze O-ring o \u015brednicy wewn\u0119trznej 12 mm.<br \/>\nZaw\u00f3r odpowietrzaj\u0105cy o \u015brednicy wewn\u0119trznej 10 mm u\u0142atwia wydmuchiwanie dymu z kolby.<br \/>\nPoz\u0142acane logo Japan Hookah gwarantuje autentyczno\u015b\u0107 tej fajki wodnej i potwierdza znak jako\u015bci kampanii.<\/p>\n<p>Hookah Japan Hookah Shuriken Mini Brown - Szisza klasy premium nie pozostawi Ci\u0119 oboj\u0119tnym.<\/p>\n<p><strong>Charakterystyka:<\/strong><br \/>\nCa\u0142kowita wysoko\u015b\u0107 fajki wodnej to 520 mm<br \/>\nWysoko\u015b\u0107 kolby 260 mm<br \/>\n\u015arednica wa\u0142u 13 mm<br \/>\n\u015arednica ustnika wynosi 10 mm<\/p>\n<p><strong>Ekwipunek:<\/strong><br \/>\nWa\u0142, p\u0142yta, kolba, ustnik, w\u0105\u017c silikonowy (1,5 m), \u0142\u0105cznik (o-ringi), uszczelki.<\/p>\n<p><strong>Materia\u0142y:<\/strong><br \/>\nDrewno, stal nierdzewna (spo\u017cywcza), stop aluminium (anodowany).<\/p>\n<p>Czy masz jakie\u015b pytania? Skontaktuj si\u0119 z nami\u00a0<a href=\"https:\/\/hookahshop.lt\/pl\/lacznosc\/\">strona z kontaktami<\/a>\u00a0lub napisz do nas na adres\u00a0<a href=\"https:\/\/facebook.com\/HookahShop.lt\/\" target=\"_blank\" rel=\"noopener noreferrer\">konto na Facebooku<\/a>\u00a0a my odpowiemy na Twoj\u0105 pro\u015bb\u0119 tego samego dnia.<\/p>","protected":false},"excerpt":{"rendered":"<p>Hookah JAPAN HOOKAH Shuriken Mini Yellow Japo\u0144ska szisza to marka, kt\u00f3ra zaskarbi\u0142a sobie szacunek w sercach ludzi kochaj\u0105cych i szanuj\u0105cych kultur\u0119 palenia fajki wodnej. Japona specjalizuje si\u0119 w tworzeniu wyj\u0105tkowych fajek wodnych. Stosunkowo ma\u0142e nak\u0142ady czyni\u0105 produkt wyj\u0105tkowym i ekskluzywnym w swoim rodzaju. Je\u015bli lubisz oryginalno\u015b\u0107 i styl, fajka wodna \u201eJapona\u201d harmonijnie wpasuje si\u0119 w Twoje wn\u0119trze i stanie si\u0119 integraln\u0105 cz\u0119\u015bci\u0105 Twojego wizerunku [...]<\/p>","protected":false},"featured_media":30328,"comment_status":"open","ping_status":"closed","template":"","meta":[],"_links":{"self":[{"href":"https:\/\/hookahshop.lt\/pl\/wp-json\/wp\/v2\/product\/30326"}],"collection":[{"href":"https:\/\/hookahshop.lt\/pl\/wp-json\/wp\/v2\/product"}],"about":[{"href":"https:\/\/hookahshop.lt\/pl\/wp-json\/wp\/v2\/types\/product"}],"replies":[{"embeddable":true,"href":"https:\/\/hookahshop.lt\/pl\/wp-json\/wp\/v2\/comments?post=30326"}],"version-history":[{"count":4,"href":"https:\/\/hookahshop.lt\/pl\/wp-json\/wp\/v2\/product\/30326\/revisions"}],"predecessor-version":[{"id":36458,"href":"https:\/\/hookahshop.lt\/pl\/wp-json\/wp\/v2\/product\/30326\/revisions\/36458"}],"wp:featuredmedia":[{"embeddable":true,"href":"https:\/\/hookahshop.lt\/pl\/wp-json\/wp\/v2\/media\/30328"}],"wp:attachment":[{"href":"https:\/\/hookahshop.lt\/pl\/wp-json\/wp\/v2\/media?parent=30326"}],"curies":[{"name":"wp","href":"https:\/\/api.w.org\/{rel}","templated":true}]}}