{"id":30331,"date":"2021-12-22T01:03:50","date_gmt":"2021-12-21T23:03:50","guid":{"rendered":"https:\/\/hookahshop.lt\/?post_type=product&#038;p=30331"},"modified":"2026-04-16T23:29:50","modified_gmt":"2026-04-16T20:29:50","slug":"individualus-kaljano-kandiklis-mexanika-smoke-classic","status":"publish","type":"product","link":"https:\/\/hookahshop.lt\/pl\/produkt\/indywidualny-ustnik-szisza-meksanika-dym-klasyczny\/","title":{"rendered":"Haczyk indywidualny MEXANIKA Smoke Classic"},"content":{"rendered":"<h2>Haczyk indywidualny MEXANIKA Smoke Classic<\/h2>\n<p>Wykonany z silikonu Soft Touch i stali nierdzewnej ASSI 30 z wygrawerowanym napisem &quot;Mexanika Smoke&quot;.<\/p>\n<p>Specyfikacje:<br \/>\nD\u0142ugo\u015b\u0107 paska: 890 mm<br \/>\nMateria\u0142 paska: tkanina z napisem &quot;Mexanika Smoke&quot;<br \/>\nD\u0142ugo\u015b\u0107 ustnika: 84 mm<br \/>\nPow\u0142oka ustnika: stal nierdzewna<br \/>\nWaga: oko\u0142o 75g<\/p>\n<p>Czy masz jakie\u015b pytania? Skontaktuj si\u0119 z nami\u00a0<a href=\"https:\/\/hookahshop.lt\/pl\/lacznosc\/\">strona z kontaktami<\/a>\u00a0lub napisz do nas na adres\u00a0<a href=\"https:\/\/facebook.com\/HookahShop.lt\/\" target=\"_blank\" rel=\"noopener noreferrer\">konto na Facebooku<\/a>\u00a0a my odpowiemy na Twoj\u0105 pro\u015bb\u0119 tego samego dnia.<\/p>","protected":false},"excerpt":{"rendered":"<p>Indywidualny ustnik do fajki wodnej MEXANIKA Smoke Classic Wykonany z silikonu Soft Touch i stali nierdzewnej ASISI 30 z wygrawerowanym napisem \u201eMexanika Smoke\u201d. Specyfikacja: D\u0142ugo\u015b\u0107 paska: 890 mm Materia\u0142 paska: tkanina z napisem \u201eMexanika Smoke\u201d D\u0142ugo\u015b\u0107 ustnika: 84 mm Pow\u0142oka ustnika: stal nierdzewna Waga: oko\u0142o 75 g Masz pytania? Skontaktuj si\u0119 z nami na stronie kontaktowej lub napisz do nas na Facebooku i [\u2026]<\/p>","protected":false},"featured_media":30334,"comment_status":"open","ping_status":"closed","template":"","meta":[],"_links":{"self":[{"href":"https:\/\/hookahshop.lt\/pl\/wp-json\/wp\/v2\/product\/30331"}],"collection":[{"href":"https:\/\/hookahshop.lt\/pl\/wp-json\/wp\/v2\/product"}],"about":[{"href":"https:\/\/hookahshop.lt\/pl\/wp-json\/wp\/v2\/types\/product"}],"replies":[{"embeddable":true,"href":"https:\/\/hookahshop.lt\/pl\/wp-json\/wp\/v2\/comments?post=30331"}],"version-history":[{"count":4,"href":"https:\/\/hookahshop.lt\/pl\/wp-json\/wp\/v2\/product\/30331\/revisions"}],"predecessor-version":[{"id":30437,"href":"https:\/\/hookahshop.lt\/pl\/wp-json\/wp\/v2\/product\/30331\/revisions\/30437"}],"wp:featuredmedia":[{"embeddable":true,"href":"https:\/\/hookahshop.lt\/pl\/wp-json\/wp\/v2\/media\/30334"}],"wp:attachment":[{"href":"https:\/\/hookahshop.lt\/pl\/wp-json\/wp\/v2\/media?parent=30331"}],"curies":[{"name":"wp","href":"https:\/\/api.w.org\/{rel}","templated":true}]}}