{"id":30338,"date":"2021-12-22T01:12:47","date_gmt":"2021-12-21T23:12:47","guid":{"rendered":"https:\/\/hookahshop.lt\/?post_type=product&#038;p=30338"},"modified":"2026-04-18T23:29:13","modified_gmt":"2026-04-18T20:29:13","slug":"sirupo-gaudykle-es-silver","status":"publish","type":"product","link":"https:\/\/hookahshop.lt\/pl\/produkt\/syrop-pulapka-es-srebro\/","title":{"rendered":"Pu\u0142apka na syrop EU Srebro"},"content":{"rendered":"<h2>Pu\u0142apka na syrop EU Srebro<\/h2>\n<p>Pu\u0142apka na syrop z fajki wodnej to stylowy dodatek do \u0142apania i zbierania syropu tytoniowego. \u0141atwy do odkr\u0119cenia i czyszczenia.<br \/>\nZapobiegaj przedostawaniu si\u0119 li\u015bci tytoniu i syropu do kolby i \u0142odygi fajki wodnej. Syrop i tyto\u0144 nie gromadz\u0105 si\u0119 w trzonie, co u\u0142atwia mycie i nadaje czystszy smak. Chroni przed \u017c\u00f3\u0142kni\u0119ciem w kolbie. Teraz przy zmianie kubka nie trzeba ka\u017cdorazowo my\u0107 fajki wodnej w celu usuni\u0119cia syropu.<\/p>\n<p>Charakterystyka:<br \/>\nKolor: srebrny<br \/>\nWysoko\u015b\u0107: 69mm<br \/>\n\u015arednica (zewn\u0119trzna): 50 mm<br \/>\n\u015arednica (wewn\u0119trzna): 22 mm<br \/>\nWaga: oko\u0142o 105g<\/p>\n<p>Czy masz jakie\u015b pytania? Skontaktuj si\u0119 z nami\u00a0<a href=\"https:\/\/hookahshop.lt\/pl\/lacznosc\/\">strona z kontaktami<\/a>\u00a0lub napisz do nas na adres\u00a0<a href=\"https:\/\/facebook.com\/HookahShop.lt\/\" target=\"_blank\" rel=\"noopener noreferrer\">konto na Facebooku<\/a>\u00a0a my odpowiemy na Twoj\u0105 pro\u015bb\u0119 tego samego dnia.<\/p>","protected":false},"excerpt":{"rendered":"<p>\u0141apacz syrop\u00f3w ES Silver Hookah Syrup Catcher to stylowe akcesorium do \u0142apania i zbierania syropu tytoniowego. \u0141atwe do odkr\u0119cenia i czyszczenia. Zapobiega przedostawaniu si\u0119 li\u015bci tytoniu i syropu do kolby i \u0142odygi fajki wodnej. Trzon nie gromadzi syropu i tytoniu, co u\u0142atwia mycie i nadaje czystszy smak. Zapobiega \u017c\u00f3\u0142kni\u0119ciu w kolbie. Teraz przy zmianie kubka nie ma potrzeby mycia za ka\u017cdym razem [...]<\/p>","protected":false},"featured_media":30339,"comment_status":"open","ping_status":"closed","template":"","meta":[],"_links":{"self":[{"href":"https:\/\/hookahshop.lt\/pl\/wp-json\/wp\/v2\/product\/30338"}],"collection":[{"href":"https:\/\/hookahshop.lt\/pl\/wp-json\/wp\/v2\/product"}],"about":[{"href":"https:\/\/hookahshop.lt\/pl\/wp-json\/wp\/v2\/types\/product"}],"replies":[{"embeddable":true,"href":"https:\/\/hookahshop.lt\/pl\/wp-json\/wp\/v2\/comments?post=30338"}],"version-history":[{"count":3,"href":"https:\/\/hookahshop.lt\/pl\/wp-json\/wp\/v2\/product\/30338\/revisions"}],"predecessor-version":[{"id":30402,"href":"https:\/\/hookahshop.lt\/pl\/wp-json\/wp\/v2\/product\/30338\/revisions\/30402"}],"wp:featuredmedia":[{"embeddable":true,"href":"https:\/\/hookahshop.lt\/pl\/wp-json\/wp\/v2\/media\/30339"}],"wp:attachment":[{"href":"https:\/\/hookahshop.lt\/pl\/wp-json\/wp\/v2\/media?parent=30338"}],"curies":[{"name":"wp","href":"https:\/\/api.w.org\/{rel}","templated":true}]}}