{"id":30342,"date":"2021-12-22T06:54:04","date_gmt":"2021-12-22T04:54:04","guid":{"rendered":"https:\/\/hookahshop.lt\/?post_type=product&#038;p=30342"},"modified":"2026-04-18T23:29:13","modified_gmt":"2026-04-18T20:29:13","slug":"taurele-kaljanui-bigmaks-king-white","status":"publish","type":"product","link":"https:\/\/hookahshop.lt\/pl\/produkt\/kubek-szisza-bigmaks-krol-bialy\/","title":{"rendered":"Kubek do fajki wodnej BIGMAKS King White"},"content":{"rendered":"<h2>Kubek do fajki wodnej BIGMAKS King White<\/h2>\n<p>To wyj\u0105tkowy kubek BigMaks z wn\u0119trzem przypominaj\u0105cym pizz\u0119. Te formy do pizzy s\u0105 uniesione, a tym samym oddzielone od siebie, aby umo\u017cliwi\u0107 przep\u0142yw syropu z mieszanki fajki wodnej do medi\u00f3w. W ten spos\u00f3b syrop pozostaje w kubku fajki wodnej i nie dostaje si\u0119 do kolby. Ten kubek jest przeznaczony do d\u0142u\u017cszej sesji palenia i intensywniejszego palenia, poniewa\u017c mieszanka fajki wodnej nie wysycha w por\u00f3wnaniu do innych kubk\u00f3w.<\/p>\n<p>Ta fili\u017canka ma nowy kszta\u0142t Kinga - nie jest ani thunnel, ani turkus.<br \/>\nKubek tytoniu mie\u015bci 18-25g.<\/p>\n<p>&nbsp;<\/p>\n<p>Czy masz jakie\u015b pytania? Skontaktuj si\u0119 z nami\u00a0<a href=\"https:\/\/hookahshop.lt\/pl\/lacznosc\/\">strona z kontaktami<\/a>\u00a0lub napisz do nas na adres\u00a0<a href=\"https:\/\/facebook.com\/HookahShop.lt\/\" target=\"_blank\" rel=\"noopener\">konto na Facebooku<\/a>\u00a0a my odpowiemy na Twoj\u0105 pro\u015bb\u0119 tego samego dnia.<\/p>","protected":false},"excerpt":{"rendered":"<p>Kubek na fajk\u0119 wodn\u0105 BIGMAKS King White To wyj\u0105tkowy kubek BigMaks, kt\u00f3rego wn\u0119trze przypomina kszta\u0142tem pizz\u0119. Te patelnie do pizzy s\u0105 uniesione i oddzielone od siebie w ten spos\u00f3b, aby umo\u017cliwi\u0107 przep\u0142yw syropu z mieszanki fajki wodnej do medi\u00f3w. W ten spos\u00f3b syrop pozostaje w kubku na fajk\u0119 wodn\u0105 i nie przedostaje si\u0119 do kolby. Kubek ten jest przeznaczony do d\u0142u\u017cszej sesji palenia i bardziej inwazyjnego dymu, poniewa\u017c mieszanka fajki wodnej nie wysycha, [...]<\/p>","protected":false},"featured_media":30346,"comment_status":"open","ping_status":"closed","template":"","meta":[],"_links":{"self":[{"href":"https:\/\/hookahshop.lt\/pl\/wp-json\/wp\/v2\/product\/30342"}],"collection":[{"href":"https:\/\/hookahshop.lt\/pl\/wp-json\/wp\/v2\/product"}],"about":[{"href":"https:\/\/hookahshop.lt\/pl\/wp-json\/wp\/v2\/types\/product"}],"replies":[{"embeddable":true,"href":"https:\/\/hookahshop.lt\/pl\/wp-json\/wp\/v2\/comments?post=30342"}],"version-history":[{"count":2,"href":"https:\/\/hookahshop.lt\/pl\/wp-json\/wp\/v2\/product\/30342\/revisions"}],"predecessor-version":[{"id":30392,"href":"https:\/\/hookahshop.lt\/pl\/wp-json\/wp\/v2\/product\/30342\/revisions\/30392"}],"wp:featuredmedia":[{"embeddable":true,"href":"https:\/\/hookahshop.lt\/pl\/wp-json\/wp\/v2\/media\/30346"}],"wp:attachment":[{"href":"https:\/\/hookahshop.lt\/pl\/wp-json\/wp\/v2\/media?parent=30342"}],"curies":[{"name":"wp","href":"https:\/\/api.w.org\/{rel}","templated":true}]}}