{"id":30352,"date":"2021-12-22T07:22:59","date_gmt":"2021-12-22T05:22:59","guid":{"rendered":"https:\/\/hookahshop.lt\/?post_type=product&#038;p=30352"},"modified":"2026-04-15T12:29:25","modified_gmt":"2026-04-15T09:29:25","slug":"taurele-kaljanui-bigmaks-edge-glaze-black-pink","status":"publish","type":"product","link":"https:\/\/hookahshop.lt\/pl\/produkt\/kubek-szisza-bigmaks-krawedz-szkliwo-czarno-rozowy\/","title":{"rendered":"Kubek do fajki wodnej BIGMAKS Edge Glaze Black Pink"},"content":{"rendered":"<h2>Kubek do fajki wodnej BIGMAKS Edge Glaze Black Pink<\/h2>\n<p>To wyj\u0105tkowy kubek BigMaks, kt\u00f3ry jest w pe\u0142ni przeszklony i maksymalnie b\u0142yszcz\u0105cy. Ten kubek jest wyj\u0105tkowy, poniewa\u017c jest wykonany w formie do pizzy, kt\u00f3ra jest podnoszona, a tym samym oddziela \u015bciany od siebie, aby umo\u017cliwi\u0107 przep\u0142yw syropu z mieszanki fajki wodnej do medi\u00f3w. W ten spos\u00f3b syrop pozostaje w kubku z fajk\u0105 wodn\u0105 i nie dostaje si\u0119 do kolby. Kubek ten jest przeznaczony do d\u0142u\u017cszej sesji palenia i intensywniejszego palenia, poniewa\u017c mieszanka fajki wodnej nie wysycha w por\u00f3wnaniu z innymi kubkami. Optymalna grubo\u015b\u0107 \u015bcianek kubka wp\u0142ywa na szybkie i r\u00f3wnomierne nagrzewanie kubka. Kubek tytoniu mie\u015bci 16\u201321 g.<\/p>\n<p><strong>Charakterystyka:<\/strong><br \/>\nKolor: czarno-r\u00f3\u017cowy<br \/>\nWysoko\u015b\u0107: 9,9 cm<br \/>\n\u015arednica zewn\u0119trzna: 7,3 cm<br \/>\n\u015arednica wewn\u0119trzna: 7 cm<br \/>\nG\u0142\u0119boko\u015b\u0107: 1,2 cm<br \/>\nIlo\u015b\u0107 otwor\u00f3w: 5szt.<br \/>\nWaga: 180g.<\/p>\n<p>Czy masz jakie\u015b pytania? Skontaktuj si\u0119 z nami <a href=\"https:\/\/hookahshop.lt\/pl\/lacznosc\/\">strona z kontaktami<\/a>\u00a0lub napisz do nas na adres\u00a0<a href=\"https:\/\/facebook.com\/HookahShop.lt\/\" target=\"_blank\" rel=\"noopener\">konto na Facebooku<\/a>\u00a0a my odpowiemy na Twoj\u0105 pro\u015bb\u0119 tego samego dnia.<\/p>","protected":false},"excerpt":{"rendered":"<p>Miska na fajk\u0119 wodn\u0105 BIGMAKS Edge Glaze Black Pink To wyj\u0105tkowa miska BigMaks, kt\u00f3ra jest w pe\u0142ni przeszklona i maksymalnie b\u0142yszcz\u0105ca. Kubek ten jest wyj\u0105tkowy, poniewa\u017c wykonany jest z formy do pizzy, kt\u00f3r\u0105 podnosi si\u0119 i \u015bcianki oddzielaj\u0105 od siebie w ten spos\u00f3b, \u017ce syrop z mieszanki fajki wodnej przep\u0142ywa do medi\u00f3w. W ten spos\u00f3b syrop pozostaje w kubku na fajk\u0119 wodn\u0105 i nie przedostaje si\u0119 do kolby. Ten kubek jest dla [\u2026]<\/p>","protected":false},"featured_media":30353,"comment_status":"open","ping_status":"closed","template":"","meta":[],"_links":{"self":[{"href":"https:\/\/hookahshop.lt\/pl\/wp-json\/wp\/v2\/product\/30352"}],"collection":[{"href":"https:\/\/hookahshop.lt\/pl\/wp-json\/wp\/v2\/product"}],"about":[{"href":"https:\/\/hookahshop.lt\/pl\/wp-json\/wp\/v2\/types\/product"}],"replies":[{"embeddable":true,"href":"https:\/\/hookahshop.lt\/pl\/wp-json\/wp\/v2\/comments?post=30352"}],"version-history":[{"count":3,"href":"https:\/\/hookahshop.lt\/pl\/wp-json\/wp\/v2\/product\/30352\/revisions"}],"predecessor-version":[{"id":30390,"href":"https:\/\/hookahshop.lt\/pl\/wp-json\/wp\/v2\/product\/30352\/revisions\/30390"}],"wp:featuredmedia":[{"embeddable":true,"href":"https:\/\/hookahshop.lt\/pl\/wp-json\/wp\/v2\/media\/30353"}],"wp:attachment":[{"href":"https:\/\/hookahshop.lt\/pl\/wp-json\/wp\/v2\/media?parent=30352"}],"curies":[{"name":"wp","href":"https:\/\/api.w.org\/{rel}","templated":true}]}}