{"id":30356,"date":"2021-12-22T07:44:05","date_gmt":"2021-12-22T05:44:05","guid":{"rendered":"https:\/\/hookahshop.lt\/?post_type=product&#038;p=30356"},"modified":"2026-04-20T23:29:23","modified_gmt":"2026-04-20T20:29:23","slug":"taurele-kaljanui-njn-hookah-turkish-new","status":"publish","type":"product","link":"https:\/\/hookahshop.lt\/pl\/produkt\/kubek-szisza-njn-szisza-turecka-nowa\/","title":{"rendered":"Kubek do fajki wodnej NJN HOOKAH Turecki Nowo\u015b\u0107"},"content":{"rendered":"<h2>Kubek do fajki wodnej NJN HOOKAH Turecki Nowo\u015b\u0107<\/h2>\n<p>Wykonany z czerwonej gliny. Nadaje si\u0119 do wszystkich rodzaj\u00f3w tytoniu i ich przygotowania, zar\u00f3wno z foli\u0105 jak i z komor\u0105 grzewcz\u0105. Producent NJN Hookah stara si\u0119 da\u0107 ka\u017cdemu mi\u0142o\u015bnikowi fajki wodnej mo\u017cliwo\u015b\u0107 posiadania dobrej i wysokiej jako\u015bci kubka! Pojemno\u015b\u0107 kubka to 14-18g.<\/p>\n<p><strong>Specyfikacje:<\/strong><br \/>\nWysoko\u015b\u0107: 81mm<br \/>\n\u015arednica (zewn\u0119trzna): 76 mm<br \/>\n\u015arednica (wewn\u0119trzna): 66 mm<br \/>\nG\u0142\u0119boko\u015b\u0107: 17 mm<br \/>\n\u015arednica otworu: 9 mm<br \/>\nIlo\u015b\u0107 otwor\u00f3w: 6 szt<br \/>\nWaga: oko\u0142o 210g.<\/p>\n<p>Czy masz jakie\u015b pytania? Skontaktuj si\u0119 z nami\u00a0<a href=\"https:\/\/hookahshop.lt\/pl\/lacznosc\/\">strona z kontaktami<\/a>\u00a0lub napisz do nas na adres\u00a0<a href=\"https:\/\/facebook.com\/HookahShop.lt\/\" target=\"_blank\" rel=\"noopener noreferrer\">konto na Facebooku<\/a>\u00a0a my odpowiemy na Twoj\u0105 pro\u015bb\u0119 tego samego dnia.<\/p>\n<p>&nbsp;<\/p>","protected":false},"excerpt":{"rendered":"<p>Fili\u017canka do fajki wodnej NJN HOOKAH Turecka Nowo\u015b\u0107 Wykonana z czerwonej glinki. Nadaje si\u0119 do wszystkich tytoni i metod ich przygotowania, zar\u00f3wno z foli\u0105, jak iz komor\u0105 grzewcz\u0105. Producent \u201eNJN Hookah\u201d stara si\u0119 da\u0107 ka\u017cdemu mi\u0142o\u015bnikowi fajki wodnej mo\u017cliwo\u015b\u0107 posiadania dobrej i wysokiej jako\u015bci fili\u017canki! Pojemno\u015b\u0107 kubka to 14-18 g. Dane techniczne: Wysoko\u015b\u0107: 81 mm \u015arednica (zewn\u0119trzna): 76 mm \u015arednica (wewn\u0119trzna): 66 mm G\u0142\u0119boko\u015b\u0107: [\u2026]<\/p>","protected":false},"featured_media":30360,"comment_status":"open","ping_status":"closed","template":"","meta":[],"_links":{"self":[{"href":"https:\/\/hookahshop.lt\/pl\/wp-json\/wp\/v2\/product\/30356"}],"collection":[{"href":"https:\/\/hookahshop.lt\/pl\/wp-json\/wp\/v2\/product"}],"about":[{"href":"https:\/\/hookahshop.lt\/pl\/wp-json\/wp\/v2\/types\/product"}],"replies":[{"embeddable":true,"href":"https:\/\/hookahshop.lt\/pl\/wp-json\/wp\/v2\/comments?post=30356"}],"version-history":[{"count":2,"href":"https:\/\/hookahshop.lt\/pl\/wp-json\/wp\/v2\/product\/30356\/revisions"}],"predecessor-version":[{"id":30393,"href":"https:\/\/hookahshop.lt\/pl\/wp-json\/wp\/v2\/product\/30356\/revisions\/30393"}],"wp:featuredmedia":[{"embeddable":true,"href":"https:\/\/hookahshop.lt\/pl\/wp-json\/wp\/v2\/media\/30360"}],"wp:attachment":[{"href":"https:\/\/hookahshop.lt\/pl\/wp-json\/wp\/v2\/media?parent=30356"}],"curies":[{"name":"wp","href":"https:\/\/api.w.org\/{rel}","templated":true}]}}