{"id":30363,"date":"2021-12-22T08:16:54","date_gmt":"2021-12-22T06:16:54","guid":{"rendered":"https:\/\/hookahshop.lt\/?post_type=product&#038;p=30363"},"modified":"2026-04-22T23:29:38","modified_gmt":"2026-04-22T20:29:38","slug":"taurele-kaljanui-kong-phunnel-space-black","status":"publish","type":"product","link":"https:\/\/hookahshop.lt\/pl\/produkt\/kubek-szisza-kong-lejek-kosmiczna-czern\/","title":{"rendered":"Kubek do fajki wodnej KONG Phunnel Space Black"},"content":{"rendered":"<h2>Kubek do fajki wodnej KONG Phunnel Space Black<\/h2>\n<p>Przesz\u0142a etap pra\u017cenia mleka i 12 etap\u00f3w przetwarzania, dzi\u0119ki czemu mo\u017cesz rozpieszcza\u0107 si\u0119 \u015bwietn\u0105 fajk\u0105 wodn\u0105 przez bardzo d\u0142ugi czas. Kong Phunnel Space to dzie\u0142o sztuki. Projekt przywodzi na my\u015bl przyjemno\u015b\u0107 naturalnymi aromatami i pyszn\u0105 fajk\u0105 wodn\u0105.<br \/>\nObj\u0119to\u015b\u0107 nape\u0142nienia wynosi oko\u0142o 18-22 g.<\/p>\n<p><strong>Charakterystyka:<\/strong><br \/>\nWysoko\u015b\u0107: 100mm<br \/>\n\u015arednica (zewn\u0119trzna): 74 mm<br \/>\n\u015arednica (wewn\u0119trzna): 63 mm<br \/>\nG\u0142\u0119boko\u015b\u0107: 17 mm<br \/>\n\u015arednica otworu: 13mm<br \/>\nLiczba otwor\u00f3w: 1 szt<br \/>\nWaga: oko\u0142o 234g.<\/p>\n<p>Czy masz jakie\u015b pytania? Skontaktuj si\u0119 z nami\u00a0<a href=\"https:\/\/hookahshop.lt\/pl\/lacznosc\/\">strona z kontaktami<\/a>\u00a0lub napisz do nas na adres\u00a0<a href=\"https:\/\/facebook.com\/HookahShop.lt\/\" target=\"_blank\" rel=\"noopener noreferrer\">konto na Facebooku<\/a>\u00a0a my odpowiemy na Twoj\u0105 pro\u015bb\u0119 tego samego dnia.<\/p>","protected":false},"excerpt":{"rendered":"<p>Fili\u017canka do fajki wodnej KONG Phunnel Space Black Przesz\u0142a etap pra\u017cenia mleka i 12 etap\u00f3w przetwarzania, dzi\u0119ki czemu mo\u017cesz cieszy\u0107 si\u0119 wspania\u0142\u0105 fajk\u0105 wodn\u0105 przez bardzo d\u0142ugi czas. Kong Phunnel Space to dzie\u0142o sztuki. Design przywo\u0142uje przyjemno\u015b\u0107 p\u0142yn\u0105c\u0105 z naturalnych aromat\u00f3w i pysznej fajki wodnej. Obj\u0119to\u015b\u0107 wype\u0142nienia wynosi oko\u0142o 18-22 g. Charakterystyka: Wysoko\u015b\u0107: 100 mm \u015arednica (zewn\u0119trzna): 74 mm \u015arednica (wewn\u0119trzna): 63 mm G\u0142\u0119boko\u015b\u0107: [\u2026]<\/p>","protected":false},"featured_media":30364,"comment_status":"open","ping_status":"closed","template":"","meta":[],"_links":{"self":[{"href":"https:\/\/hookahshop.lt\/pl\/wp-json\/wp\/v2\/product\/30363"}],"collection":[{"href":"https:\/\/hookahshop.lt\/pl\/wp-json\/wp\/v2\/product"}],"about":[{"href":"https:\/\/hookahshop.lt\/pl\/wp-json\/wp\/v2\/types\/product"}],"replies":[{"embeddable":true,"href":"https:\/\/hookahshop.lt\/pl\/wp-json\/wp\/v2\/comments?post=30363"}],"version-history":[{"count":4,"href":"https:\/\/hookahshop.lt\/pl\/wp-json\/wp\/v2\/product\/30363\/revisions"}],"predecessor-version":[{"id":43323,"href":"https:\/\/hookahshop.lt\/pl\/wp-json\/wp\/v2\/product\/30363\/revisions\/43323"}],"wp:featuredmedia":[{"embeddable":true,"href":"https:\/\/hookahshop.lt\/pl\/wp-json\/wp\/v2\/media\/30364"}],"wp:attachment":[{"href":"https:\/\/hookahshop.lt\/pl\/wp-json\/wp\/v2\/media?parent=30363"}],"curies":[{"name":"wp","href":"https:\/\/api.w.org\/{rel}","templated":true}]}}