{"id":30367,"date":"2021-12-22T08:32:32","date_gmt":"2021-12-22T06:32:32","guid":{"rendered":"https:\/\/hookahshop.lt\/?post_type=product&#038;p=30367"},"modified":"2026-04-16T10:21:24","modified_gmt":"2026-04-16T07:21:24","slug":"taurele-kaljanui-havona-uff-stone-face","status":"publish","type":"product","link":"https:\/\/hookahshop.lt\/pl\/produkt\/cup-hookah-havona-uff-stone-face\/","title":{"rendered":"Kubek do fajki wodnej HAVONA Uff Stone Face"},"content":{"rendered":"<h2>Kubek do fajki wodnej HAVONA Uff Stone Face<\/h2>\n<p>Jest to wysokiej jako\u015bci, r\u0119cznie robiony, limitowany kubek z bia\u0142ej gliny. Dzi\u0119ki ekskluzywnej obr\u00f3bce, fili\u017canka tego modelu jest mocniejsza w procesie palenia. Typ kubka - turecki. Design ka\u017cdego kubka jest zabawny i indywidualny, kupuj\u0105c ten kubek masz pewno\u015b\u0107, \u017ce Tw\u00f3j kubek ma niepowtarzalny kolor.<br \/>\nKubek tytoniu mie\u015bci 18\u201322 g.<\/p>\n<p><strong>Specyfikacje:<\/strong><br \/>\nWysoko\u015b\u0107: 69mm<br \/>\n\u015arednica (zewn\u0119trzna): 73 mm<br \/>\n\u015arednica (wewn\u0119trzna): 61 mm<br \/>\nG\u0142\u0119boko\u015b\u0107: 21 mm<br \/>\n\u015arednica otworu: 9 mm<br \/>\nLiczba otwor\u00f3w: 5 szt<br \/>\nWaga: oko\u0142o 276g.<\/p>\n<p>Czy masz jakie\u015b pytania? Skontaktuj si\u0119 z nami\u00a0<a href=\"https:\/\/hookahshop.lt\/pl\/lacznosc\/\">strona z kontaktami<\/a>\u00a0lub napisz do nas na adres\u00a0<a href=\"https:\/\/facebook.com\/HookahShop.lt\/\" target=\"_blank\" rel=\"noopener noreferrer\">konto na Facebooku<\/a>\u00a0a my odpowiemy na Twoj\u0105 pro\u015bb\u0119 tego samego dnia.<\/p>\n<p>&nbsp;<\/p>","protected":false},"excerpt":{"rendered":"<p>Miska do fajki wodnej HAVONA Uff Stone Face To wysokiej jako\u015bci, r\u0119cznie robiona, limitowana edycja bia\u0142ej glinianej miski. Dzi\u0119ki ekskluzywnej obr\u00f3bce, miska tego modelu jest mocniejsza w procesie palenia. Typ miski \u2013 turecka. Projekt ka\u017cdej miski jest interesuj\u0105cy i indywidualny, je\u015bli kupisz t\u0119 misk\u0119, mo\u017cesz by\u0107 pewien, \u017ce Twoja miska ma unikalny kolor. Miska mie\u015bci 18\u201322 g tytoniu. Specyfikacja: [\u2026]<\/p>","protected":false},"featured_media":30372,"comment_status":"open","ping_status":"closed","template":"","meta":[],"_links":{"self":[{"href":"https:\/\/hookahshop.lt\/pl\/wp-json\/wp\/v2\/product\/30367"}],"collection":[{"href":"https:\/\/hookahshop.lt\/pl\/wp-json\/wp\/v2\/product"}],"about":[{"href":"https:\/\/hookahshop.lt\/pl\/wp-json\/wp\/v2\/types\/product"}],"replies":[{"embeddable":true,"href":"https:\/\/hookahshop.lt\/pl\/wp-json\/wp\/v2\/comments?post=30367"}],"version-history":[{"count":4,"href":"https:\/\/hookahshop.lt\/pl\/wp-json\/wp\/v2\/product\/30367\/revisions"}],"predecessor-version":[{"id":30386,"href":"https:\/\/hookahshop.lt\/pl\/wp-json\/wp\/v2\/product\/30367\/revisions\/30386"}],"wp:featuredmedia":[{"embeddable":true,"href":"https:\/\/hookahshop.lt\/pl\/wp-json\/wp\/v2\/media\/30372"}],"wp:attachment":[{"href":"https:\/\/hookahshop.lt\/pl\/wp-json\/wp\/v2\/media?parent=30367"}],"curies":[{"name":"wp","href":"https:\/\/api.w.org\/{rel}","templated":true}]}}