{"id":30374,"date":"2021-12-22T08:55:03","date_gmt":"2021-12-22T06:55:03","guid":{"rendered":"https:\/\/hookahshop.lt\/?post_type=product&#038;p=30374"},"modified":"2026-04-18T23:29:13","modified_gmt":"2026-04-18T20:29:13","slug":"taurele-kaljanui-havona-gay-fawkes","status":"publish","type":"product","link":"https:\/\/hookahshop.lt\/pl\/produkt\/szisza-kubek-havona-gay-fawkes\/","title":{"rendered":"Kubek do fajki wodnej HAVONA Gay Fawkes"},"content":{"rendered":"<h2>Kubek do fajki wodnej HAVONA Gay Fawkes<\/h2>\n<p>Jest to wysokiej jako\u015bci, r\u0119cznie robiony, limitowany kubek z bia\u0142ej gliny pokryty szkliwem. Kubek w kszta\u0142cie maski jest wykonany przez s\u0142ynnego Guya Fawkesa, kt\u00f3rego maska jest u\u017cywana w wielu znanych filmach. Typ kubka - turecki. Design ka\u017cdego kubka jest zabawny i indywidualny, kupuj\u0105c ten kubek masz pewno\u015b\u0107, \u017ce Tw\u00f3j kubek ma niepowtarzalny kolor.<br \/>\nKubek tytoniu mie\u015bci 17\u201322 g.<\/p>\n<p><strong>Specyfikacje:<\/strong><br \/>\nWysoko\u015b\u0107: 95mm<br \/>\n\u015arednica (zewn\u0119trzna): 74 mm<br \/>\n\u015arednica (wewn\u0119trzna): 63 mm<br \/>\nG\u0142\u0119boko\u015b\u0107: 23 mm<br \/>\n\u015arednica otworu: 8 mm<br \/>\nIlo\u015b\u0107 otwor\u00f3w: 6 szt<br \/>\nWaga: oko\u0142o 385g.<\/p>\n<p>Czy masz jakie\u015b pytania? Skontaktuj si\u0119 z nami\u00a0<a href=\"https:\/\/hookahshop.lt\/pl\/lacznosc\/\">strona z kontaktami<\/a>\u00a0lub napisz do nas na adres\u00a0<a href=\"https:\/\/facebook.com\/HookahShop.lt\/\" target=\"_blank\" rel=\"noopener noreferrer\">konto na Facebooku<\/a>\u00a0a my odpowiemy na Twoj\u0105 pro\u015bb\u0119 tego samego dnia.<\/p>","protected":false},"excerpt":{"rendered":"<p>Kubek na fajk\u0119 wodn\u0105 HAVONA Gay Fawkes Jest to wysokiej jako\u015bci, r\u0119cznie wykonany, limitowany kubek z bia\u0142ej glinki pokryty glazur\u0105. Powstaje kubek w kszta\u0142cie maski s\u0142ynnego Guya Fawkesa, kt\u00f3rego maska pojawia si\u0119 w wielu znanych filmach. Rodzaj fili\u017canki \u2013 turecka. Design ka\u017cdego kubka jest ciekawy i indywidualny, kupuj\u0105c ten kubek masz pewno\u015b\u0107, \u017ce Tw\u00f3j kubek b\u0119dzie mia\u0142 niepowtarzalny [\u2026]<\/p>","protected":false},"featured_media":30378,"comment_status":"open","ping_status":"closed","template":"","meta":[],"_links":{"self":[{"href":"https:\/\/hookahshop.lt\/pl\/wp-json\/wp\/v2\/product\/30374"}],"collection":[{"href":"https:\/\/hookahshop.lt\/pl\/wp-json\/wp\/v2\/product"}],"about":[{"href":"https:\/\/hookahshop.lt\/pl\/wp-json\/wp\/v2\/types\/product"}],"replies":[{"embeddable":true,"href":"https:\/\/hookahshop.lt\/pl\/wp-json\/wp\/v2\/comments?post=30374"}],"version-history":[{"count":4,"href":"https:\/\/hookahshop.lt\/pl\/wp-json\/wp\/v2\/product\/30374\/revisions"}],"predecessor-version":[{"id":30385,"href":"https:\/\/hookahshop.lt\/pl\/wp-json\/wp\/v2\/product\/30374\/revisions\/30385"}],"wp:featuredmedia":[{"embeddable":true,"href":"https:\/\/hookahshop.lt\/pl\/wp-json\/wp\/v2\/media\/30378"}],"wp:attachment":[{"href":"https:\/\/hookahshop.lt\/pl\/wp-json\/wp\/v2\/media?parent=30374"}],"curies":[{"name":"wp","href":"https:\/\/api.w.org\/{rel}","templated":true}]}}