{"id":30418,"date":"2021-12-22T12:39:09","date_gmt":"2021-12-22T10:39:09","guid":{"rendered":"https:\/\/hookahshop.lt\/?post_type=product&#038;p=30418"},"modified":"2026-04-17T16:33:30","modified_gmt":"2026-04-17T13:33:30","slug":"kaljanas-shadows-agera-white","status":"publish","type":"product","link":"https:\/\/hookahshop.lt\/pl\/produkt\/szisza-cienie-agera-biala\/","title":{"rendered":"Fajka wodna SHADOWS Agera Bia\u0142a"},"content":{"rendered":"<h2>Fajka wodna SHADOWS Agera Bia\u0142a<\/h2>\n<p>To nowy produkt od producenta. Agera to wysokiej jako\u015bci fajka wodna wykonana wy\u0142\u0105cznie ze stali nierdzewnej. O oryginalno\u015bci \u015bwiadcz\u0105 zdobienia u podstawy, z ozdobn\u0105 blaszk\u0105 i stylowym metalowym pier\u015bcieniem po\u015brodku.<br \/>\nTalerz falisty zapobiega wydostawaniu si\u0119 w\u0119gla drzewnego podczas w\u0119dzenia, jednocze\u015bnie utrzymuj\u0105c odpowiedni\u0105 temperatur\u0119 przez ca\u0142y proces. Przy\u0142\u0105cze w\u0119\u017ca do fajki wodnej i zaw\u00f3r odpowietrzaj\u0105cy z magnesami. Magnesy na tej fajce wodnej s\u0105 wysokiej jako\u015bci, wi\u0119c nie musisz martwi\u0107 si\u0119 o ich funkcjonalno\u015b\u0107. \u015awietna fajka wodna z dyfuzorem zapewniaj\u0105cym \u0142atw\u0105 przyczepno\u015b\u0107<\/p>\n<p>Wysoko\u015b\u0107 fajki wodnej: 51 cm.<br \/>\nProducent: Rosja<\/p>\n<p>Czy masz jakie\u015b pytania? Skontaktuj si\u0119 z nami\u00a0<a href=\"https:\/\/hookahshop.lt\/pl\/lacznosc\/\">strona z kontaktami<\/a>\u00a0lub napisz do nas na adres\u00a0<a href=\"https:\/\/facebook.com\/HookahShop.lt\/\" target=\"_blank\" rel=\"noopener noreferrer\">konto na Facebooku<\/a>\u00a0a my odpowiemy na Twoj\u0105 pro\u015bb\u0119 tego samego dnia.<\/p>","protected":false},"excerpt":{"rendered":"<p>Fajka wodna SHADOWS Agera White Jest to nowy produkt producenta. Agera to wysokiej jako\u015bci fajka wodna wykonana wy\u0142\u0105cznie ze stali nierdzewnej. Oryginalno\u015bci dodaj\u0105 ozdoby u podstawy, z ozdobn\u0105 p\u0142ytk\u0105 i stylowym metalowym k\u00f3\u0142kiem po\u015brodku. P\u0142yta falista zapobiega wydostawaniu si\u0119 w\u0119gla podczas w\u0119dzenia, utrzymuj\u0105c odpowiedni\u0105 temperatur\u0119 przez ca\u0142y proces. Z\u0142\u0105cze w\u0119\u017ca do fajki wodnej i zaw\u00f3r odpowietrzaj\u0105cy z magnesami. Na tej fajce wodnej [\u2026]<\/p>","protected":false},"featured_media":30419,"comment_status":"open","ping_status":"closed","template":"","meta":[],"_links":{"self":[{"href":"https:\/\/hookahshop.lt\/pl\/wp-json\/wp\/v2\/product\/30418"}],"collection":[{"href":"https:\/\/hookahshop.lt\/pl\/wp-json\/wp\/v2\/product"}],"about":[{"href":"https:\/\/hookahshop.lt\/pl\/wp-json\/wp\/v2\/types\/product"}],"replies":[{"embeddable":true,"href":"https:\/\/hookahshop.lt\/pl\/wp-json\/wp\/v2\/comments?post=30418"}],"version-history":[{"count":3,"href":"https:\/\/hookahshop.lt\/pl\/wp-json\/wp\/v2\/product\/30418\/revisions"}],"predecessor-version":[{"id":30425,"href":"https:\/\/hookahshop.lt\/pl\/wp-json\/wp\/v2\/product\/30418\/revisions\/30425"}],"wp:featuredmedia":[{"embeddable":true,"href":"https:\/\/hookahshop.lt\/pl\/wp-json\/wp\/v2\/media\/30419"}],"wp:attachment":[{"href":"https:\/\/hookahshop.lt\/pl\/wp-json\/wp\/v2\/media?parent=30418"}],"curies":[{"name":"wp","href":"https:\/\/api.w.org\/{rel}","templated":true}]}}