{"id":30431,"date":"2021-12-22T15:46:39","date_gmt":"2021-12-22T13:46:39","guid":{"rendered":"https:\/\/hookahshop.lt\/?post_type=product&#038;p=30431"},"modified":"2026-04-14T23:29:24","modified_gmt":"2026-04-14T20:29:24","slug":"taurele-kaljanui-conceptic-cd2-blue","status":"publish","type":"product","link":"https:\/\/hookahshop.lt\/pl\/produkt\/filizanka-szisza-koncepcyjna-cd2-niebieska\/","title":{"rendered":"Kubek do fajki wodnej CONCEPTIC CD2 Blue"},"content":{"rendered":"<h2>Kubek do fajki wodnej CONCEPTIC CD2 Blue<\/h2>\n<p>To klasyczny kubek kinder killer, ale jego wn\u0119trze jest zaokr\u0105glone, bez prostych \u015bcianek. W dolnej cz\u0119\u015bci kubka znajduje si\u0119 sze\u015b\u0107 otwor\u00f3w u\u0142o\u017conych w okr\u0105g, bez otworu po\u015brodku. Takie rozmieszczenie otwor\u00f3w prowadzi do bardziej r\u00f3wnomiernego procesu palenia tytoniu. Kubek do fajki wodnej wykonany jest z bia\u0142ej gliny z dodatkiem szamotu i ciemnego pigmentu. Kubek malowany jest kolorow\u0105 szpachl\u0105, dodaj\u0105c bia\u0142e plamki. Kubek nadaje si\u0119 do u\u017cytku zar\u00f3wno z foli\u0105 jak i komor\u0105 grzewcz\u0105.<br \/>\nPojemno\u015b\u0107 mieszanki fajki wodnej: ok. 17 g.<\/p>\n<p><strong>Specyfikacje:<\/strong><br \/>\nWysoko\u015b\u0107: 94mm<br \/>\n\u015arednica (zewn\u0119trzna): 75 mm<br \/>\n\u015arednica (wewn\u0119trzna): 67 mm<br \/>\nG\u0142\u0119boko\u015b\u0107: 15 mm<br \/>\n\u015arednica otworu: 8 mm<br \/>\nIlo\u015b\u0107 otwor\u00f3w: 6 szt.<br \/>\nWaga: ok. 220g.<\/p>\n<p>Czy masz jakie\u015b pytania? Skontaktuj si\u0119 z nami\u00a0<a href=\"https:\/\/hookahshop.lt\/pl\/lacznosc\/\">strona z kontaktami<\/a>\u00a0lub napisz do nas na adres\u00a0<a href=\"https:\/\/facebook.com\/HookahShop.lt\/\" target=\"_blank\" rel=\"noopener noreferrer\">konto na Facebooku<\/a>\u00a0a my odpowiemy na Twoj\u0105 pro\u015bb\u0119 tego samego dnia.<\/p>\n<p>&nbsp;<\/p>","protected":false},"excerpt":{"rendered":"<p>Kubek na fajk\u0119 wodn\u0105 CONCEPTIC CD2 Blue To klasyczny rodzaj kubka zab\u00f3jczego, jednak jego wn\u0119trze jest zaokr\u0105glone, bez prostych \u015bcianek. W dolnej cz\u0119\u015bci kielicha znajduje si\u0119 sze\u015b\u0107 otwor\u00f3w u\u0142o\u017conych w okr\u0105g, bez otworu po\u015brodku. Dzi\u0119ki takiemu rozmieszczeniu otwor\u00f3w proces palenia tytoniu przebiega bardziej r\u00f3wnomiernie. Miska na fajk\u0119 wodn\u0105 wykonana jest z bia\u0142ej glinki z dodatkiem szamotu i ciemnego pigmentu. Kubek pomalowany jest kolorow\u0105 szpachl\u0105, dodaj\u0105c bia\u0142e plamy. [\u2026]<\/p>","protected":false},"featured_media":30435,"comment_status":"open","ping_status":"closed","template":"","meta":[],"_links":{"self":[{"href":"https:\/\/hookahshop.lt\/pl\/wp-json\/wp\/v2\/product\/30431"}],"collection":[{"href":"https:\/\/hookahshop.lt\/pl\/wp-json\/wp\/v2\/product"}],"about":[{"href":"https:\/\/hookahshop.lt\/pl\/wp-json\/wp\/v2\/types\/product"}],"replies":[{"embeddable":true,"href":"https:\/\/hookahshop.lt\/pl\/wp-json\/wp\/v2\/comments?post=30431"}],"version-history":[{"count":3,"href":"https:\/\/hookahshop.lt\/pl\/wp-json\/wp\/v2\/product\/30431\/revisions"}],"predecessor-version":[{"id":43011,"href":"https:\/\/hookahshop.lt\/pl\/wp-json\/wp\/v2\/product\/30431\/revisions\/43011"}],"wp:featuredmedia":[{"embeddable":true,"href":"https:\/\/hookahshop.lt\/pl\/wp-json\/wp\/v2\/media\/30435"}],"wp:attachment":[{"href":"https:\/\/hookahshop.lt\/pl\/wp-json\/wp\/v2\/media?parent=30431"}],"curies":[{"name":"wp","href":"https:\/\/api.w.org\/{rel}","templated":true}]}}