{"id":30447,"date":"2021-12-22T18:06:31","date_gmt":"2021-12-22T16:06:31","guid":{"rendered":"https:\/\/hookahshop.lt\/?post_type=product&#038;p=30447"},"modified":"2026-04-24T23:29:44","modified_gmt":"2026-04-24T20:29:44","slug":"individualus-kaljano-kandiklis-mun-pink","status":"publish","type":"product","link":"https:\/\/hookahshop.lt\/pl\/produkt\/niestandardowy-ustnik-do-fajki-wodnej-mun-rozowy\/","title":{"rendered":"Niestandardowy ustnik do fajki wodnej MUN r\u00f3\u017cowy"},"content":{"rendered":"<h2>Niestandardowy ustnik do fajki wodnej MUN r\u00f3\u017cowy<\/h2>\n<p>Ustnik do fajki wodnej, kt\u00f3ry emanuje luksusem i estetyk\u0105, wykonany jest z naturalnego drewna. W komplecie tasiemka na karku z logo marki i pude\u0142kiem.<\/p>\n<p>Czy masz jakie\u015b pytania? Skontaktuj si\u0119 z nami\u00a0<a href=\"https:\/\/hookahshop.lt\/pl\/lacznosc\/\">strona z kontaktami<\/a>\u00a0lub napisz do nas na adres\u00a0<a href=\"https:\/\/facebook.com\/HookahShop.lt\/\" target=\"_blank\" rel=\"noopener noreferrer\">konto na Facebooku<\/a>\u00a0a my odpowiemy na Twoj\u0105 pro\u015bb\u0119 tego samego dnia.<\/p>","protected":false},"excerpt":{"rendered":"<p>Indywidualny ustnik do fajki wodnej MUN Pink Ustnik do fajki wodnej emanuj\u0105cy luksusem i estetyk\u0105 wykonany jest z naturalnego drewna. W zestawie markowy pasek na szyj\u0119 i pude\u0142ko. Czy masz jakie\u015b pytania? Skontaktuj si\u0119 z nami na stronie kontaktowej lub napisz do nas na naszym koncie na Facebooku, a my odpowiemy na Twoj\u0105 pro\u015bb\u0119 jeszcze tego samego dnia.<\/p>","protected":false},"featured_media":30449,"comment_status":"open","ping_status":"closed","template":"","meta":[],"_links":{"self":[{"href":"https:\/\/hookahshop.lt\/pl\/wp-json\/wp\/v2\/product\/30447"}],"collection":[{"href":"https:\/\/hookahshop.lt\/pl\/wp-json\/wp\/v2\/product"}],"about":[{"href":"https:\/\/hookahshop.lt\/pl\/wp-json\/wp\/v2\/types\/product"}],"replies":[{"embeddable":true,"href":"https:\/\/hookahshop.lt\/pl\/wp-json\/wp\/v2\/comments?post=30447"}],"version-history":[{"count":3,"href":"https:\/\/hookahshop.lt\/pl\/wp-json\/wp\/v2\/product\/30447\/revisions"}],"predecessor-version":[{"id":33078,"href":"https:\/\/hookahshop.lt\/pl\/wp-json\/wp\/v2\/product\/30447\/revisions\/33078"}],"wp:featuredmedia":[{"embeddable":true,"href":"https:\/\/hookahshop.lt\/pl\/wp-json\/wp\/v2\/media\/30449"}],"wp:attachment":[{"href":"https:\/\/hookahshop.lt\/pl\/wp-json\/wp\/v2\/media?parent=30447"}],"curies":[{"name":"wp","href":"https:\/\/api.w.org\/{rel}","templated":true}]}}